{"id":267650,"date":"2026-01-14T00:41:47","date_gmt":"2026-01-13T21:41:47","guid":{"rendered":"https:\/\/baldumarket.lt\/product\/szafka-nocna-z-szuflada-kaspian-51-cm-kaszmir\/"},"modified":"2026-02-11T18:18:06","modified_gmt":"2026-02-11T15:18:06","slug":"szafka-nocna-z-szuflada-kaspian-51-cm-kaszmir","status":"publish","type":"product","link":"https:\/\/baldumarket.lt\/lt\/product\/szafka-nocna-z-szuflada-kaspian-51-cm-kaszmir\/","title":{"rendered":"KASPIAN naktinis staliukas su stal\u010diumi, 51 cm, ka\u0161myro spalvos"},"content":{"rendered":"<p>\u201eKaspian\u201c naktinis staliukas \u2013 prakti\u0161ka miegamojo detal\u0117 i\u0161 ka\u0161myro. \u201eKaspian\u201c naktinis staliukas yra funkcionalus miegamojo baldas, padedantis palaikyti tvark\u0105 ir sustiprinantis harmoning\u0105 interjero charakter\u012f. Madinga ka\u0161myro spalva suteikia subtilios elegancijos ir \u0161velnumo, kartu i\u0161likdama pakankamai universali, kad lengvai prisitaikyt\u0173 prie \u012fvairi\u0173 stili\u0173 \u2013 nuo modernaus iki skandinavi\u0161ko ir minimalistinio. Patogumas ir funkcionalumas: kompakti\u0161ka spintel\u0117s forma puikiai tinka net ir ma\u017eesniems miegamiesiems. 51 cm plo\u010dio stalvir\u0161is suteikia stabil\u0173 pagrind\u0105 naktinei lempai, knygai ar telefonui, o erdvus stal\u010dius leid\u017eia laikyti smulkius daiktus, kuriuos norite laikyti po ranka. Tai padeda i\u0161laikyti erdv\u0119 aplink lov\u0105 tvarking\u0105 ir patogi\u0105 kasdieniam naudojimui. Dizainas ir spalvos: \u201eKaspian\u201c naktinis staliukas pasi\u017eymi paprasta, nesenstan\u010dia forma, b\u016bdinga \u0161iai kolekcijai. Ka\u0161myro gaubtas suteikia baldui lengvumo ir elegancijos poj\u016bt\u012f, neu\u017ego\u017edamas interjero. \u0160is esteti\u0161kai patrauklus miegamojo aksesuaras subtiliai pagerina jo stili\u0173 ir sukuria darni\u0105 visum\u0105 su kitais baldais. Ypatyb\u0117s: kompakti\u0161kas naktinis staliukas, puikiai tinkantis miegamajam. Prakti\u0161kas, erdvus stal\u010dius smulkiems daiktams. Stabilus stalvir\u0161is lempai ir patogiems aksesuarams. Paprastas, nesenstantis \u201eKaspian\u201c kolekcijos dizainas. Pagaminta i\u0161 ka\u0161myro spalvos laminuotos plok\u0161t\u0117s. Matmenys: 51 x 40,5 x 33,5 cm. Vizualiai lengvas dizainas, neu\u017ego\u017eiantis interjero. Galima derinti su kitais \u201eKaspian\u201c kolekcijos baldais. Santrauka: \u201eKaspian\u201c naktinis staliukas derina funkcionalum\u0105, estetik\u0105 ir patvarum\u0105. Prakti\u0161kas stal\u010dius leid\u017eia lengvai sutvarkyti erdv\u0119 aplink lov\u0105, o neutrali ka\u0161myro spalva leid\u017eia sukurti ram\u0173 ir eleganti\u0161k\u0105 miegam\u0105j\u012f. Galimyb\u0117 derinti j\u012f su kitais \u201eKaspian\u201c kolekcijos baldais daro j\u012f puikiai tinkant\u012f darniai ir gerai apgalvotai erdvei.<\/p>\n<p>Prek\u0117s kodas S128-KOM1S-UKA Plotis 51 cm Gylis 40,5 cm Auk\u0161tis 33,5 cm Kolekcija Kaspian Spalva ka\u0161myro Atspalvis sm\u0117lio Stilius modernus Med\u017eiaga laminatas Dureli\u0173 skai\u010dius be dureli\u0173 Stal\u010di\u0173 skai\u010dius 1 stal\u010dius Rankena be ranken\u0117li\u0173 Gamintojas Juoda Raudona Balta Baldo tipas Komodos PVM mokestis 23%<\/p>","protected":false},"excerpt":{"rendered":"<p>\u201eKaspian\u201c naktinis staliukas \u2013 prakti\u0161ka miegamojo detal\u0117 i\u0161 ka\u0161myro. \u201eKaspian\u201c naktinis staliukas yra funkcionalus miegamojo baldas, padedantis palaikyti tvark\u0105 ir sustiprinantis harmoning\u0105 interjero charakter\u012f. Madinga ka\u0161myro spalva suteikia i\u0161d\u0117stymui subtilios elegancijos ir \u0161velnumo, kartu i\u0161likdama pakankamai universali, kad lengvai prisitaikyt\u0173 prie \u012fvairi\u0173 [\u2026]<\/p>","protected":false},"featured_media":267651,"comment_status":"open","ping_status":"open","template":"","meta":[],"product_brand":[],"product_cat":[9200,1176],"product_tag":[],"class_list":{"0":"post-267650","1":"product","2":"type-product","3":"status-publish","4":"has-post-thumbnail","6":"product_cat-black-red-white","7":"product_cat-bedside-tables","9":"first","10":"instock","11":"purchasable","12":"product-type-simple"},"_links":{"self":[{"href":"https:\/\/baldumarket.lt\/lt\/wp-json\/wp\/v2\/product\/267650","targetHints":{"allow":["GET"]}}],"collection":[{"href":"https:\/\/baldumarket.lt\/lt\/wp-json\/wp\/v2\/product"}],"about":[{"href":"https:\/\/baldumarket.lt\/lt\/wp-json\/wp\/v2\/types\/product"}],"replies":[{"embeddable":true,"href":"https:\/\/baldumarket.lt\/lt\/wp-json\/wp\/v2\/comments?post=267650"}],"wp:featuredmedia":[{"embeddable":true,"href":"https:\/\/baldumarket.lt\/lt\/wp-json\/wp\/v2\/media\/267651"}],"wp:attachment":[{"href":"https:\/\/baldumarket.lt\/lt\/wp-json\/wp\/v2\/media?parent=267650"}],"wp:term":[{"taxonomy":"product_brand","embeddable":true,"href":"https:\/\/baldumarket.lt\/lt\/wp-json\/wp\/v2\/product_brand?post=267650"},{"taxonomy":"product_cat","embeddable":true,"href":"https:\/\/baldumarket.lt\/lt\/wp-json\/wp\/v2\/product_cat?post=267650"},{"taxonomy":"product_tag","embeddable":true,"href":"https:\/\/baldumarket.lt\/lt\/wp-json\/wp\/v2\/product_tag?post=267650"}],"curies":[{"name":"wp","href":"https:\/\/api.w.org\/{rel}","templated":true}]}}