{"id":267638,"date":"2026-01-14T00:41:36","date_gmt":"2026-01-13T21:41:36","guid":{"rendered":"https:\/\/baldumarket.lt\/product\/szafka-nocna-z-szuflada-kaspian-51-cm-bialy-dab-sonoma\/"},"modified":"2026-02-11T18:18:06","modified_gmt":"2026-02-11T15:18:06","slug":"szafka-nocna-z-szuflada-kaspian-51-cm-bialy-dab-sonoma","status":"publish","type":"product","link":"https:\/\/baldumarket.lt\/lt\/product\/szafka-nocna-z-szuflada-kaspian-51-cm-bialy-dab-sonoma\/","title":{"rendered":"KASPIAN naktinis staliukas su stal\u010diumi, 51 cm, balta\/sonoma \u0105\u017euolas"},"content":{"rendered":"<p>\u201eKaspian\u201c naktinis staliukas \u2013 kompakti\u0161ko miegamojo id\u0117ja. \u201eKaspian\u201c baldai \u2013 puikus atsakymas tiems, kurie ie\u0161ko funkcionali\u0173 ir prakti\u0161k\u0173 sprendim\u0173 savo interjerui. \u201eKaspian\u201c naktinis staliukas puikiai \u012fk\u016bnija \u0161i\u0105 filosofij\u0105, si\u016blydamas kompakti\u0161k\u0105, ta\u010diau universal\u0173 miegamojo bald\u0105. Vienas i\u0161 pagrindini\u0173 \u201eKaspian\u201c naktinio staliuko privalum\u0173 yra kompakti\u0161kas dydis. \u0160is sprendimas leid\u017eia j\u012f pastatyti net ir ma\u017euose miegamuosiuose, o tai itin svarbu, kai erdv\u0117 ribota. Baldo dydis suprojektuotas taip, kad b\u016bt\u0173 u\u017etikrintas patogus naudojimas neu\u017egriozdinant kambario. Pastat\u0119 naktin\u012f staliuk\u0105 \u0161alia lovos, gausite patogi\u0105 ir funkcionali\u0105 viet\u0105 m\u0117gstamai naktinei lemputei ir stiklinei arbatos ar vandens. Tai rei\u0161kia, kad viskas, ko reikia nak\u010diai, yra lengvai pasiekiama, tod\u0117l vakaro poilsis tampa dar malonesnis. \u201eKaspian\u201c naktinio staliuko dizainas taip pat patrauklus akiai. \u0160iek tiek pastorinti \u0161onai ir vir\u0161us ne tik suteikia baldui rafinuot\u0105 i\u0161vaizd\u0105, bet ir sustiprina jo strukt\u016br\u0105. Tai rei\u0161kia, kad baldas yra atsparus mechaniniams pa\u017eeidimams ir i\u0161laikys savo vert\u0119 ilgus metus. \u201eKaspian\u201c naktinio staliuko stal\u010dius yra tikras rojus tiems, kurie vertina tvark\u0105 ir organizuotum\u0105. Jis suteikia papildomos vietos \u012fvairiems daiktams, kuriuos norite visada tur\u0117ti po ranka, pavyzd\u017eiui, knygoms, u\u017era\u0161ams ar kitiems smulkiems daiktams. Tai rei\u0161kia, kad j\u016bs\u0173 miegas nebus pertrauktas ie\u0161kant reikaling\u0173 daikt\u0173. \u201eKaspian\u201c naktinis staliukas puikiai papildo interjero dizain\u0105, dekoruot\u0105 kitais \u201eKaspian\u201c kolekcijos baldais. Lova, naktinis staliukas, komoda, veidrodis ir erdvi drabu\u017ei\u0173 spinta i\u0161 tos pa\u010dios serijos sukuria vientis\u0105 ir stiling\u0105 miegam\u0105j\u012f, kuriame kiekvienas elementas yra gerai apgalvotas ir suderintas. \u0160is sprendimas j\u016bs\u0173 miegam\u0105j\u012f padaro funkcional\u0173 ir esteti\u0161kai patraukl\u0173. Trumpai tariant, \u201eKaspian\u201c naktinis staliukas yra kompakti\u0161kas miegamojo sprendimas, puikiai derinantis funkcionalum\u0105 ir estetik\u0105. Minimalistinis dizainas, kompakti\u0161kas dydis ir auk\u0161tos kokyb\u0117s gamyba daro j\u012f puikiu pasirinkimu tiems, kurie vertina komfort\u0105 ir stili\u0173 savo miegamajame. D\u0117l \u201eKaspian\u201c naktinio staliuko j\u016bs\u0173 miegas tampa dar malonesnis, o miegamojo interjeras \u012fgauna nauj\u0105 kokyb\u0119.<\/p>\n<p>Prek\u0117s kodas S128-KOM1S-BI\/DSO Simbolis ZM EAN Plotis 51 cm Gylis 40,5 cm Auk\u0161tis 33,5 cm Kolekcija Kaspian Spalva balta\/sonoma \u0105\u017euolas Gaubtas \u0161viesus medis Stilius modernus Dureli\u0173 skai\u010dius be dureli\u0173 Stal\u010di\u0173 skai\u010dius 1 stal\u010dius Rankena be ranken\u0117li\u0173 Gamintojas Juoda Raudona Balta Baldo tipas Komodos PVM 23% EAN 5906123882859<\/p>","protected":false},"excerpt":{"rendered":"<p>\u201eKaspian\u201c naktinis staliukas \u2013 kompakti\u0161ko miegamojo id\u0117ja. \u201eKaspian\u201c baldai \u2013 puikus atsakymas tiems, kurie ie\u0161ko funkcionali\u0173 ir prakti\u0161k\u0173 sprendim\u0173 savo interjerui. \u201eKaspian\u201c naktinis staliukas puikiai \u012fk\u016bnija \u0161i\u0105 filosofij\u0105, si\u016blydamas kompakti\u0161k\u0105, ta\u010diau universal\u0173 miegamojo bald\u0105. Vienas pagrindini\u0173 \u201eKaspian\u201c naktinio staliuko privalum\u0173 yra jo kompakti\u0161kas [\u2026]<\/p>","protected":false},"featured_media":267639,"comment_status":"open","ping_status":"open","template":"","meta":[],"product_brand":[],"product_cat":[9200,1176],"product_tag":[],"class_list":{"0":"post-267638","1":"product","2":"type-product","3":"status-publish","4":"has-post-thumbnail","6":"product_cat-black-red-white","7":"product_cat-bedside-tables","9":"first","10":"instock","11":"purchasable","12":"product-type-simple"},"_links":{"self":[{"href":"https:\/\/baldumarket.lt\/lt\/wp-json\/wp\/v2\/product\/267638","targetHints":{"allow":["GET"]}}],"collection":[{"href":"https:\/\/baldumarket.lt\/lt\/wp-json\/wp\/v2\/product"}],"about":[{"href":"https:\/\/baldumarket.lt\/lt\/wp-json\/wp\/v2\/types\/product"}],"replies":[{"embeddable":true,"href":"https:\/\/baldumarket.lt\/lt\/wp-json\/wp\/v2\/comments?post=267638"}],"wp:featuredmedia":[{"embeddable":true,"href":"https:\/\/baldumarket.lt\/lt\/wp-json\/wp\/v2\/media\/267639"}],"wp:attachment":[{"href":"https:\/\/baldumarket.lt\/lt\/wp-json\/wp\/v2\/media?parent=267638"}],"wp:term":[{"taxonomy":"product_brand","embeddable":true,"href":"https:\/\/baldumarket.lt\/lt\/wp-json\/wp\/v2\/product_brand?post=267638"},{"taxonomy":"product_cat","embeddable":true,"href":"https:\/\/baldumarket.lt\/lt\/wp-json\/wp\/v2\/product_cat?post=267638"},{"taxonomy":"product_tag","embeddable":true,"href":"https:\/\/baldumarket.lt\/lt\/wp-json\/wp\/v2\/product_tag?post=267638"}],"curies":[{"name":"wp","href":"https:\/\/api.w.org\/{rel}","templated":true}]}}