{"id":267602,"date":"2026-01-14T00:41:06","date_gmt":"2026-01-13T21:41:06","guid":{"rendered":"https:\/\/baldumarket.lt\/product\/szafka-nocna-z-szuflada-i-polka-dalva-50-cm-dab-mauvella-kashmir\/"},"modified":"2026-02-11T18:18:06","modified_gmt":"2026-02-11T15:18:06","slug":"szafka-nocna-z-szuflada-i-polka-dalva-50-cm-dab-mauvella-kashmir","status":"publish","type":"product","link":"https:\/\/baldumarket.lt\/lt\/produktas\/szafka-nocna-z-szuflada-i-polka-dalva-50-cm-dab-mauvella-kashmir\/","title":{"rendered":"DALVA naktinis staliukas su stal\u010diumi ir lentyna, 50 cm, rausvai violetin\u0117\/ka\u0161myro \u0105\u017euolas"},"content":{"rendered":"<p>\u201eDalva\u201c naktinis staliukas \u2013 \u201eJapandi\u201c j\u016bs\u0173 miegamajame. Patogumas ir funkcionalumas. \u201eDalva\u201c naktinis staliukas yra prakti\u0161kas j\u016bs\u0173 miegamojo papildymas, supaprastinantis kasdien\u012f gyvenim\u0105. Kompakti\u0161ki 56,5 x 49,8 x 42 cm matmenys daro j\u012f puikiu naktiniu staliuku, ant kurio galite pasid\u0117ti lemp\u0105, knyg\u0105 ar kitus smulkius daiktus, kuriuos norite laikyti po ranka. Praktin\u0117s savyb\u0117s. \u0160is baldas turi erdv\u0173 stal\u010di\u0173 ir prakti\u0161k\u0105 lentyn\u0105, puikiai tinkan\u010di\u0105 b\u016btiniausiems daiktams laikyti. Tvirta baldin\u0117s plok\u0161t\u0117s konstrukcija garantuoja patvarum\u0105, o aliuminio rankena \u2013 patog\u0173 naudojim\u0105. \u0160i spintel\u0117 buvo sukurta galvojant apie kasdien\u012f komfort\u0105. Dizainas ir stilius. \u201eDalva\u201c naktinis staliukas \u017eavi savo \u201eJapandi\u201c stiliumi, kuriame derinamas japoni\u0161kas paprastumas su skandinavi\u0161ku jaukumu. Ka\u0161myro fasadas kartu su \u201eMauvella Oak\u201c korpusu sukuria eleganti\u0161k\u0105, nesenstan\u010di\u0105 kompozicij\u0105. Minimalistin\u0117 aliuminio rankena u\u017ebaigia i\u0161vaizd\u0105, pabr\u0117\u017edama modern\u0173 baldo charakter\u012f. Specialios savyb\u0117s: Kompakti\u0161ki matmenys: 56,5 x 49,8 x 42 cm, Prakti\u0161kas stal\u010dius ir lentyna smulkiems daiktams, Tvirta konstrukcija, pagaminta i\u0161 baldin\u0117s plok\u0161t\u0117s, Priekin\u0117 dalis: ka\u0161myro apdaila, korpusas: Mauvella \u0105\u017euolas, Aliuminio rankena \u2013 patogumas ir elegancija, Japandi stilius \u2013 paprastumas ir harmonija. Santrauka: \u201eDalva\u201c naktinis staliukas derina funkcionalum\u0105 ir minimalistin\u0119 Japandi estetik\u0105. D\u0117l kompakti\u0161k\u0173 matmen\u0173, eleganti\u0161kos apdailos ir tvirtos konstrukcijos jis taps nepakei\u010diamu j\u016bs\u0173 miegamojo elementu, u\u017etikrinan\u010diu tvark\u0105 ir darn\u0173 stili\u0173.<\/p>\n<p>Prek\u0117s kodas S640-KOM1S-DMU\/UKA Plotis 49,8 cm Gylis 42 cm Auk\u0161tis 56,5 cm Kolekcija Dalva Spalva rausvai violetin\u0117 \u0105\u017euolo\/ka\u0161myro atspalvis sm\u0117lio Stilius modernus Med\u017eiaga laminatas Dureli\u0173 skai\u010dius be dur\u0173 Stal\u010di\u0173 skai\u010dius 1 stal\u010dius Rankena su rankenomis Gamintojas Juoda Raudona Balta Baldo tipas Komodos PVM 23% EAN 5906123124379<\/p>","protected":false},"excerpt":{"rendered":"<p>\u201eDalva\u201c naktinis staliukas \u2013 \u201eJapandi\u201c j\u016bs\u0173 miegamajame. Patogumas ir funkcionalumas. \u201eDalva\u201c naktinis staliukas yra prakti\u0161kas j\u016bs\u0173 miegamojo papildymas, supaprastinantis kasdien\u012f gyvenim\u0105. D\u0117l kompakti\u0161k\u0173 56,5 x 49,8 x 42 cm matmen\u0173 jis puikiai tinka kaip naktinis staliukas, ant kurio yra vietos lempai, knygai ar kitiems smulkiems daiktams, kuriuos norite laikyti po ranka [\u2026]<\/p>","protected":false},"featured_media":267603,"comment_status":"open","ping_status":"open","template":"","meta":[],"product_brand":[],"product_cat":[9200,1176],"product_tag":[],"class_list":{"0":"post-267602","1":"product","2":"type-product","3":"status-publish","4":"has-post-thumbnail","6":"product_cat-black-red-white","7":"product_cat-bedside-tables","9":"first","10":"instock","11":"purchasable","12":"product-type-simple"},"_links":{"self":[{"href":"https:\/\/baldumarket.lt\/lt\/wp-json\/wp\/v2\/product\/267602","targetHints":{"allow":["GET"]}}],"collection":[{"href":"https:\/\/baldumarket.lt\/lt\/wp-json\/wp\/v2\/product"}],"about":[{"href":"https:\/\/baldumarket.lt\/lt\/wp-json\/wp\/v2\/types\/product"}],"replies":[{"embeddable":true,"href":"https:\/\/baldumarket.lt\/lt\/wp-json\/wp\/v2\/comments?post=267602"}],"wp:featuredmedia":[{"embeddable":true,"href":"https:\/\/baldumarket.lt\/lt\/wp-json\/wp\/v2\/media\/267603"}],"wp:attachment":[{"href":"https:\/\/baldumarket.lt\/lt\/wp-json\/wp\/v2\/media?parent=267602"}],"wp:term":[{"taxonomy":"product_brand","embeddable":true,"href":"https:\/\/baldumarket.lt\/lt\/wp-json\/wp\/v2\/product_brand?post=267602"},{"taxonomy":"product_cat","embeddable":true,"href":"https:\/\/baldumarket.lt\/lt\/wp-json\/wp\/v2\/product_cat?post=267602"},{"taxonomy":"product_tag","embeddable":true,"href":"https:\/\/baldumarket.lt\/lt\/wp-json\/wp\/v2\/product_tag?post=267602"}],"curies":[{"name":"wp","href":"https:\/\/api.w.org\/{rel}","templated":true}]}}