{"id":267598,"date":"2026-01-14T00:41:03","date_gmt":"2026-01-13T21:41:03","guid":{"rendered":"https:\/\/baldumarket.lt\/product\/szafka-nocna-z-szuflada-holten-545-cm-dab-waterford\/"},"modified":"2026-02-11T18:18:06","modified_gmt":"2026-02-11T15:18:06","slug":"szafka-nocna-z-szuflada-holten-545-cm-dab-waterford","status":"publish","type":"product","link":"https:\/\/baldumarket.lt\/lt\/produktas\/szafka-nocna-z-szuflada-holten-545-cm-dab-waterford\/","title":{"rendered":"HOLTEN naktinis staliukas su stal\u010diumi, 54,5 cm, Waterford \u0105\u017euolas"},"content":{"rendered":"<p>\u201eHolten\u201c naktinis staliukas \u2013 j\u016bs\u0173 prakti\u0161kas miegamojo palydovas. Jei projektuojate savo miegam\u0105j\u012f, negalite pamir\u0161ti apie prakti\u0161kus baldus, kurie palengvins j\u016bs\u0173 kasdienyb\u0119. \u201eHolten\u201c naktinis staliukas, priklausantis moderniai \u201eHolten\u201c kolekcijai, yra puikus j\u016bs\u0173 miegamojo papildymas, suteikiantis elegancijos ir kartu u\u017etikrinantis b\u016btiniausi\u0173 daikt\u0173 laikym\u0105. Funkcinis dizainas: \u201eHolten\u201c naktinis staliukas sukurtas atsi\u017evelgiant \u012f kasdien\u012f naudojim\u0105. Jo vir\u0161uje yra vietos stiklinei vandens, \u017eadintuvui ir naktinei lempai, kad rytai ir vakarai b\u016bt\u0173 patog\u016bs ir funkcional\u016bs. Be to, atvira lentyna yra puiki vieta j\u016bs\u0173 telefonui, kuris visada yra po ranka, o kompakti\u0161kas stal\u010dius leid\u017eia laikyti \u012fkroviklius ir kitus smulkius daiktus, kad j\u016bs\u0173 miegamasis b\u016bt\u0173 tvarkingas. \u201eHolten\u201c naktinis staliukas yra padengtas \u201eWaterford Oak\u201c apdaila su i\u0161skirtiniu medienos ra\u0161tu. \u0160i nat\u016bralios medienos i\u0161vaizda suteikia baldui charakterio ir paver\u010dia j\u012f svarbiu j\u016bs\u0173 miegamojo dizaino elementu. Pastorintos korpuso lentos puikiai \u012fr\u0117mina lyg\u0173 priekin\u012f pavir\u0161i\u0173, suteikdamos baldui elegancijos. \u201eHolten\u201c naktinis staliukas yra dviej\u0173 spalv\u0173: balta \/ \u201eWatan Oak\u201c \/ blizgi balta ir \u201eWaterford Oak\u201c. Tai leid\u017eia jums priderinti bald\u0105 prie savo asmeninio skonio ir miegamojo dizaino stiliaus. Miegamajame labai svarbus formos ir strukt\u016bros nuoseklumas. \u201eHolten\u201c naktinis staliukas yra puikus sprendimas, papildantis kitus \u201eHolten\u201c kolekcijos elementus. Tai leid\u017eia sukurti harmoning\u0105 poilsio erdv\u0119, kurioje visi elementai puikiai dera tarpusavyje. Trumpai tariant, \u201eHolten\u201c naktinis staliukas yra ne tik prakti\u0161kas miegamojo baldas, bet ir dekoratyvinis elementas, pary\u0161kinantis interjero charakter\u012f. Jo funkcionalumas ir elegancija pavers j\u012f nepakei\u010diamu j\u016bs\u0173 kasdienyb\u0117s elementu. Atsipalaiduokite apsupti gra\u017ei\u0173 ir prakti\u0161k\u0173 bald\u0173 su \u201eHolten\u201c naktiniu staliuku.<\/p>\n<p>Prek\u0117s kodas S493-KOM1S-DWF Simbolis ZM EAN Plotis 54,5 cm Gylis 42 cm Auk\u0161tis 50,5 cm Kolekcija Holten Spalva Waterford \u0105\u017euolas Atspalvis tamsi mediena Stilius modernus Dureli\u0173 skai\u010dius be dur\u0173 Stal\u010di\u0173 skai\u010dius 1 stal\u010dius Rankena be ranken\u0117li\u0173 Gamintojas Juoda Raudona Balta Baldo tipas Komodos PVM 23% EAN 5906123709736<\/p>","protected":false},"excerpt":{"rendered":"<p>\u201eHolten\u201c naktinis staliukas \u2013 j\u016bs\u0173 prakti\u0161kas miegamojo palydovas. Jei projektuojate savo miegam\u0105j\u012f, negalite pamir\u0161ti prakti\u0161k\u0173 bald\u0173, kurie palengvins j\u016bs\u0173 kasdienyb\u0119. \u201eHolten\u201c naktinis staliukas, priklausantis moderniai \u201eHolten\u201c kolekcijai, yra puikus j\u016bs\u0173 miegamojo papildymas, suteikiantis elegancijos ir kartu u\u017etikrinantis viet\u0105 b\u016btiniausiems daiktams. Funkcinis dizainas: \u201eHolten\u201c naktinis staliukas yra [\u2026]<\/p>","protected":false},"featured_media":267599,"comment_status":"open","ping_status":"open","template":"","meta":[],"product_brand":[],"product_cat":[9200,1176],"product_tag":[],"class_list":{"0":"post-267598","1":"product","2":"type-product","3":"status-publish","4":"has-post-thumbnail","6":"product_cat-black-red-white","7":"product_cat-bedside-tables","9":"first","10":"instock","11":"purchasable","12":"product-type-simple"},"_links":{"self":[{"href":"https:\/\/baldumarket.lt\/lt\/wp-json\/wp\/v2\/product\/267598","targetHints":{"allow":["GET"]}}],"collection":[{"href":"https:\/\/baldumarket.lt\/lt\/wp-json\/wp\/v2\/product"}],"about":[{"href":"https:\/\/baldumarket.lt\/lt\/wp-json\/wp\/v2\/types\/product"}],"replies":[{"embeddable":true,"href":"https:\/\/baldumarket.lt\/lt\/wp-json\/wp\/v2\/comments?post=267598"}],"wp:featuredmedia":[{"embeddable":true,"href":"https:\/\/baldumarket.lt\/lt\/wp-json\/wp\/v2\/media\/267599"}],"wp:attachment":[{"href":"https:\/\/baldumarket.lt\/lt\/wp-json\/wp\/v2\/media?parent=267598"}],"wp:term":[{"taxonomy":"product_brand","embeddable":true,"href":"https:\/\/baldumarket.lt\/lt\/wp-json\/wp\/v2\/product_brand?post=267598"},{"taxonomy":"product_cat","embeddable":true,"href":"https:\/\/baldumarket.lt\/lt\/wp-json\/wp\/v2\/product_cat?post=267598"},{"taxonomy":"product_tag","embeddable":true,"href":"https:\/\/baldumarket.lt\/lt\/wp-json\/wp\/v2\/product_tag?post=267598"}],"curies":[{"name":"wp","href":"https:\/\/api.w.org\/{rel}","templated":true}]}}