{"id":267594,"date":"2026-01-14T00:40:59","date_gmt":"2026-01-13T21:40:59","guid":{"rendered":"https:\/\/baldumarket.lt\/product\/szafka-nocna-z-szuflada-holten-545-cm-bialy-dab-wotan\/"},"modified":"2026-02-11T18:18:06","modified_gmt":"2026-02-11T15:18:06","slug":"szafka-nocna-z-szuflada-holten-545-cm-bialy-dab-wotan","status":"publish","type":"product","link":"https:\/\/baldumarket.lt\/lt\/produktas\/szafka-nocna-z-szuflada-holten-545-cm-bialy-dab-wotan\/","title":{"rendered":"HOLTEN naktinis staliukas su stal\u010diumi, 54,5 cm, balta\/wotan \u0105\u017euolas"},"content":{"rendered":"<p>\u201eHolten\u201c naktinis staliukas \u2013 prakti\u0161kas sprendimas j\u016bs\u0173 miegamajam. \u012erengiant miegam\u0105j\u012f, vienas i\u0161 svarbiausi\u0173 element\u0173 yra tinkam\u0173 bald\u0173 pasirinkimas, kurie ne tik atlikt\u0173 savo paskirt\u012f, bet ir b\u016bt\u0173 stilingi bei prakti\u0161ki. \u201eHolten\u201c naktinis staliukas yra puikus kasdienio poilsio ir prakti\u0161k\u0173 miegamojo poreiki\u0173 palydovas. \u0160tai kod\u0117l jis vertas j\u016bs\u0173 d\u0117mesio: funkcionalumas yra svarbiausia: \u201eHolten\u201c naktinis staliukas buvo sukurtas galvojant apie kasdien\u012f naudojim\u0105. Jo vir\u0161uje yra vietos stiklinei vandens, \u017eadintuvui ir naktinei lempai, tod\u0117l lengva sutvarkyti lovos kampel\u012f. Atvira lentyna idealiai tinka mobiliajam telefonui laikyti, o kompakti\u0161kas stal\u010dius leid\u017eia laikyti \u012fkroviklius ir kitus smulkius daiktus. Stal\u010dius turi \u0161velniai u\u017esidaran\u010dias b\u0117geles, tod\u0117l atidaromas ir u\u017edaromas beveik tyliai. \u0160is baldas, apdailintas Waterford \u0105\u017euolu su i\u0161skirtiniu ra\u0161tu, yra ne tik prakti\u0161kas, bet ir vizualiai gra\u017eus. Med\u017eio ra\u0161tas suteikia jam nat\u016bralumo ir \u0161ilto charakterio, kuris puikiai papildo miegamojo atmosfer\u0105. Pastorintos korpuso lentjuost\u0117s suteikia stiling\u0105 r\u0117m\u0105 lygiam priekiniam pavir\u0161iui. \u201eHolten\u201c naktinis staliukas yra puikus minimalistin\u0117s formos, kuri dera prie \u012fvairi\u0173 miegamojo stili\u0173, pavyzdys. Minimalistinis dizainas leid\u017eia lengvai derinti su kitais \u201eHolten\u201c kolekcijos elementais, sukuriant darn\u0173 ir eleganti\u0161k\u0105 i\u0161d\u0117stym\u0105. Galima rinktis i\u0161 \u012fvairi\u0173 spalv\u0173: \u0161is modelis yra dviej\u0173 spalv\u0173: balta \/ \u201eWotan\u201c \u0105\u017euolas \/ blizgi balta ir \u201eWaterford\u201c \u0105\u017euolas. Tai leid\u017eia priderinti naktin\u012f staliuk\u0105 prie individuali\u0173 pageidavim\u0173 ir miegamojo stiliaus. \u201eHolten\u201c naktinis staliukas yra ne tik daikt\u0173 laikymo vieta, bet ir dekoratyvinis elementas, pary\u0161kinantis j\u016bs\u0173 miegamojo charakter\u012f. D\u0117l savo funkcionalumo ir estetikos m\u0117gausit\u0117s prakti\u0161ku sprendimu ir suteiksite savo miegamajam \u017eavesio.<\/p>\n<p>Prek\u0117s kodas S440-KOM1S\/A-BI\/DWO\/BIP Simbolis ZM EAN Plotis 54,5 cm Gylis 42 cm Auk\u0161tis 50,5 cm Kolekcija Holten Spalva balta\/wotan \u0105\u017euolas\/blizgi balta Atspalvis baltas Stilius modernus Dureli\u0173 skai\u010dius be dureli\u0173 Stal\u010di\u0173 skai\u010dius 1 stal\u010dius Rankena be ranken\u0117li\u0173 Gamintojas Juoda Raudona Balta Baldo tipas Komodos PVM 23% EAN 5906123951678<\/p>","protected":false},"excerpt":{"rendered":"<p>\u201eHolten\u201c naktinis staliukas \u2013 prakti\u0161kas sprendimas j\u016bs\u0173 miegamajam. \u012erengiant miegam\u0105j\u012f, vienas i\u0161 svarbiausi\u0173 element\u0173 yra tinkam\u0173 bald\u0173 pasirinkimas, kurie ne tik atlikt\u0173 savo paskirt\u012f, bet ir b\u016bt\u0173 stilingi bei prakti\u0161ki. \u201eHolten\u201c naktinis staliukas yra puikus kompanionas kasdieniam poilsiui ir prakti\u0161kiems miegamojo poreikiams. \u0160tai kod\u0117l jis nusipelno j\u016bs\u0173 [\u2026]<\/p>","protected":false},"featured_media":267595,"comment_status":"open","ping_status":"open","template":"","meta":[],"product_brand":[],"product_cat":[9200,1176],"product_tag":[],"class_list":{"0":"post-267594","1":"product","2":"type-product","3":"status-publish","4":"has-post-thumbnail","6":"product_cat-black-red-white","7":"product_cat-bedside-tables","9":"first","10":"instock","11":"purchasable","12":"product-type-simple"},"_links":{"self":[{"href":"https:\/\/baldumarket.lt\/lt\/wp-json\/wp\/v2\/product\/267594","targetHints":{"allow":["GET"]}}],"collection":[{"href":"https:\/\/baldumarket.lt\/lt\/wp-json\/wp\/v2\/product"}],"about":[{"href":"https:\/\/baldumarket.lt\/lt\/wp-json\/wp\/v2\/types\/product"}],"replies":[{"embeddable":true,"href":"https:\/\/baldumarket.lt\/lt\/wp-json\/wp\/v2\/comments?post=267594"}],"wp:featuredmedia":[{"embeddable":true,"href":"https:\/\/baldumarket.lt\/lt\/wp-json\/wp\/v2\/media\/267595"}],"wp:attachment":[{"href":"https:\/\/baldumarket.lt\/lt\/wp-json\/wp\/v2\/media?parent=267594"}],"wp:term":[{"taxonomy":"product_brand","embeddable":true,"href":"https:\/\/baldumarket.lt\/lt\/wp-json\/wp\/v2\/product_brand?post=267594"},{"taxonomy":"product_cat","embeddable":true,"href":"https:\/\/baldumarket.lt\/lt\/wp-json\/wp\/v2\/product_cat?post=267594"},{"taxonomy":"product_tag","embeddable":true,"href":"https:\/\/baldumarket.lt\/lt\/wp-json\/wp\/v2\/product_tag?post=267594"}],"curies":[{"name":"wp","href":"https:\/\/api.w.org\/{rel}","templated":true}]}}