{"id":267586,"date":"2026-01-14T00:40:53","date_gmt":"2026-01-13T21:40:53","guid":{"rendered":"https:\/\/baldumarket.lt\/product\/szafka-nocna-z-szuflada-frija\/"},"modified":"2026-02-11T18:18:06","modified_gmt":"2026-02-11T15:18:06","slug":"szafka-nocna-z-szuflada-frija","status":"publish","type":"product","link":"https:\/\/baldumarket.lt\/lt\/product\/szafka-nocna-z-szuflada-frija\/","title":{"rendered":"FRIJA naktinis staliukas su stal\u010diumi"},"content":{"rendered":"<p>\u201eFrija\u201c naktinis staliukas \u2013 ma\u017eas pagalbininkas miegamajame. \u201eFrija\u201c naktinis staliukas \u2013 tai \u017eavus baldas, kuris puikiai papildys skandinavi\u0161k\u0105 miegamojo dizain\u0105 ir suteiks prakti\u0161kumo. Pasirinkus \u0161\u012f ma\u017e\u0105, bet svarb\u0173 element\u0105, miegamasis ne tik esteti\u0161kai pagra\u017e\u0117s, bet ir bus prakti\u0161kas. \u201eFrija\u201c naktinio staliuko stalvir\u0161is i\u0161 \u0105\u017euolo puikiai dera su \u201eAndersen\u201c pu\u0161ies priekine dalimi ir korpusu, sukurdamas harmoning\u0105 visum\u0105. Kontrastingos metalin\u0117s ranken\u0117l\u0117s ne tik suteikia charakterio, bet ir u\u017etikrina patog\u0173 kasdien\u012f naudojim\u0105, u\u017etikrindamos ilgaam\u017ei\u0161kum\u0105. \u201eFrija\u201c naktinis staliukas buvo kruop\u0161\u010diai suprojektuotas atsi\u017evelgiant \u012f prakti\u0161kum\u0105. Erdvus stal\u010dius turi \u0161velniai u\u017esidaran\u010dias b\u0117geles, kurios leid\u017eia tyliai veikti \u2013 tai ypa\u010d svarbu nakt\u012f ar v\u0117lai vakare, kai norite netrukdyti \u0161eimos nari\u0173 miego. Stabilus \u201eFrija\u201c naktinio staliuko stalvir\u0161is yra ideali vieta lempai, \u017eadintuvui ar stiklin\u0117ms, o lentyn\u0117l\u0117 apa\u010dioje leid\u017eia patogiai laikyti telefon\u0105 ar plan\u0161etin\u012f kompiuter\u012f. Stal\u010dius taip pat gali b\u016bti naudojamas kaip mini knyg\u0173 lentyna. D\u0117l \u0161io ma\u017eo baldo funkcini\u0173 savybi\u0173 viskas lengvai pasiekiama, tod\u0117l u\u017emigti ir pabusti daug lengviau. Paprasta forma, subtilumas ir i\u0161skirtinis \u201eFrija\u201c naktinio stalelio prakti\u0161kumas pavers j\u016bs\u0173 miegam\u0105j\u012f tobula vieta atsipalaiduoti. Sukurkite savo svajoni\u0173 miegam\u0105j\u012f su kitais \u201eFrija\u201c serijos baldais ir m\u0117gaukit\u0117s puikia miego kokybe.<\/p>\n<p>Prek\u0117s kodas S611-KOM1S-APW\/DASN Simbolis ZM EAN Plotis 58 cm Gylis 43,5 cm Auk\u0161tis 48 cm Kolekcija Frija Spalva andersen pu\u0161is balta\/artisan \u0105\u017euolas Gaubtas \u0161viesi mediena Stilius Skandinavi\u0161kas Med\u017eiaga laminatas Dureli\u0173 skai\u010dius be dur\u0173 Stal\u010di\u0173 skai\u010dius 1 stal\u010dius Rankena su rankenomis Gamintojas Juoda Raudona Balta Baldo tipas Komodos PVM 23% EAN 5906123814416<\/p>","protected":false},"excerpt":{"rendered":"<p>\u201eFrija\u201c naktinis staliukas \u2013 ma\u017eas pagalbininkas miegamajame. \u201eFrija\u201c naktinis staliukas yra \u017eavingas baldas, kuris puikiai papildys skandinavi\u0161k\u0105 miegamojo dizain\u0105 ir suteiks jam prakti\u0161kumo. Pasirinkus \u0161\u012f nedidel\u012f, bet svarb\u0173 element\u0105, miegamasis ne tik esteti\u0161kai i\u0161ry\u0161k\u0117s, bet ir bus prakti\u0161kas. \u201eFrija\u201c naktinio staliuko \u201eArtisan Oak\u201c [\u2026]<\/p>","protected":false},"featured_media":267587,"comment_status":"open","ping_status":"open","template":"","meta":[],"product_brand":[],"product_cat":[9200,1176],"product_tag":[],"class_list":{"0":"post-267586","1":"product","2":"type-product","3":"status-publish","4":"has-post-thumbnail","6":"product_cat-black-red-white","7":"product_cat-bedside-tables","9":"first","10":"instock","11":"purchasable","12":"product-type-simple"},"_links":{"self":[{"href":"https:\/\/baldumarket.lt\/lt\/wp-json\/wp\/v2\/product\/267586","targetHints":{"allow":["GET"]}}],"collection":[{"href":"https:\/\/baldumarket.lt\/lt\/wp-json\/wp\/v2\/product"}],"about":[{"href":"https:\/\/baldumarket.lt\/lt\/wp-json\/wp\/v2\/types\/product"}],"replies":[{"embeddable":true,"href":"https:\/\/baldumarket.lt\/lt\/wp-json\/wp\/v2\/comments?post=267586"}],"wp:featuredmedia":[{"embeddable":true,"href":"https:\/\/baldumarket.lt\/lt\/wp-json\/wp\/v2\/media\/267587"}],"wp:attachment":[{"href":"https:\/\/baldumarket.lt\/lt\/wp-json\/wp\/v2\/media?parent=267586"}],"wp:term":[{"taxonomy":"product_brand","embeddable":true,"href":"https:\/\/baldumarket.lt\/lt\/wp-json\/wp\/v2\/product_brand?post=267586"},{"taxonomy":"product_cat","embeddable":true,"href":"https:\/\/baldumarket.lt\/lt\/wp-json\/wp\/v2\/product_cat?post=267586"},{"taxonomy":"product_tag","embeddable":true,"href":"https:\/\/baldumarket.lt\/lt\/wp-json\/wp\/v2\/product_tag?post=267586"}],"curies":[{"name":"wp","href":"https:\/\/api.w.org\/{rel}","templated":true}]}}