{"id":267574,"date":"2026-01-14T00:40:42","date_gmt":"2026-01-13T21:40:42","guid":{"rendered":"https:\/\/baldumarket.lt\/product\/szafka-nocna-z-szuflada-forn-50-cm-bialy-polysk\/"},"modified":"2026-02-11T18:18:07","modified_gmt":"2026-02-11T15:18:07","slug":"szafka-nocna-z-szuflada-forn-50-cm-bialy-polysk","status":"publish","type":"product","link":"https:\/\/baldumarket.lt\/lt\/produktas\/szafka-nocna-z-szuflada-forn-50-cm-bialy-polysk\/","title":{"rendered":"FORN naktinis staliukas su stal\u010diumi, 50 cm, baltas blizgus"},"content":{"rendered":"<p>\u201eForn\u201c naktinis staliukas \u2013 ma\u017eas, bet itin prakti\u0161kas. J\u016bs\u0173 kambarys yra vieta, kur ilsit\u0117s, atsipalaiduosite ir pasisemsite energijos naujai dienai. \u0160tai kod\u0117l taip svarbu j\u012f apstatyti baldais, kurie ne tik atlikt\u0173 savo praktin\u0119 paskirt\u012f, bet ir suteikt\u0173 interjerui unikal\u0173 stili\u0173. \u201eForn\u201c naktinis staliukas yra puikus toki\u0173 bald\u0173 pavyzdys, kuris j\u016bs\u0173 miegam\u0105j\u012f padarys dar funkcionalesn\u012f ir eleganti\u0161kesn\u012f. Leiskite man parodyti jums visus \u0161io nepakei\u010diamo \u201eForn\u201c kolekcijos baldo privalumus. Kiekvienam miegamajam reikia naktinio staliuko, kuris atlikt\u0173 \u012fvairius tikslus. Tai vieta, kur galite pasid\u0117ti naktin\u012f staliuk\u0105, pasl\u0117pti m\u0117gstam\u0105 knyg\u0105 ir laikyti b\u016btiniausius daiktus, tokius kaip telefonas ar laikrodis. \u201eForn\u201c naktinis staliukas buvo sukurtas taip, kad unikaliai patenkint\u0173 \u0161iuos poreikius. Klasikin\u0117 jo forma derinama su moderniu dizainu ir auk\u0161tos kokyb\u0117s apdaila. Tai ne tik supaprastina kasdienyb\u0119, bet ir suteikia j\u016bs\u0173 miegamajam unikal\u0173 charakter\u012f. \u201eForn\u201c naktinis staliukas gali pasigirti daugybe praktini\u0173 savybi\u0173, kurias tikrai \u012fvertinsite, \u012fskaitant \u0161velniai u\u017esidarant\u012f stal\u010di\u0173. Tai leid\u017eia tyliai atidaryti ir u\u017edaryti stal\u010di\u0173, o tai ypa\u010d naudinga nakt\u012f, kai nenorite \u017eadinti kit\u0173 nam\u0173 \u016bkio nari\u0173. Be to, pastorintas spintel\u0117s stalvir\u0161is yra ne tik stilingas elementas, bet ir u\u017etikrina patvarum\u0105 bei tvirtum\u0105. Tai puiki vieta pasid\u0117ti naktin\u012f \u0161viestuv\u0105 ar m\u0117gstam\u0105 puodel\u012f arbatos. Unikali\u0105 \u201eForn\u201c naktinio staliuko i\u0161vaizd\u0105 pary\u0161kina subtil\u016bs frezuoti ra\u0161tai priekin\u0117je dalyje. \u0160ios detal\u0117s suteikia baldui elegancijos ir unikalaus charakterio. Jos paver\u010dia naktin\u012f staliuk\u0105 ne tik prakti\u0161ku baldu, bet ir dekoratyviniu elementu, kuris traukia ak\u012f ir suteikia \u017eavesio visam miegamajam. \u201eForn\u201c kolekcija taip pat gali pasigirti spalv\u0173 \u012fvairove, leid\u017eian\u010dia priderinti naktin\u012f staliuk\u0105 prie j\u016bs\u0173 interjero. Galima rinktis i\u0161 keturi\u0173 variant\u0173: blizgios baltos, tamsaus \u201eDelano\u201c \u0105\u017euolo \/ matin\u0117s juodos, tamsaus \u201eDelano\u201c \u0105\u017euolo \/ blizgios baltos ir blizgios baltos \/ matin\u0117s juodos. Tai rei\u0161kia, kad galite pasirinkti spalv\u0105, kuri geriausiai atitinka j\u016bs\u0173 pageidavimus ir miegamojo stili\u0173. \u201eForn\u201c naktinis staliukas yra puikus pasirinkimas tiems, kurie vertina funkcionalum\u0105 ir dizain\u0105. Jis papildys moderni\u0105 erdv\u0119, dekoruot\u0105 tamsiomis, prislopintomis spalvomis, suteikdamas jai elegancijos ir charakterio. Jis padarys j\u016bs\u0173 miegam\u0105j\u012f dar jaukesn\u012f ir funkcionalesn\u012f, teigiamai paveikdamas j\u016bs\u0173 komfort\u0105 ir kasdien\u012f gyvenim\u0105.<\/p>\n<p>Prek\u0117s kodas S471-KOM1S-BIP Simbolis ZM EAN Plotis 50 cm Gylis 42,5 cm Auk\u0161tis 42,5 cm Kolekcija Forn Spalva balta blizgi Atspalvis balta Stilius modernus Dureli\u0173 skai\u010dius be dur\u0173 Stal\u010di\u0173 skai\u010dius 1 stal\u010dius Rankena su rankenomis Gamintojas Juoda Raudona Balta Baldo tipas Komodos PVM 23% EAN 5906123705387<\/p>","protected":false},"excerpt":{"rendered":"<p>\u201eForn\u201c naktinis staliukas \u2013 ma\u017eas, bet itin prakti\u0161kas. J\u016bs\u0173 kambarys yra vieta, kur ilsit\u0117s, atsipalaiduosite ir pasisemsite energijos naujai dienai. \u0160tai kod\u0117l taip svarbu j\u012f apstatyti baldais, kurie ne tik atlikt\u0173 praktin\u0119 paskirt\u012f, bet ir suteikt\u0173 interjerui unikal\u0173 stili\u0173. \u201eForn\u201c naktinis staliukas yra [\u2026]<\/p>","protected":false},"featured_media":267575,"comment_status":"open","ping_status":"open","template":"","meta":[],"product_brand":[],"product_cat":[9200,1176],"product_tag":[],"class_list":{"0":"post-267574","1":"product","2":"type-product","3":"status-publish","4":"has-post-thumbnail","6":"product_cat-black-red-white","7":"product_cat-bedside-tables","9":"first","10":"instock","11":"purchasable","12":"product-type-simple"},"_links":{"self":[{"href":"https:\/\/baldumarket.lt\/lt\/wp-json\/wp\/v2\/product\/267574","targetHints":{"allow":["GET"]}}],"collection":[{"href":"https:\/\/baldumarket.lt\/lt\/wp-json\/wp\/v2\/product"}],"about":[{"href":"https:\/\/baldumarket.lt\/lt\/wp-json\/wp\/v2\/types\/product"}],"replies":[{"embeddable":true,"href":"https:\/\/baldumarket.lt\/lt\/wp-json\/wp\/v2\/comments?post=267574"}],"wp:featuredmedia":[{"embeddable":true,"href":"https:\/\/baldumarket.lt\/lt\/wp-json\/wp\/v2\/media\/267575"}],"wp:attachment":[{"href":"https:\/\/baldumarket.lt\/lt\/wp-json\/wp\/v2\/media?parent=267574"}],"wp:term":[{"taxonomy":"product_brand","embeddable":true,"href":"https:\/\/baldumarket.lt\/lt\/wp-json\/wp\/v2\/product_brand?post=267574"},{"taxonomy":"product_cat","embeddable":true,"href":"https:\/\/baldumarket.lt\/lt\/wp-json\/wp\/v2\/product_cat?post=267574"},{"taxonomy":"product_tag","embeddable":true,"href":"https:\/\/baldumarket.lt\/lt\/wp-json\/wp\/v2\/product_tag?post=267574"}],"curies":[{"name":"wp","href":"https:\/\/api.w.org\/{rel}","templated":true}]}}