{"id":267546,"date":"2026-01-14T00:40:16","date_gmt":"2026-01-13T21:40:16","guid":{"rendered":"https:\/\/baldumarket.lt\/product\/szafka-nocna-z-dwoma-szufladami-ostia-54-cm-dab-artisan-czarny-blask\/"},"modified":"2026-02-11T18:18:07","modified_gmt":"2026-02-11T15:18:07","slug":"szafka-nocna-z-dwoma-szufladami-ostia-54-cm-dab-artisan-czarny-blask","status":"publish","type":"product","link":"https:\/\/baldumarket.lt\/lt\/product\/szafka-nocna-z-dwoma-szufladami-ostia-54-cm-dab-artisan-czarny-blask\/","title":{"rendered":"OSTIA naktinis staliukas su dviem stal\u010diais, 54 cm, \u0105\u017euolo imitacija \/ juoda blizgi spalva"},"content":{"rendered":"<p>\u201eOstia\u201c naktinis staliukas \u2013 kompakti\u0161kas ir stilingas j\u016bs\u0173 miegamojo draugas. Jei ie\u0161kote kompakti\u0161ko, bet eleganti\u0161ko sprendimo savo miegamajam, \u201eOstia\u201c naktinis staliukas tikrai pateisins j\u016bs\u0173 l\u016bkes\u010dius. \u0160i ma\u017ea, bet labai funkcionali spintel\u0117 atitinka tvirt\u0105 stili\u0173, b\u016bding\u0105 visai \u201eOstia\u201c kolekcijai. \u010cia rasite daugiau informacijos apie \u0161\u012f unikal\u0173 bald\u0105. \u201eOstia\u201c naktinis staliukas \u2013 tai baldas, i\u0161siskiriantis paprastu dizainu ir tvirtomis detal\u0117mis. Pastorintos sienel\u0117s ir tvirtas stalvir\u0161is suteikia jam ne tik esteti\u0161k\u0105 i\u0161vaizd\u0105, bet ir ilgaam\u017ei\u0161kum\u0105. Tai puiki vieta j\u016bs\u0173 m\u0117gstamam \u017eadintuvui, naktinio staliuko lempai ar stiklinei vandens, kuri\u0105 tur\u0117tum\u0117te tur\u0117ti po ranka prie\u0161 mieg\u0105. Vienas i\u0161 pagrindini\u0173 \u0161io naktinio staliuko bruo\u017e\u0173 \u2013 du patog\u016bs stal\u010diai. \u0160iuos stal\u010dius galima naudoti \u012fvairiems daiktams, pavyzd\u017eiui, vaistams, naktinio higienos priemon\u0117ms ar paskutinei knygai laikyti. Tokiu b\u016bdu viskas, ko jums reikia ryte ar vakare, yra \u0161alia j\u016bs\u0173. Tai taip pat puiki vieta laikyti telefon\u0105 ar kitus smulkius daiktus. \u201eOstia\u201c naktinio staliuko stilius yra nesenstantis ir universalus, tod\u0117l jis puikiai tinka \u012fvairiems miegamojo dizainams. Eleganti\u0161ka meni\u0161ko \u0105\u017euolo spalva suteikia jam nat\u016brali\u0105, \u0161ilt\u0105 i\u0161vaizd\u0105. Spintel\u0119 puo\u0161ia degintos medienos spalvos juostel\u0117, suteikianti jam unikal\u0173 charakter\u012f ir kontrastuojanti su lygiais fasadais. LED juostel\u0117 dar labiau sustiprina jo stili\u0173. Visas spintel\u0117 stovi ant tvirto juodo pagrindo, suteikian\u010dio jam unikal\u0173 charakter\u012f. Komfortas taip pat yra svarbus \u0161io naktinio stalelio dizaino aspektas. Juodos ranken\u0117l\u0117s yra ne tik prakti\u0161kos, bet ir eleganti\u0161kos, suteikian\u010dios baldui unikal\u0173 charakter\u012f. Stal\u010diai turi pilno i\u0161traukimo b\u0117gelius su stal\u010di\u0173 stabd\u017eiu, tod\u0117l stal\u010diai atidaromi ir u\u017edaromi beveik be garso. \u201eOstia\u201c naktinis staliukas puikiai papildo tos pa\u010dios kolekcijos lov\u0105, sukurdamas darn\u0173 ir harmoning\u0105 miegamojo dizain\u0105. Pasirink\u0119 kitus \u201eOstia\u201c linijos elementus, sukursite unikal\u0173 ir darn\u0173 miegamojo \u012frengim\u0105, kuris d\u017eiugins savo stiliumi ir funkcionalumu. Trumpai tariant, \u201eOstia\u201c naktinis staliukas yra ne tik vieta \u017eadintuvui ar naktinei lempai; tai taip pat baldas, suteikiantis j\u016bs\u0173 miegamajam elegancijos, stiliaus ir funkcionalumo. Paprastas, bet unikalus dizainas leid\u017eia jam puikiai der\u0117ti prie \u012fvairi\u0173 interjero stili\u0173, o tvirta konstrukcija garantuoja ilgaam\u017ei\u0161kum\u0105 ilgus metus. Tai puikus pasirinkimas tiems, kurie vertina kokyb\u0119 ir estetik\u0105 savo interjere.<\/p>\n<p>Prek\u0117s kodas S467-KOM2S-DASN\/CABL Simbolis ZM EAN Plotis 54 cm Gylis 42 cm Auk\u0161tis 51,5 cm Kolekcija Ostia Spalva meni\u0161kas \u0105\u017euolas\/juoda blizgi Gaubtas \u0161viesi mediena Stilius modernus Dureli\u0173 skai\u010dius be dur\u0173 Stal\u010di\u0173 skai\u010dius 2 stal\u010diai Rankena su rankenomis Gamintojas Juoda Raudona Balta Baldo tipas Komodos PVM 23% EAN 5906123608367<\/p>","protected":false},"excerpt":{"rendered":"<p>The Ostia Nightstand \u2013 A Compact and Stylish Friend for Your Bedroom. If you&#8217;re looking for a compact yet elegant solution for your bedroom, the Ostia Nightstand will surely meet your expectations. This small yet highly functional cabinet fits the robust style that characterizes the entire Ostia collection. Here&#8217;s more information about this unique piece. [&hellip;]<\/p>","protected":false},"featured_media":267547,"comment_status":"open","ping_status":"open","template":"","meta":[],"product_brand":[],"product_cat":[9200,1176],"product_tag":[],"class_list":{"0":"post-267546","1":"product","2":"type-product","3":"status-publish","4":"has-post-thumbnail","6":"product_cat-black-red-white","7":"product_cat-bedside-tables","9":"first","10":"instock","11":"purchasable","12":"product-type-simple"},"_links":{"self":[{"href":"https:\/\/baldumarket.lt\/lt\/wp-json\/wp\/v2\/product\/267546","targetHints":{"allow":["GET"]}}],"collection":[{"href":"https:\/\/baldumarket.lt\/lt\/wp-json\/wp\/v2\/product"}],"about":[{"href":"https:\/\/baldumarket.lt\/lt\/wp-json\/wp\/v2\/types\/product"}],"replies":[{"embeddable":true,"href":"https:\/\/baldumarket.lt\/lt\/wp-json\/wp\/v2\/comments?post=267546"}],"wp:featuredmedia":[{"embeddable":true,"href":"https:\/\/baldumarket.lt\/lt\/wp-json\/wp\/v2\/media\/267547"}],"wp:attachment":[{"href":"https:\/\/baldumarket.lt\/lt\/wp-json\/wp\/v2\/media?parent=267546"}],"wp:term":[{"taxonomy":"product_brand","embeddable":true,"href":"https:\/\/baldumarket.lt\/lt\/wp-json\/wp\/v2\/product_brand?post=267546"},{"taxonomy":"product_cat","embeddable":true,"href":"https:\/\/baldumarket.lt\/lt\/wp-json\/wp\/v2\/product_cat?post=267546"},{"taxonomy":"product_tag","embeddable":true,"href":"https:\/\/baldumarket.lt\/lt\/wp-json\/wp\/v2\/product_tag?post=267546"}],"curies":[{"name":"wp","href":"https:\/\/api.w.org\/{rel}","templated":true}]}}