{"id":267538,"date":"2026-01-14T00:40:09","date_gmt":"2026-01-13T21:40:09","guid":{"rendered":"https:\/\/baldumarket.lt\/product\/szafka-nocna-z-dwoma-szufladami-azteca-trio-50-cm-bialy-bialy-polysk\/"},"modified":"2026-02-11T18:18:07","modified_gmt":"2026-02-11T15:18:07","slug":"szafka-nocna-z-dwoma-szufladami-azteca-trio-50-cm-bialy-bialy-polysk","status":"publish","type":"product","link":"https:\/\/baldumarket.lt\/lt\/product\/szafka-nocna-z-dwoma-szufladami-azteca-trio-50-cm-bialy-bialy-polysk\/","title":{"rendered":"Naktinis staliukas su dviem stal\u010diais AZTECA TRIO 50 cm balta\/balta blizgi"},"content":{"rendered":"<p>\u201eAzteca Trio\u201c naktinis staliukas \u2013 funkcionalumas ir elegancija nak\u010diai. \u201eAzteca Trio\u201c kolekcijoje si\u016blomi ne tik ra\u0161omieji stalai ir ra\u0161omieji stalai, bet ir naktiniai staliukai, kurie pad\u0117s jums i\u0161likti organizuotiems ir tur\u0117ti visk\u0105, ko reikia, ranka pasiekiamu atstumu tiek prie\u0161 mieg\u0105, tiek pabudus. \u0160is modernus ir eleganti\u0161kas baldas puikiai papildys bet kur\u012f miegam\u0105j\u012f. \u201eAzteca Trio\u201c naktinis staliukas pasi\u017eymi lygiais, apvaliais fasadais, suteikian\u010diais jam modernumo. Be to, kolekcijoje si\u016blomos trys skirtingos dekoratyvin\u0117s juostel\u0117s spalv\u0173 parinktys, leid\u017eian\u010dios pritaikyti bald\u0105 pagal savo pageidavimus ir interjero stili\u0173. Jei esate \u017emogus, kuriam da\u017enai reikia \u017eadintuvo arba negalite u\u017emigti be vakarinio skaitymo, kompakti\u0161kas \u201eAzteca Trio\u201c naktinis staliukas yra puikus sprendimas. Du stal\u010diai u\u017etikrina patikim\u0105 daikt\u0173, toki\u0173 kaip vaistai, gro\u017eio priemon\u0117s ar m\u0117gstama knyga, laikym\u0105. \u0160io baldo universalumas yra dar vienas privalumas. Naktinio staliuko korpusas ir fasadas yra balti, tod\u0117l jie dera prie \u012fvairi\u0173 miegamojo dizain\u0173. Be to, pakuot\u0117je yra dekoratyvin\u0117s juostel\u0117s, kurios leid\u017eia suteikti spintelei unikal\u0173 charakter\u012f. Galite rinktis i\u0161 trij\u0173 apdailos variant\u0173: venge \u0105\u017euolo, blizgios baltos arba blizgios juodos. Tai puikus b\u016bdas derinti baldus su kitais miegamojo elementais ir sukurti darni\u0105 visum\u0105. Renkantis miegamojo baldus, taip pat svarbu, kad jie b\u016bt\u0173 funkcional\u016bs ir patog\u016bs naudoti. \u201eAzteca Trio\u201c naktinis staliukas atitinka \u0161iuos reikalavimus d\u0117l savo \u0161velnaus u\u017edarymo b\u0117geli\u0173. \u0160ios b\u0117gel\u0117s leid\u017eia stal\u010diams skland\u017eiai ir tyliai atsidaryti ir u\u017esidaryti, o tai ypa\u010d svarbu, kai jie yra arti lovos. Jei ie\u0161kote visapusi\u0161ko miegamojo dizaino, \u201eAzteca Trio\u201c naktin\u012f staliuk\u0105 galite derinti su kitais kolekcijos baldais, pavyzd\u017eiui, lova ar spinta. Tai pad\u0117s jums sukurti darni\u0105 ir funkcionali\u0105 erdv\u0119, atitinkan\u010di\u0105 j\u016bs\u0173 poreikius ir atspindin\u010di\u0105 j\u016bs\u0173 stili\u0173. Taip pat verta pamin\u0117ti, kad kiekvienas \u201eAzteca Trio\u201c kolekcijos baldas turi dvi dekoratyvines juosteles: vien\u0105 dvipus\u0119 (blizgi balta \/ blizgi juoda) ir vien\u0105 viengub\u0105 (\u201ewenge magic\u201c). Tai puikus priedas, kuris leis jums dar labiau pritaikyti bald\u0105 pagal savo pageidavimus ir interjero stili\u0173. Trumpai tariant, \u201eAzteca Trio\u201c naktinis staliukas yra ne tik prakti\u0161kas miegamojo sprendimas, bet ir eleganti\u0161kas interjero dizaino elementas. D\u0117l funkcionalumo ir pritaikymo galimybi\u0173 galite susikurti tobul\u0105 viet\u0105 geram nakties poilsiui ir m\u0117gstamiausi\u0173 daikt\u0173 laikymui. \u0160is baldas derina stili\u0173 ir prakti\u0161kum\u0105, tod\u0117l tai puikus pasirinkimas j\u016bs\u0173 miegamajam.<\/p>\n<p>Prek\u0117s kodas S504-KOM2S\/4\/5-BI\/BIP Simbolis ZM EAN Plotis 50 cm Gylis 41 cm Auk\u0161tis 43 cm Kolekcija Azteca Trio Spalva balta\/blizgi balta Gaubtas baltas Stilius modernus Dureli\u0173 skai\u010dius be dureli\u0173 Stal\u010di\u0173 skai\u010dius 2 stal\u010diai Rankena be ranken\u0117li\u0173 Gamintojas Juoda Raudona Balta Baldo tipas Komodos PVM 23% EAN 5906123714426<\/p>","protected":false},"excerpt":{"rendered":"<p>The Azteca Trio Nightstand \u2013 Functionality and Elegance for the Night. The Azteca Trio collection offers more than just desks and desks, but also nightstands that will help you stay organized and have everything you need within reach, both before bed and after waking up. This modern and elegant piece of furniture is the perfect [&hellip;]<\/p>","protected":false},"featured_media":267539,"comment_status":"open","ping_status":"open","template":"","meta":[],"product_brand":[],"product_cat":[9200,1176],"product_tag":[],"class_list":{"0":"post-267538","1":"product","2":"type-product","3":"status-publish","4":"has-post-thumbnail","6":"product_cat-black-red-white","7":"product_cat-bedside-tables","9":"first","10":"instock","11":"purchasable","12":"product-type-simple"},"_links":{"self":[{"href":"https:\/\/baldumarket.lt\/lt\/wp-json\/wp\/v2\/product\/267538","targetHints":{"allow":["GET"]}}],"collection":[{"href":"https:\/\/baldumarket.lt\/lt\/wp-json\/wp\/v2\/product"}],"about":[{"href":"https:\/\/baldumarket.lt\/lt\/wp-json\/wp\/v2\/types\/product"}],"replies":[{"embeddable":true,"href":"https:\/\/baldumarket.lt\/lt\/wp-json\/wp\/v2\/comments?post=267538"}],"wp:featuredmedia":[{"embeddable":true,"href":"https:\/\/baldumarket.lt\/lt\/wp-json\/wp\/v2\/media\/267539"}],"wp:attachment":[{"href":"https:\/\/baldumarket.lt\/lt\/wp-json\/wp\/v2\/media?parent=267538"}],"wp:term":[{"taxonomy":"product_brand","embeddable":true,"href":"https:\/\/baldumarket.lt\/lt\/wp-json\/wp\/v2\/product_brand?post=267538"},{"taxonomy":"product_cat","embeddable":true,"href":"https:\/\/baldumarket.lt\/lt\/wp-json\/wp\/v2\/product_cat?post=267538"},{"taxonomy":"product_tag","embeddable":true,"href":"https:\/\/baldumarket.lt\/lt\/wp-json\/wp\/v2\/product_tag?post=267538"}],"curies":[{"name":"wp","href":"https:\/\/api.w.org\/{rel}","templated":true}]}}