{"id":267534,"date":"2026-01-14T00:40:06","date_gmt":"2026-01-13T21:40:06","guid":{"rendered":"https:\/\/baldumarket.lt\/product\/szafka-nocna-z-dwoma-szufladami-alameda-62-cm-bialy-polysk-dab-westminster\/"},"modified":"2026-02-11T18:18:07","modified_gmt":"2026-02-11T15:18:07","slug":"szafka-nocna-z-dwoma-szufladami-alameda-62-cm-bialy-polysk-dab-westminster","status":"publish","type":"product","link":"https:\/\/baldumarket.lt\/lt\/product\/szafka-nocna-z-dwoma-szufladami-alameda-62-cm-bialy-polysk-dab-westminster\/","title":{"rendered":"ALAMEDA 62 cm naktinis staliukas su dviem stal\u010diais, blizgi balta\/vestminsterio \u0105\u017euolas"},"content":{"rendered":"<p>\u201eAlameda\u201c naktinis staliukas \u2013 daugiau nei prakti\u0161kas miegamojo baldas. Su \u201eAlameda\u201c naktiniu staliuku galite lengvai pasiekti \u017eadintuv\u0105, telefon\u0105 ir kitus b\u016btiniausius daiktus. Tai palengvina rytin\u012f atsik\u0117lim\u0105 ir dienos planavim\u0105. Daikt\u0173 laikymas: Naktinis staliukas turi du prakti\u0161kus stal\u010dius, kuriuose galite laikyti vaistus, kosmetik\u0105 ar knygas, kurias m\u0117gstate skaityti vakare. Tai puiki vieta sutvarkyti da\u017enai pasiekiamus daiktus. Naktinio staliuko apsauga: Naktinio staliuko vir\u0161\u0173 apsaugo auk\u0161tos \u0161onin\u0117s sienel\u0117s, kurios neleid\u017eia jam nety\u010dia apvirsti net miegant. LED ap\u0161vietimas: Po staliuku esantis LED ap\u0161vietimas suteikia naktiniam staliukui modern\u0173 dizain\u0105 ir sukuria atmosferin\u012f ap\u0161vietim\u0105 miegamajame. Kontrastas tarp balto korpuso ir fasad\u0173 blizgesio bei Vestminsterio \u0105\u017euolo medienos stalvir\u0161io suteikia naktiniam staliukui eleganti\u0161k\u0105 i\u0161vaizd\u0105. Dekoratyvin\u0117 dekoracija priekyje suteikia subtilumo. \u201eAlameda\u201c naktin\u012f staliuk\u0105 galima derinti su kitais kolekcijos elementais, tod\u0117l galite sukurti darn\u0173 ir modern\u0173 miegamojo i\u0161d\u0117stym\u0105, suteikdami jam geometrin\u012f pob\u016bd\u012f. \u201eAlameda\u201c naktinis staliukas ne tik palengvina miegamojo organizavim\u0105, bet ir suteikia j\u016bs\u0173 interjerui stiliaus bei funkcionalumo. Tai puikus baldas kasdieniam naudojimui.<\/p>\n<p>Prek\u0117s kodas S420-KOM2S-BIP\/DWM\/BIP Simbolis ZM EAN Plotis 62 cm Gylis 41,5 cm Auk\u0161tis 51,5 cm Kolekcija Alameda Spalva balta blizgi \/ Vestminsterio \u0105\u017euolas \/ balta blizgi Gaubtas baltas Stilius modernus Dureli\u0173 skai\u010dius be dur\u0173 Stal\u010di\u0173 skai\u010dius 2 stal\u010diai Rankena be ranken\u0117li\u0173 Ap\u0161vietimas su ap\u0161vietimu Gamintojas Juoda Raudona Balta Baldo tipas Komodos PVM 23% EAN 5906123946407<\/p>","protected":false},"excerpt":{"rendered":"<p>The Alameda Nightstand \u2013 More Than Just a Practical Bedroom Furniture. With the Alameda Nightstand, you can keep your alarm clock, phone, and other essentials within easy reach. This makes getting up in the morning and planning your day easier. Storage: The nightstand has two practical drawers that can hold medications, cosmetics, or books you [&hellip;]<\/p>","protected":false},"featured_media":267535,"comment_status":"open","ping_status":"open","template":"","meta":[],"product_brand":[],"product_cat":[9200,1176],"product_tag":[],"class_list":{"0":"post-267534","1":"product","2":"type-product","3":"status-publish","4":"has-post-thumbnail","6":"product_cat-black-red-white","7":"product_cat-bedside-tables","9":"first","10":"instock","11":"purchasable","12":"product-type-simple"},"_links":{"self":[{"href":"https:\/\/baldumarket.lt\/lt\/wp-json\/wp\/v2\/product\/267534","targetHints":{"allow":["GET"]}}],"collection":[{"href":"https:\/\/baldumarket.lt\/lt\/wp-json\/wp\/v2\/product"}],"about":[{"href":"https:\/\/baldumarket.lt\/lt\/wp-json\/wp\/v2\/types\/product"}],"replies":[{"embeddable":true,"href":"https:\/\/baldumarket.lt\/lt\/wp-json\/wp\/v2\/comments?post=267534"}],"wp:featuredmedia":[{"embeddable":true,"href":"https:\/\/baldumarket.lt\/lt\/wp-json\/wp\/v2\/media\/267535"}],"wp:attachment":[{"href":"https:\/\/baldumarket.lt\/lt\/wp-json\/wp\/v2\/media?parent=267534"}],"wp:term":[{"taxonomy":"product_brand","embeddable":true,"href":"https:\/\/baldumarket.lt\/lt\/wp-json\/wp\/v2\/product_brand?post=267534"},{"taxonomy":"product_cat","embeddable":true,"href":"https:\/\/baldumarket.lt\/lt\/wp-json\/wp\/v2\/product_cat?post=267534"},{"taxonomy":"product_tag","embeddable":true,"href":"https:\/\/baldumarket.lt\/lt\/wp-json\/wp\/v2\/product_tag?post=267534"}],"curies":[{"name":"wp","href":"https:\/\/api.w.org\/{rel}","templated":true}]}}