{"id":267518,"date":"2026-01-14T00:39:52","date_gmt":"2026-01-13T21:39:52","guid":{"rendered":"https:\/\/baldumarket.lt\/product\/szafka-nocna-tetrix-45-cm-dab-sonoma\/"},"modified":"2026-02-11T18:18:07","modified_gmt":"2026-02-11T15:18:07","slug":"szafka-nocna-tetrix-45-cm-dab-sonoma","status":"publish","type":"product","link":"https:\/\/baldumarket.lt\/lt\/product\/szafka-nocna-tetrix-45-cm-dab-sonoma\/","title":{"rendered":"TETRIX naktinis staliukas 45 cm, Sonoma \u0105\u017euolas"},"content":{"rendered":"<p>\u201eTetrix\u201c naktinis staliukas \u2013 j\u016bs\u0173 nepakei\u010diama atrama \u0161alia lovos. Miegamasis yra vieta, kur praleid\u017eiame daug brangi\u0173 valand\u0173, tod\u0117l svarbu sukurti atmosfer\u0105, skatinan\u010di\u0105 atsipalaidavim\u0105 ir poils\u012f. \u201eTetrix\u201c naktinis staliukas yra baldas, kuris puikiai tinka \u0161iam kontekstui. Jo d\u0117ka viskas, ko jums reikia, gali b\u016bti tiesiog \u0161alia lovos, kad vakarai ir rytai b\u016bt\u0173 patogesni. Vienas i\u0161 pagrindini\u0173 \u0161io naktinio staliuko privalum\u0173 yra funkcionalus stal\u010dius. Tai puiki vieta laikyti \u012fvairius smulkius daiktus, kuriuos norite tur\u0117ti po ranka miegant ar atsik\u0117lus. Nesvarbu, ar tai \u017eadintuvas, mobilusis telefonas, televizoriaus nuotolinio valdymo pultelis ar m\u0117gstama knyga, \u201eTetrix\u201c naktinis staliukas visk\u0105 sutalpins gerai apgalvotoje erdv\u0117je. Be to, \u201eTetrix\u201c naktinis staliukas buvo sukurtas atsi\u017evelgiant \u012f modern\u0173 dizain\u0105 ir funkcionalum\u0105. Jo ranken\u0117li\u0173 neturintys fasadai ne tik suteikia elegancijos, bet ir leid\u017eia juo naudotis dar patogiau. D\u0117l \u0161ios modernios savyb\u0117s stal\u010di\u0173 galite lengvai atidaryti vienu lengvu judesiu, nereikia ie\u0161koti ir griebti tradicini\u0173 ranken\u0173. Kitas \u0161io naktinio staliuko privalumas \u2013 galim\u0173 spalv\u0173 pasirinkimas. Tai leid\u017eia j\u012f priderinti prie miegamojo interjero, nepriklausomai nuo to, ar jums labiau patinka prislopintos, klasikin\u0117s spalvos, ar ry\u0161kesni, modern\u016bs atspalviai. \u201eTetrix\u201c naktinis staliukas \u2013 tai baldas, kuris tikrai papildys bet kok\u012f interjero stili\u0173. Jei svajojate apie i\u0161baigt\u0105, darn\u0173 miegamojo dekor\u0105, tai puiki \u017einia! \u201eTetrix\u201c naktinis staliukas yra didesn\u0117s to paties pavadinimo bald\u0173 kolekcijos dalis. J\u012f galite derinti su kitais \u201eTetrix\u201c kolekcijos baldais, tokiais kaip lova, spinta ar komoda, kad sukurtum\u0117te darni\u0105 ir harmoning\u0105 miegamojo erdv\u0119. Tai u\u017etikrins, kad visas miegamasis atrodyt\u0173 tobulai, ir gal\u0117site b\u016bti tikri, kad visi baldai puikiai papildys vienas kit\u0105. Trumpai tariant, \u201eTetrix\u201c naktinis staliukas yra b\u016btinas baldas \u0161alia lovos, kuris ne tik atliks savo praktin\u0119 paskirt\u012f, bet ir pagerins modern\u0173 j\u016bs\u0173 miegamojo dizain\u0105. Su juo tur\u0117site visk\u0105, ko jums reikia, kad atsipalaiduotum\u0117te ir pails\u0117tum\u0117te. Pasirinkdami \u201eTetrix\u201c naktin\u012f staliuk\u0105, investuojate \u012f savo miegamojo komfort\u0105 ir funkcionalum\u0105, kartu kurdami harmoning\u0105 erdv\u0119 poilsiui ir miegui. Nedvejokite, \u012fsigykite \u0161\u012f nepakei\u010diam\u0105 bald\u0105 \u012f savo miegam\u0105j\u012f ir m\u0117gaukit\u0117s jo privalumais jau \u0161iandien!<\/p>\n<p>Prek\u0117s kodas S442-KOM1S-DSO Simbolis ZM EAN Plotis 45 cm Gylis 45 cm Auk\u0161tis 50,5 cm Kolekcija Tetrix Spalva sonoma \u0105\u017euolas Gaubtas \u0161viesi mediena Stilius modernus Dureli\u0173 skai\u010dius be dureli\u0173 Stal\u010di\u0173 skai\u010dius 1 stal\u010dius Rankena be ranken\u0117li\u0173 Gamintojas Juoda Raudona Balta Baldo tipas Komodos PVM 23% EAN 5906123605700<\/p>","protected":false},"excerpt":{"rendered":"<p>\u201eTetrix\u201c naktinis staliukas \u2013 j\u016bs\u0173 nepakei\u010diama atrama \u0161alia lovos. Miegamasis yra vieta, kur praleid\u017eiame daug brangi\u0173 valand\u0173, tod\u0117l svarbu sukurti atmosfer\u0105, skatinan\u010di\u0105 atsipalaidavim\u0105 ir poils\u012f. \u201eTetrix\u201c naktinis staliukas yra baldas, kuris puikiai tinka \u0161iam kontekstui. Jo d\u0117ka galite tur\u0117ti visk\u0105, ko jums reikia [\u2026]<\/p>","protected":false},"featured_media":267519,"comment_status":"open","ping_status":"open","template":"","meta":[],"product_brand":[],"product_cat":[9200,1176],"product_tag":[],"class_list":{"0":"post-267518","1":"product","2":"type-product","3":"status-publish","4":"has-post-thumbnail","6":"product_cat-black-red-white","7":"product_cat-bedside-tables","9":"first","10":"instock","11":"purchasable","12":"product-type-simple"},"_links":{"self":[{"href":"https:\/\/baldumarket.lt\/lt\/wp-json\/wp\/v2\/product\/267518","targetHints":{"allow":["GET"]}}],"collection":[{"href":"https:\/\/baldumarket.lt\/lt\/wp-json\/wp\/v2\/product"}],"about":[{"href":"https:\/\/baldumarket.lt\/lt\/wp-json\/wp\/v2\/types\/product"}],"replies":[{"embeddable":true,"href":"https:\/\/baldumarket.lt\/lt\/wp-json\/wp\/v2\/comments?post=267518"}],"wp:featuredmedia":[{"embeddable":true,"href":"https:\/\/baldumarket.lt\/lt\/wp-json\/wp\/v2\/media\/267519"}],"wp:attachment":[{"href":"https:\/\/baldumarket.lt\/lt\/wp-json\/wp\/v2\/media?parent=267518"}],"wp:term":[{"taxonomy":"product_brand","embeddable":true,"href":"https:\/\/baldumarket.lt\/lt\/wp-json\/wp\/v2\/product_brand?post=267518"},{"taxonomy":"product_cat","embeddable":true,"href":"https:\/\/baldumarket.lt\/lt\/wp-json\/wp\/v2\/product_cat?post=267518"},{"taxonomy":"product_tag","embeddable":true,"href":"https:\/\/baldumarket.lt\/lt\/wp-json\/wp\/v2\/product_tag?post=267518"}],"curies":[{"name":"wp","href":"https:\/\/api.w.org\/{rel}","templated":true}]}}