{"id":267506,"date":"2026-01-14T00:39:42","date_gmt":"2026-01-13T21:39:42","guid":{"rendered":"https:\/\/baldumarket.lt\/product\/szafka-nocna-kassel-z-szuflada-lewa-505-cm-dab-monastery\/"},"modified":"2026-02-11T18:18:07","modified_gmt":"2026-02-11T15:18:07","slug":"szafka-nocna-kassel-z-szuflada-lewa-505-cm-dab-monastery","status":"publish","type":"product","link":"https:\/\/baldumarket.lt\/lt\/product\/szafka-nocna-kassel-z-szuflada-lewa-505-cm-dab-monastery\/","title":{"rendered":"Kassel naktinis staliukas su stal\u010diumi, kairinis, 50,5 cm, vienuolyno \u0105\u017euolas"},"content":{"rendered":"<p>\u201eKassel\u201c naktinis staliukas\u201eKassel\u201c kair\u0117s pus\u0117s naktinis staliukas yra puikus sprendimas tiems, kurie vertina modern\u0173 dizain\u0105 ir funkcionalum\u0105. Jis suteikia prakti\u0161kos erdv\u0117s \u0161alia lovos, kurioje yra vietos tokiems b\u016btiniausiems daiktams kaip \u017eadintuvas, knygos ir \u017eurnalai. Pagrindin\u0117s savyb\u0117s: Modernus dizainas: Sant\u016brios, eleganti\u0161kos spintel\u0117s linijos papildo minimalistin\u012f stili\u0173. Spalvos: Ry\u0161kus juod\u0173 fasad\u0173 ir vienuolyno \u0105\u017euolo korpuso derinys suteikia charakterio. Prakti\u0161kumas: \u012erengtas stal\u010dius ir atvira lentyna patogiam daikt\u0173 laikymui. Subtili ranken\u0117l\u0117: Integruota \u012f fasado kra\u0161t\u0105, pabr\u0117\u017eianti moderni\u0105 estetik\u0105. LED ap\u0161vietimas: \u012erengtas ant skydelio vir\u0161 spintel\u0117s, valdomas jutikliniu skydeliu, suteikia \u017eavesio ir funkcionalumo, leid\u017eia patogiai naudoti spintel\u0119 net nakt\u012f. Savyb\u0117s: Kompakti\u0161kas dizainas: Idealiai tinka ma\u017eoms erdv\u0117ms, neu\u017eima daug vietos, ta\u010diau si\u016blo daug vietos daiktams laikyti. Estetika: D\u0117l modernaus dizaino spintel\u0117 puikiai dera su kitais \u201eKassel\u201c kolekcijos baldais, sukurdama darn\u0173 ir stiling\u0105 miegam\u0105j\u012f. Santrauka:<br \/>\nNaktinis staliukas \u201eKassel\u201c \u2013 puikus pasirinkimas tiems, kurie nori suderinti estetik\u0105 su funkcionalumu. D\u0117l modernaus dizaino ir praktini\u0173 savybi\u0173, toki\u0173 kaip integruotas LED ap\u0161vietimas, tai ne tik prakti\u0161kas baldas, bet ir dekoratyvus bet kurio miegamojo akcentas.<\/p>\n<p>Prek\u0117s kodas L99-KOM1S\/L-DMON\/DCA Plotis 50,5 cm Gylis 45,5 cm Auk\u0161tis 95,5 cm Kolekcija Kassel Spalva vienuolyno \u0105\u017euolas\/juodas \u0105\u017euolas Atspalvis tamsi mediena Stilius modernus Med\u017eiaga laminatas Dureli\u0173 skai\u010dius be dur\u0173 Stal\u010di\u0173 skai\u010dius 1 stal\u010dius Rankena su rankenomis Ap\u0161vietimas su ap\u0161vietimu Gamintojas Juoda Raudona Balta Baldo tipas Komodos PVM 23% EAN 5906123032780<\/p>","protected":false},"excerpt":{"rendered":"<p>\u201eKassel\u201c naktinis staliukasKair\u0117s pus\u0117s \u201eKassel\u201c naktinis staliukas yra puikus sprendimas tiems, kurie vertina modern\u0173 dizain\u0105 ir funkcionalum\u0105. Jis suteikia prakti\u0161kos erdv\u0117s \u0161alia lovos, kurioje yra vietos tokiems b\u016btiniausiems daiktams kaip \u017eadintuvas, knygos ir \u017eurnalai. Pagrindin\u0117s savyb\u0117s: Modernus dizainas: Sant\u016brios, eleganti\u0161kos spintel\u0117s linijos papildo minimalistin\u012f stili\u0173. Spalvos: Ry\u0161kios [\u2026]<\/p>","protected":false},"featured_media":267507,"comment_status":"open","ping_status":"open","template":"","meta":[],"product_brand":[],"product_cat":[9200,1176],"product_tag":[],"class_list":{"0":"post-267506","1":"product","2":"type-product","3":"status-publish","4":"has-post-thumbnail","6":"product_cat-black-red-white","7":"product_cat-bedside-tables","9":"first","10":"instock","11":"product-type-simple"},"_links":{"self":[{"href":"https:\/\/baldumarket.lt\/lt\/wp-json\/wp\/v2\/product\/267506","targetHints":{"allow":["GET"]}}],"collection":[{"href":"https:\/\/baldumarket.lt\/lt\/wp-json\/wp\/v2\/product"}],"about":[{"href":"https:\/\/baldumarket.lt\/lt\/wp-json\/wp\/v2\/types\/product"}],"replies":[{"embeddable":true,"href":"https:\/\/baldumarket.lt\/lt\/wp-json\/wp\/v2\/comments?post=267506"}],"wp:featuredmedia":[{"embeddable":true,"href":"https:\/\/baldumarket.lt\/lt\/wp-json\/wp\/v2\/media\/267507"}],"wp:attachment":[{"href":"https:\/\/baldumarket.lt\/lt\/wp-json\/wp\/v2\/media?parent=267506"}],"wp:term":[{"taxonomy":"product_brand","embeddable":true,"href":"https:\/\/baldumarket.lt\/lt\/wp-json\/wp\/v2\/product_brand?post=267506"},{"taxonomy":"product_cat","embeddable":true,"href":"https:\/\/baldumarket.lt\/lt\/wp-json\/wp\/v2\/product_cat?post=267506"},{"taxonomy":"product_tag","embeddable":true,"href":"https:\/\/baldumarket.lt\/lt\/wp-json\/wp\/v2\/product_tag?post=267506"}],"curies":[{"name":"wp","href":"https:\/\/api.w.org\/{rel}","templated":true}]}}