{"id":267502,"date":"2026-01-14T00:39:38","date_gmt":"2026-01-13T21:39:38","guid":{"rendered":"https:\/\/baldumarket.lt\/product\/szafka-nocna-hesen-60-cm-grafit-dab-artisan\/"},"modified":"2026-02-11T18:18:08","modified_gmt":"2026-02-11T15:18:08","slug":"szafka-nocna-hesen-60-cm-grafit-dab-artisan","status":"publish","type":"product","link":"https:\/\/baldumarket.lt\/lt\/product\/szafka-nocna-hesen-60-cm-grafit-dab-artisan\/","title":{"rendered":"HESEN naktinis staliukas, 60 cm, grafito spalvos\/dirbtinio \u0105\u017euolo spalvos"},"content":{"rendered":"<p>\u201eHesen\u201c naktinis staliukas \u2013 j\u016bs\u0173 nepakei\u010diama miegamojo atrama. Jei ie\u0161kote bald\u0173, kurie pad\u0117t\u0173 palaikyti tvark\u0105 ir sukurti maloni\u0105 atmosfer\u0105 miegamajame, \u201eHesen\u201c naktinis staliukas yra puikus pasirinkimas. \u0160i bald\u0173 kolekcija pasi\u017eymi paprastu, sant\u016briu dizainu ir harmoningomis spalvomis, tod\u0117l puikiai tinka \u012fvairiems interjerams, ne tik skandinavi\u0161ko ar klasikinio stiliaus. \u201eHesen\u201c naktinis staliukas yra kompakti\u0161kas ir eleganti\u0161kas baldas, kuris randa savo viet\u0105 tiesiog \u0161alia lovos. Tai puiki vieta ma\u017eam naktiniam staliukui, m\u0117gstamai knygai, \u017eadintuvui ar kitiems daiktams, kuriuos nor\u0117tum\u0117te tur\u0117ti po ranka miegamajame. Be to, naktinis staliukas gali b\u016bti naudojamas kaip vaist\u0173 ar kosmetikos, kuri\u0105 reikia naudoti prie\u0161 mieg\u0105 arba i\u0161kart po pabudimo, laikymo vieta. Ant jo vir\u0161aus lengvai telpa stiklin\u0117 vandens ir mobilusis telefonas. Kompakti\u0161ki \u201eHesen\u201c naktinio staliuko matmenys (60 x 50 cm) rei\u0161kia, kad jis neu\u017eima daug vietos, tuo pa\u010diu pasi\u017eym\u0117damas daugybe praktini\u0173 savybi\u0173. Po stalvir\u0161iu yra atviras skyrius, kuriame galite greitai pasiekti tokius daiktus kaip m\u0117gstama knyga ar \u017eurnalas. Stal\u010dius leid\u017eia laikyti ma\u017eesnius daiktus ir palaikyti tvark\u0105 miegamajame. \u0160is stal\u010dius turi pilno i\u0161traukimo b\u0117gelius, kad b\u016bt\u0173 lengva pasiekti. Subtili ir eleganti\u0161ka \u201eHesen\u201c naktinio stalelio spalv\u0173 gama puikiai tinka tiek klasikiniam, tiek prabangiam interjerui. Galite rinktis i\u0161 dviej\u0173 spalv\u0173 variant\u0173: 1. Grafito spalvos fasadai ir meni\u0161ko \u0105\u017euolo stalvir\u0161is suteikia baldui modernumo. 2. \u0160viesaus Sibiu maumed\u017eio karkas\u0173 ir Larico pu\u0161ies stalvir\u0161io derinys suteikia interjerui \u0161ilumos ir jaukumo. Apvalios ranken\u0117l\u0117s, tokios pa\u010dios kaip ir fasadai, puikiai papildo bendr\u0105 dizain\u0105, suteikdamos spintelei subtilaus \u017eavesio. \u201eHesen\u201c naktinis staliukas yra ne tik prakti\u0161kas baldas, bet ir dizaino elementas, suteikiantis miegamajam harmonijos. Jei norite i\u0161laikyti darn\u0173 dizain\u0105, galite apsvarstyti kitus \u201eHesen\u201c kolekcijos baldus. Kartu jie sukurs i\u0161baigt\u0105 ir esteti\u0161kai patraukli\u0105 miegamojo erdv\u0119, tod\u0117l kasdieniai ritualai taps dar malonesni. Leiskite \u201eHesen\u201c naktiniam staliukui lyd\u0117ti jus atsipalaidavimo akimirkomis ir palaikyti tvark\u0105 j\u016bs\u0173 asmenin\u0117je miego karalyst\u0117je.<\/p>\n<p>Prek\u0117s kodas S515-KOM1S\/5\/6-GF\/DASN Simbolis ZM EAN Plotis 60 cm Gylis 44 cm Auk\u0161tis 50 cm Kolekcija Hesen Spalva grafito\/artisan \u0105\u017euolo atspalvis grafito Skandinavi\u0161ko stiliaus Dureli\u0173 skai\u010dius be dureli\u0173 Stal\u010di\u0173 skai\u010dius 1 stal\u010dius Rankena su rankenomis Gamintojas Juoda Raudona Balta Baldo tipas Komodos PVM 23% EAN 5906123811743<\/p>","protected":false},"excerpt":{"rendered":"<p>\u201eHesen\u201c naktinis staliukas \u2013 j\u016bs\u0173 nepakei\u010diamas miegamojo baldas. Jei ie\u0161kote bald\u0173, kurie pad\u0117s palaikyti tvark\u0105 ir sukurti maloni\u0105 atmosfer\u0105 miegamajame, \u201eHesen\u201c naktinis staliukas yra puikus pasirinkimas. \u0160i bald\u0173 kolekcija pasi\u017eymi paprastu, sant\u016briu dizainu ir harmoningomis spalvomis, tod\u0117l puikiai tinka \u012fvairiems [\u2026]<\/p>","protected":false},"featured_media":267503,"comment_status":"open","ping_status":"open","template":"","meta":[],"product_brand":[],"product_cat":[9200,1176],"product_tag":[],"class_list":{"0":"post-267502","1":"product","2":"type-product","3":"status-publish","4":"has-post-thumbnail","6":"product_cat-black-red-white","7":"product_cat-bedside-tables","9":"first","10":"instock","11":"purchasable","12":"product-type-simple"},"_links":{"self":[{"href":"https:\/\/baldumarket.lt\/lt\/wp-json\/wp\/v2\/product\/267502","targetHints":{"allow":["GET"]}}],"collection":[{"href":"https:\/\/baldumarket.lt\/lt\/wp-json\/wp\/v2\/product"}],"about":[{"href":"https:\/\/baldumarket.lt\/lt\/wp-json\/wp\/v2\/types\/product"}],"replies":[{"embeddable":true,"href":"https:\/\/baldumarket.lt\/lt\/wp-json\/wp\/v2\/comments?post=267502"}],"wp:featuredmedia":[{"embeddable":true,"href":"https:\/\/baldumarket.lt\/lt\/wp-json\/wp\/v2\/media\/267503"}],"wp:attachment":[{"href":"https:\/\/baldumarket.lt\/lt\/wp-json\/wp\/v2\/media?parent=267502"}],"wp:term":[{"taxonomy":"product_brand","embeddable":true,"href":"https:\/\/baldumarket.lt\/lt\/wp-json\/wp\/v2\/product_brand?post=267502"},{"taxonomy":"product_cat","embeddable":true,"href":"https:\/\/baldumarket.lt\/lt\/wp-json\/wp\/v2\/product_cat?post=267502"},{"taxonomy":"product_tag","embeddable":true,"href":"https:\/\/baldumarket.lt\/lt\/wp-json\/wp\/v2\/product_tag?post=267502"}],"curies":[{"name":"wp","href":"https:\/\/api.w.org\/{rel}","templated":true}]}}