{"id":267486,"date":"2026-01-14T00:39:24","date_gmt":"2026-01-13T21:39:24","guid":{"rendered":"https:\/\/baldumarket.lt\/product\/szafka-na-buty-wysoka-nepo-plus-70-cm-dab-noble-dab-sonoma\/"},"modified":"2026-02-11T18:18:08","modified_gmt":"2026-02-11T15:18:08","slug":"szafka-na-buty-wysoka-nepo-plus-70-cm-dab-noble-dab-sonoma","status":"publish","type":"product","link":"https:\/\/baldumarket.lt\/lt\/product\/szafka-na-buty-wysoka-nepo-plus-70-cm-dab-noble-dab-sonoma\/","title":{"rendered":"NEPO PLUS auk\u0161ta bat\u0173 spintel\u0117 70 cm, kilnus \u0105\u017euolas\/sonoma \u0105\u017euolas"},"content":{"rendered":"<p>\u201eNepo Plus\u201c bat\u0173 spintel\u0117 \u2013 visi j\u016bs\u0173 batai. Su \u201eNepo Plus\u201c kolekcija galite lengvai susitvarkyti modern\u0173 ir funkcional\u0173 prie\u0161kambar\u012f, kuriame kiekvienas daiktas turi savo viet\u0105. Patogumas ir funkcionalumas<br \/>\n\u201eNepo Plus\u201c bat\u0173 spintel\u0117 \u2013 sprendimas didelei \u0161eimai arba tiems, kurie turi didel\u0119 bat\u0173 kolekcij\u0105. Trys atskiri skyriai leid\u017eia lengvai susisteminti daiktus \u2013 galite r\u016b\u0161iuoti batus pagal naudotoj\u0105, sezon\u0105 ar prog\u0105. Atlenkiami fasadai leid\u017eia greitai pasiekti kiekvien\u0105 skyri\u0173, o paprastos rankenos u\u017etikrina patog\u0173 naudojim\u0105. Stilius ir patvarumas.<br \/>\nPagaminta i\u0161 laminuotos bald\u0173 plok\u0161t\u0117s, spintel\u0117 pasi\u017eymi padidintu atsparumu \u012fbr\u0117\u017eimams ir temperat\u016bros poky\u010diams, tod\u0117l idealiai tinka da\u017enai naudojamoms erdv\u0117ms, tokioms kaip koridoriai. Kilmingo \u0105\u017euolo spalva su sonoma \u0105\u017euolo fasadais suteikia elegancijos ir modernaus charakterio. Ypatyb\u0117s: Trys atskiri skyriai tvarkingam bat\u0173 laikymui. Laminuotas pavir\u0161ius yra atsparesnis \u012fbr\u0117\u017eimams ir lengvai valomas. Kilmingo \u0105\u017euolo spalva su sonoma \u0105\u017euolo fasadais suteikia moderni\u0105 ir eleganti\u0161k\u0105 i\u0161vaizd\u0105. Pakreipiami fasadai ir paprastos rankenos suteikia lengv\u0105 prieig\u0105 prie turinio. Auk\u0161tas ir erdvus dizainas idealiai tinka ma\u017eesn\u0117ms erdv\u0117ms. Santrauka<br \/>\n\u201eNepo Plus\u201c bat\u0173 spintel\u0117 \u2013 prakti\u0161kas ir esteti\u0161kai patrauklus baldas, kuris pad\u0117s suvaldyti chaos\u0105 koridoriuje. D\u0117l savo funkcionalumo ir kompakti\u0161k\u0173 matmen\u0173 ji puikiai tinka net ir ma\u017eoms erdv\u0117ms. Sukurkite darn\u0173 vaizd\u0105 derindami spintel\u0119 su kitais \u201eNepo Plus\u201c kolekcijos elementais.<\/p>\n<p>Prek\u0117s kodas S435-SFB3K-DNO\/DSO Plotis 70 cm Gylis 17,5 cm Auk\u0161tis 120,5 cm Kolekcija \u201eNepo Plus\u201c Spalva kilnus \u0105\u017euolas\/sonoma \u0105\u017euolas Atspalvis tamsi mediena Stilius modernus Med\u017eiaga laminatas Dureli\u0173 skai\u010dius 3 dur\u0173 Stal\u010di\u0173 skai\u010dius be stal\u010di\u0173 Rankena su rankenomis Gamintojas Juoda Raudona Balta Baldo tipas Bat\u0173 spintel\u0117s PVM 23% EAN 5906123061568<\/p>","protected":false},"excerpt":{"rendered":"<p>\u201eNepo Plus\u201c bat\u0173 spintel\u0117 \u2013 visi j\u016bs\u0173 batai vienoje vietoje. Su \u201eNepo Plus\u201c kolekcija galite lengvai susitvarkyti modern\u0173 ir funkcional\u0173 prie\u0161kambar\u012f, kuriame kiekvienas daiktas turi savo viet\u0105. Patogumas ir funkcionalumas. \u201eNepo Plus\u201c bat\u0173 spintel\u0117 yra sprendimas didelei \u0161eimai arba tiems, kurie turi didel\u0119 bat\u0173 kolekcij\u0105. Trys atskiri skyriai [\u2026]<\/p>","protected":false},"featured_media":267487,"comment_status":"open","ping_status":"open","template":"","meta":[],"product_brand":[],"product_cat":[9200,1997],"product_tag":[],"class_list":{"0":"post-267486","1":"product","2":"type-product","3":"status-publish","4":"has-post-thumbnail","6":"product_cat-black-red-white","7":"product_cat-shoe-cabinets","9":"first","10":"instock","11":"purchasable","12":"product-type-simple"},"_links":{"self":[{"href":"https:\/\/baldumarket.lt\/lt\/wp-json\/wp\/v2\/product\/267486","targetHints":{"allow":["GET"]}}],"collection":[{"href":"https:\/\/baldumarket.lt\/lt\/wp-json\/wp\/v2\/product"}],"about":[{"href":"https:\/\/baldumarket.lt\/lt\/wp-json\/wp\/v2\/types\/product"}],"replies":[{"embeddable":true,"href":"https:\/\/baldumarket.lt\/lt\/wp-json\/wp\/v2\/comments?post=267486"}],"wp:featuredmedia":[{"embeddable":true,"href":"https:\/\/baldumarket.lt\/lt\/wp-json\/wp\/v2\/media\/267487"}],"wp:attachment":[{"href":"https:\/\/baldumarket.lt\/lt\/wp-json\/wp\/v2\/media?parent=267486"}],"wp:term":[{"taxonomy":"product_brand","embeddable":true,"href":"https:\/\/baldumarket.lt\/lt\/wp-json\/wp\/v2\/product_brand?post=267486"},{"taxonomy":"product_cat","embeddable":true,"href":"https:\/\/baldumarket.lt\/lt\/wp-json\/wp\/v2\/product_cat?post=267486"},{"taxonomy":"product_tag","embeddable":true,"href":"https:\/\/baldumarket.lt\/lt\/wp-json\/wp\/v2\/product_tag?post=267486"}],"curies":[{"name":"wp","href":"https:\/\/api.w.org\/{rel}","templated":true}]}}