{"id":267474,"date":"2026-01-14T00:39:13","date_gmt":"2026-01-13T21:39:13","guid":{"rendered":"https:\/\/baldumarket.lt\/product\/szafka-na-buty-wysoka-nepo-plus-70-cm-bialy\/"},"modified":"2026-02-11T18:18:08","modified_gmt":"2026-02-11T15:18:08","slug":"szafka-na-buty-wysoka-nepo-plus-70-cm-bialy","status":"publish","type":"product","link":"https:\/\/baldumarket.lt\/lt\/product\/szafka-na-buty-wysoka-nepo-plus-70-cm-bialy\/","title":{"rendered":"NEPO PLUS auk\u0161ta bat\u0173 spintel\u0117, 70 cm, balta"},"content":{"rendered":"<p>\u201eNepo Plus\u201c bat\u0173 spintel\u0117 \u2013 sprendimas visiems j\u016bs\u0173 sportba\u010diams. Jei turite didel\u0119 bat\u0173 kolekcij\u0105 arba didel\u0119 \u0161eim\u0105, \u017einote, kaip sunku palaikyti tvark\u0105 prie\u0161kambaryje. \u201eNepo Plus\u201c bat\u0173 spintel\u0117 \u2013 tai sprendimas, kuris pad\u0117s jums sutvarkyti batus ir palaikyti tvark\u0105 prie\u0161kambaryje. \u0160i moderni kolekcija i\u0161siskiria lengvu, kompakti\u0161ku dizainu ir puikiu meistri\u0161kumu. \u201eNepo Plus\u201c bat\u0173 spintel\u0117 \u2013 tai gerai apgalvotas baldas, padedantis palaikyti tvark\u0105 prie\u0161kambaryje. Joje yra trys atskiri skyriai, leid\u017eiantys atskirti sve\u010di\u0173 batus nuo \u0161eimos nari\u0173. Taip pat galite nuspr\u0119sti, ar norite atskirti moteri\u0161kus ir vyri\u0161kus batus, ar vaiki\u0161kus nuo sav\u0173j\u0173. Tai suteikia jums visi\u0161k\u0105 erdv\u0117s organizavimo kontrol\u0119 ir galimyb\u0119 j\u0105 pritaikyti pagal savo poreikius. \u201eNepo Plus\u201c bat\u0173 spintel\u0117 pagaminta i\u0161 laminuotos med\u017eiagos. Tai puikus pasirinkimas prie\u0161kambario baldams, nes jie yra atsparesni \u012fbr\u0117\u017eimams ir temperat\u016bros poky\u010diams. Galite b\u016bti tikri, kad baldas i\u0161laikys patraukli\u0105 i\u0161vaizd\u0105 daugel\u012f met\u0173, nepaisant kasdienio naudojimo. \u201eNepo Plus\u201c kolekcijoje si\u016blomas platus spalv\u0173 pasirinkimas, \u012fskaitant balt\u0105, Sonoma \u0105\u017euolo, wenge, vienuolyno \u0105\u017euolo ir daugel\u012f kit\u0173. Tai leid\u017eia priderinti baldus prie likusio interjero ir sukurti darn\u0173 dizain\u0105. Lengva prieiga prie bat\u0173 spintel\u0117s turinio u\u017etikrinama \u017eemyn pakreipiamais fasadais ir paprastomis rankenomis. D\u0117l to baldu naudotis itin patogu, net kai rankos u\u017eimtos. Auk\u0161ta ir erdvi \u201eNepo Plus\u201c bat\u0173 spintel\u0117 puikiai tinka net ma\u017eoms erdv\u0117ms. Kompakti\u0161kas dizainas leid\u017eia efektyviai i\u0161naudoti erdv\u0119. Jei norite sukurti visapusi\u0161k\u0105 prie\u0161kambario i\u0161planavim\u0105, apsvarstykite galimyb\u0119 derinti \u201eNepo Plus\u201c bat\u0173 spintel\u0119 su kitais kolekcijos elementais. Tai leis jums sukurti funkcionali\u0105 ir esteti\u0161kai patraukli\u0105 erdv\u0119 batams, drabu\u017eiams ir kitiems daiktams laikyti. Trumpai tariant, \u201eNepo Plus\u201c bat\u0173 spintel\u0117 yra puikus sprendimas tiems, kurie nori palaikyti tvark\u0105 savo prie\u0161kambaryje. D\u0117l savo funkcionalumo, patvarumo ir spalv\u0173 pasirinkimo \u012fvairov\u0117s \u0161is baldas puikiai pateisins j\u016bs\u0173 l\u016bkes\u010dius ir pad\u0117s palaikyti tvark\u0105 prie\u0161kambaryje. \u201eNepo Plus\u201c bat\u0173 spintel\u0117 \u2013 tik sportba\u010diai!<\/p>\n<p>Prek\u0117s kodas S435-SFB3K-BI Simbolis ZM EAN Plotis 70 cm Gylis 17,5 cm Auk\u0161tis 120,5 cm Kolekcija Nepo Plus Spalva balta Atspalvis baltas Stilius modernus Dureli\u0173 skai\u010dius 3 dur\u0173 Stal\u010di\u0173 skai\u010dius be stal\u010di\u0173 Rankena su rankenomis Gamintojas Juoda Raudona Balta Baldo tipas Bat\u0173 spintel\u0117s PVM 23% EAN 5906123950374<\/p>","protected":false},"excerpt":{"rendered":"<p>\u201eNepo Plus\u201c bat\u0173 spintel\u0117 \u2013 sprendimas visiems j\u016bs\u0173 sportba\u010diams. Jei turite didel\u0119 bat\u0173 kolekcij\u0105 arba didel\u0119 \u0161eim\u0105, \u017einote, kaip sunku palaikyti tvark\u0105 prie\u0161kambaryje. \u201eNepo Plus\u201c bat\u0173 spintel\u0117 \u2013 tai sprendimas, kuris pad\u0117s susitvarkyti batus ir palaikyti tvark\u0105 prie\u0161kambaryje. [\u2026]<\/p>","protected":false},"featured_media":267475,"comment_status":"open","ping_status":"open","template":"","meta":[],"product_brand":[],"product_cat":[9200,1997],"product_tag":[],"class_list":{"0":"post-267474","1":"product","2":"type-product","3":"status-publish","4":"has-post-thumbnail","6":"product_cat-black-red-white","7":"product_cat-shoe-cabinets","9":"first","10":"instock","11":"purchasable","12":"product-type-simple"},"_links":{"self":[{"href":"https:\/\/baldumarket.lt\/lt\/wp-json\/wp\/v2\/product\/267474","targetHints":{"allow":["GET"]}}],"collection":[{"href":"https:\/\/baldumarket.lt\/lt\/wp-json\/wp\/v2\/product"}],"about":[{"href":"https:\/\/baldumarket.lt\/lt\/wp-json\/wp\/v2\/types\/product"}],"replies":[{"embeddable":true,"href":"https:\/\/baldumarket.lt\/lt\/wp-json\/wp\/v2\/comments?post=267474"}],"wp:featuredmedia":[{"embeddable":true,"href":"https:\/\/baldumarket.lt\/lt\/wp-json\/wp\/v2\/media\/267475"}],"wp:attachment":[{"href":"https:\/\/baldumarket.lt\/lt\/wp-json\/wp\/v2\/media?parent=267474"}],"wp:term":[{"taxonomy":"product_brand","embeddable":true,"href":"https:\/\/baldumarket.lt\/lt\/wp-json\/wp\/v2\/product_brand?post=267474"},{"taxonomy":"product_cat","embeddable":true,"href":"https:\/\/baldumarket.lt\/lt\/wp-json\/wp\/v2\/product_cat?post=267474"},{"taxonomy":"product_tag","embeddable":true,"href":"https:\/\/baldumarket.lt\/lt\/wp-json\/wp\/v2\/product_tag?post=267474"}],"curies":[{"name":"wp","href":"https:\/\/api.w.org\/{rel}","templated":true}]}}