{"id":267460,"date":"2026-01-14T00:39:02","date_gmt":"2026-01-13T21:39:02","guid":{"rendered":"https:\/\/baldumarket.lt\/product\/szafka-na-buty-romance-76-cm-modrzew-sibiu-jasny-dab-sanremo-jasny\/"},"modified":"2026-02-11T18:18:08","modified_gmt":"2026-02-11T15:18:08","slug":"szafka-na-buty-romance-76-cm-modrzew-sibiu-jasny-dab-sanremo-jasny","status":"publish","type":"product","link":"https:\/\/baldumarket.lt\/lt\/product\/szafka-na-buty-romance-76-cm-modrzew-sibiu-jasny-dab-sanremo-jasny\/","title":{"rendered":"ROMANCE bat\u0173 spintel\u0117 76 cm \u0161viesus Sibiu maumedis\/\u0161viesus San Remo \u0105\u017euolas"},"content":{"rendered":"<p>\u201eRomance\u201c bat\u0173 spintel\u0117 \u2013 elegancija ir tvarka. Prie\u0161kambaris \u2013 j\u016bs\u0173 nam\u0173 puo\u0161mena, tod\u0117l verta pasir\u016bpinti estetiniu patrauklumu ir funkcionalumu. \u201eRomance\u201c kolekcija, \u012fkv\u0117pta skandinavi\u0161ko dizaino paprastumo, si\u016blo stilingus sprendimus, kurie puikiai atitiks j\u016bs\u0173 l\u016bkes\u010dius. \u201eRomance\u201c spintel\u0117 yra ne tik prakti\u0161ka bat\u0173 organizatorius, bet ir eleganti\u0161kas dekoratyvinis elementas. \u0160i spintel\u0117 puikiai tinka tiek ma\u017eiems, tiek erdviems interjerams. \u012e apa\u010di\u0105 atsidaranti spintel\u0117 palengvina bat\u0173 organizavim\u0105 ir laikym\u0105, tod\u0117l tvarkos palaikymas yra lengvas ir malonus. Spintel\u0117s vir\u0161us suteikia patogi\u0105 viet\u0105 atsis\u0117sti apsiaunant batus ar pasidedant krep\u0161\u012f, o tai dar labiau padidina jos funkcionalum\u0105. Unikalus spintel\u0117s dizainas pabr\u0117\u017eia d\u0117mes\u012f detal\u0117ms. Spintel\u0117s fasadai apdailinti \u0161viesia Sibiu maumed\u017eio spalva, suteikian\u010dia baldams lengvumo ir gaivos poj\u016bt\u012f. Sendinti fasadai kartu su San Remo \u0105\u017euolo korpuso vir\u0161utiniais ir apatiniais kra\u0161tais sukuria darni\u0105 visum\u0105. Fasad\u0173 r\u0117mai suteikia baldams charakterio, atkartoja tvirtus \u0160iaur\u0117s Europos baldus. Firminiai aksesuarai ir paprastos sidabrin\u0117s rankenos suteikia lengv\u0105 prieig\u0105 prie spintel\u0117s vidaus, suteikdamos baldams modern\u0173 ir eleganti\u0161k\u0105 vaizd\u0105. D\u0117l to spintel\u0117s funkcij\u0173 naudojimas yra patogus ir intuityvus. \u201eRomance\u201c spintel\u0117 yra vienas i\u0161 daugelio kolekcijos element\u0173, \u012f kuri\u0105 taip pat \u012feina komoda, drabu\u017ei\u0173 spinta, pakabinimo sienel\u0117 ir veidrodis. Sujunkite \u0161iuos elementus ir sukurkite ideal\u0173 prie\u0161kambar\u012f, kuriame harmonija, funkcionalumas ir stilius dera tarpusavyje. Tegul \u201eRomance\u201c spintel\u0117 tampa nepakei\u010diamu j\u016bs\u0173 prie\u0161kambario elementu, suteikian\u010diu tvarkos ir elegancijos.<\/p>\n<p>Prek\u0117s kodas S330-SFK1D-MSJ\/DSAJ Simbolis ZM EAN Plotis 76 cm Gylis 38 cm Auk\u0161tis 49 cm Kolekcija Romantika Spalva \u0161viesi Sibiu maumedis\/\u0161viesi San Remo \u0105\u017euolas Gaubtas \u0161viesi mediena Stilius modernus Med\u017eiaga laminatas Dureli\u0173 skai\u010dius 1 dur\u0173 Stal\u010di\u0173 skai\u010dius be stal\u010di\u0173 Rankena su rankenomis Gamintojas Juoda Raudona Balta Baldo tipas Bat\u0173 spintel\u0117s PVM 23% EAN 5906123925792<\/p>","protected":false},"excerpt":{"rendered":"<p>Romance Shoe Cabinet \u2013 Organization with Elegance. The hallway is the showpiece of your home, so it&#8217;s worth ensuring aesthetic appeal and functionality. The Romance collection, inspired by the simplicity of Scandinavian design, offers stylish solutions that will perfectly match your expectations. The Romance cabinet is not only a practical shoe organizer but also an [&hellip;]<\/p>","protected":false},"featured_media":267461,"comment_status":"open","ping_status":"open","template":"","meta":[],"product_brand":[],"product_cat":[9200,1997],"product_tag":[],"class_list":{"0":"post-267460","1":"product","2":"type-product","3":"status-publish","4":"has-post-thumbnail","6":"product_cat-black-red-white","7":"product_cat-shoe-cabinets","9":"first","10":"instock","11":"purchasable","12":"product-type-simple"},"_links":{"self":[{"href":"https:\/\/baldumarket.lt\/lt\/wp-json\/wp\/v2\/product\/267460","targetHints":{"allow":["GET"]}}],"collection":[{"href":"https:\/\/baldumarket.lt\/lt\/wp-json\/wp\/v2\/product"}],"about":[{"href":"https:\/\/baldumarket.lt\/lt\/wp-json\/wp\/v2\/types\/product"}],"replies":[{"embeddable":true,"href":"https:\/\/baldumarket.lt\/lt\/wp-json\/wp\/v2\/comments?post=267460"}],"wp:featuredmedia":[{"embeddable":true,"href":"https:\/\/baldumarket.lt\/lt\/wp-json\/wp\/v2\/media\/267461"}],"wp:attachment":[{"href":"https:\/\/baldumarket.lt\/lt\/wp-json\/wp\/v2\/media?parent=267460"}],"wp:term":[{"taxonomy":"product_brand","embeddable":true,"href":"https:\/\/baldumarket.lt\/lt\/wp-json\/wp\/v2\/product_brand?post=267460"},{"taxonomy":"product_cat","embeddable":true,"href":"https:\/\/baldumarket.lt\/lt\/wp-json\/wp\/v2\/product_cat?post=267460"},{"taxonomy":"product_tag","embeddable":true,"href":"https:\/\/baldumarket.lt\/lt\/wp-json\/wp\/v2\/product_tag?post=267460"}],"curies":[{"name":"wp","href":"https:\/\/api.w.org\/{rel}","templated":true}]}}