{"id":267453,"date":"2026-01-14T00:38:56","date_gmt":"2026-01-13T21:38:56","guid":{"rendered":"https:\/\/baldumarket.lt\/product\/szafka-na-buty-niska-nepo-plus-70-cm-dab-noble-bialy\/"},"modified":"2026-02-11T18:18:08","modified_gmt":"2026-02-11T15:18:08","slug":"szafka-na-buty-niska-nepo-plus-70-cm-dab-noble-bialy","status":"publish","type":"product","link":"https:\/\/baldumarket.lt\/lt\/product\/szafka-na-buty-niska-nepo-plus-70-cm-dab-noble-bialy\/","title":{"rendered":"\u017dema bat\u0173 spintel\u0117 NEPO PLUS 70 cm, kilnus \u0105\u017euolas\/balta"},"content":{"rendered":"<p>\u201eNepo Plus\u201c bat\u0173 spintel\u0117 \u2013 patogi ir stilinga bat\u0173 organizavimo sistema. Su \u201eNepo Plus\u201c kolekcija galite susikurti modern\u0173 prie\u0161kambar\u012f, kupin\u0105 funkcionali\u0173 sprendim\u0173 ir lengvos estetikos. Patogumas ir funkcionalumas<br \/>\n\u201eNepo Plus\u201c bat\u0173 spintel\u0117 \u2013 puikus sprendimas tiems, kurie vertina tvark\u0105 ir prakti\u0161kum\u0105. \u017demyn pakreipiama priekin\u0117 dalis leid\u017eia lengvai pasiekti m\u0117gstamiausius batus, juos i\u0161laikant pasl\u0117ptus. \u0160is baldas u\u017etikrina patog\u0173 bat\u0173 laikym\u0105, kad jie visada b\u016bt\u0173 po ranka. Stilius ir patvarumas<br \/>\nLaminuotas pavir\u0161ius spintel\u0119 padaro atspari\u0105 \u012fbr\u0117\u017eimams ir temperat\u016bros svyravimams, tod\u0117l ji puikiai tinka da\u017enai lankomoms patalpoms, tokioms kaip koridoriai. Modernus kilnaus \u0105\u017euolo ir balt\u0173 fasad\u0173 spalv\u0173 derinys pabr\u0117\u017eia eleganti\u0161k\u0105 bald\u0173 i\u0161vaizd\u0105 ir palengvina j\u0173 integravim\u0105 \u012f \u012fvairius interjero dizainus. Ypatingos savyb\u0117s: atlenkiamas fasadas leid\u017eia lengvai pasiekti turin\u012f. Laminuotas pavir\u0161ius yra atsparus \u012fbr\u0117\u017eimams ir lengvai valomas. Kilnaus \u0105\u017euolo spalva su baltais fasadais suteikia moderni\u0105 ir eleganti\u0161k\u0105 i\u0161vaizd\u0105. Kompakti\u0161ki matmenys \u2013 idealiai tinka ma\u017eoms erdv\u0117ms, taip pat puikiai tinka kaip vaiko s\u0117dyn\u0117. Moduli\u0161kumas \u2013 galima derinti su veidrod\u017eiu, kabykla ir kitais \u201eNepo Plus\u201c kolekcijos elementais. Santrauka<br \/>\n\u201eNepo Plus\u201c bat\u0173 spintel\u0117 yra funkcionalus ir stilingas modernaus prie\u0161kambario papildymas. D\u0117l kompakti\u0161k\u0173 matmen\u0173 ir gerai apgalvoto dizaino ji puikiai tinka ma\u017eesn\u0117ms erdv\u0117ms. Kartu su kitais \u201eNepo Plus\u201c kolekcijos moduliais ji pad\u0117s sukurti ergonomi\u0161k\u0105 ir esteti\u0161kai patraukl\u0173 i\u0161d\u0117stym\u0105.<\/p>\n<p>Prek\u0117s kodas S435-SFK1K-DNO\/BI Plotis 70 cm Gylis 34 cm Auk\u0161tis 50,5 cm Kolekcija \u201eNepo Plus\u201c Spalva kilnus \u0105\u017euolas\/balta Atspalvis tamsi mediena Stilius modernus Med\u017eiaga laminatas Dureli\u0173 skai\u010dius 1 dur\u0173 Stal\u010di\u0173 skai\u010dius be stal\u010di\u0173 Rankena su rankenomis Gamintojas Juoda Raudona Balta Baldo tipas Bat\u0173 spintel\u0117s PVM 23% EAN 5906123061582<\/p>","protected":false},"excerpt":{"rendered":"<p>\u201eNepo Plus\u201c bat\u0173 spintel\u0117 \u2013 patogi ir stilinga bat\u0173 organizavimo sistema. Su \u201eNepo Plus\u201c kolekcija galite susikurti modern\u0173 prie\u0161kambar\u012f, kupin\u0105 funkcionali\u0173 sprendim\u0173 ir lengvos estetikos. Patogumas ir funkcionalumas. \u201eNepo Plus\u201c bat\u0173 spintel\u0117 yra puikus sprendimas tiems, kurie vertina tvark\u0105 ir prakti\u0161kum\u0105. \u017demyn pakreipiama priekin\u0117 dalis leid\u017eia lengvai [\u2026]<\/p>","protected":false},"featured_media":267454,"comment_status":"open","ping_status":"open","template":"","meta":[],"product_brand":[],"product_cat":[9200,1997],"product_tag":[],"class_list":{"0":"post-267453","1":"product","2":"type-product","3":"status-publish","4":"has-post-thumbnail","6":"product_cat-black-red-white","7":"product_cat-shoe-cabinets","9":"first","10":"instock","11":"purchasable","12":"product-type-simple"},"_links":{"self":[{"href":"https:\/\/baldumarket.lt\/lt\/wp-json\/wp\/v2\/product\/267453","targetHints":{"allow":["GET"]}}],"collection":[{"href":"https:\/\/baldumarket.lt\/lt\/wp-json\/wp\/v2\/product"}],"about":[{"href":"https:\/\/baldumarket.lt\/lt\/wp-json\/wp\/v2\/types\/product"}],"replies":[{"embeddable":true,"href":"https:\/\/baldumarket.lt\/lt\/wp-json\/wp\/v2\/comments?post=267453"}],"wp:featuredmedia":[{"embeddable":true,"href":"https:\/\/baldumarket.lt\/lt\/wp-json\/wp\/v2\/media\/267454"}],"wp:attachment":[{"href":"https:\/\/baldumarket.lt\/lt\/wp-json\/wp\/v2\/media?parent=267453"}],"wp:term":[{"taxonomy":"product_brand","embeddable":true,"href":"https:\/\/baldumarket.lt\/lt\/wp-json\/wp\/v2\/product_brand?post=267453"},{"taxonomy":"product_cat","embeddable":true,"href":"https:\/\/baldumarket.lt\/lt\/wp-json\/wp\/v2\/product_cat?post=267453"},{"taxonomy":"product_tag","embeddable":true,"href":"https:\/\/baldumarket.lt\/lt\/wp-json\/wp\/v2\/product_tag?post=267453"}],"curies":[{"name":"wp","href":"https:\/\/api.w.org\/{rel}","templated":true}]}}