{"id":267441,"date":"2026-01-14T00:38:47","date_gmt":"2026-01-13T21:38:47","guid":{"rendered":"https:\/\/baldumarket.lt\/product\/szafka-na-buty-niska-nepo-plus-70-cm-bialy\/"},"modified":"2026-02-11T18:18:08","modified_gmt":"2026-02-11T15:18:08","slug":"szafka-na-buty-niska-nepo-plus-70-cm-bialy","status":"publish","type":"product","link":"https:\/\/baldumarket.lt\/lt\/product\/szafka-na-buty-niska-nepo-plus-70-cm-bialy\/","title":{"rendered":"\u017dema bat\u0173 spintel\u0117 NEPO PLUS 70 cm, balta"},"content":{"rendered":"<p>\u201eNepo Plus\u201c bat\u0173 spintel\u0117 \u2013 tobulas sprendimas moderniam prie\u0161kambariui. Jei svajojate apie modern\u0173 ir funkcional\u0173 prie\u0161kambar\u012f, \u201eNepo Plus\u201c kolekcija yra atsakymas \u012f j\u016bs\u0173 poreikius. \u0160i plati ir stilisti\u0161kai lengva kolekcija leid\u017eia sukurti pilnai funkcionali\u0105 erdv\u0119, puikiai pritaikyt\u0105 j\u016bs\u0173 poreikiams. Vienas i\u0161 pagrindini\u0173 prie\u0161kambario organizavimo element\u0173 yra bat\u0173 laikymas. \u201eNepo Plus\u201c bat\u0173 spintel\u0117 yra puikus sprendimas palaikyti tvark\u0105 \u0161ioje sunkiai organizuojamoje erdv\u0117je. \u0160is baldas pasi\u017eymi varstomu priekiu, leid\u017eian\u010diu lengvai pasiekti jo turin\u012f. Da\u017eniausiai naudojamus batus galite laikyti viduje, juos pasl\u0117pti. Tai puikus sprendimas norint i\u0161laikyti esteti\u0161k\u0105 prie\u0161kambar\u012f. \u201eNepo Plus\u201c bat\u0173 spintel\u0117 pagaminta i\u0161 laminuotos med\u017eiagos. \u0160is prakti\u0161kas pasirinkimas pasi\u017eymi didesniu atsparumu \u012fbr\u0117\u017eimams ir temperat\u016bros poky\u010diams. Tai u\u017etikrina, kad baldai ilgai i\u0161laikys patraukli\u0105 i\u0161vaizd\u0105, net ir intensyviai naudojant. \u201eNepo Plus\u201c kolekcija si\u016blo plat\u0173 spalv\u0173 pasirinkim\u0105, tod\u0117l galite juos priderinti prie likusio prie\u0161kambario dekoro. Galite pasirinkti spalv\u0105, kuri geriausiai papildys j\u016bs\u0173 interjero stili\u0173. Kompakti\u0161kas \u201eNepo Plus\u201c bat\u0173 spintel\u0117s dizainas puikiai tinka net ma\u017eoms erdv\u0117ms. J\u0105 taip pat galite naudoti kaip vaiko s\u0117dyn\u0119 arba viet\u0105 pails\u0117ti aunantis batus. Jei norite sukurti visapusi\u0161k\u0105 prie\u0161kambario i\u0161planavim\u0105, \u201eNepo Plus\u201c bat\u0173 spintel\u0119 galite derinti su kitais kolekcijos elementais, tokiais kaip veidrodis, palt\u0173 kabykla ar lentynos. Tai leis jums sukurti darni\u0105 ir funkcionali\u0105 erdv\u0119, kurioje viskas kontroliuojama. Trumpai tariant, \u201eNepo Plus\u201c bat\u0173 spintel\u0117 yra kompakti\u0161kas ir modernus sprendimas, puikiai atitinkantis \u0161iuolaikini\u0173 prie\u0161kambario dizaino tendencijas. D\u0117l savo funkcionalumo, patvarumo ir pritaikomumo \u012fvairiems interjero dizainams tai baldas, kuris pad\u0117s palaikyti tvark\u0105 ir estetik\u0105 j\u016bs\u0173 prie\u0161kambaryje. \u201eNepo Plus\u201c bat\u0173 spintel\u0117 \u2013 kompakti\u0161kas bat\u0173 laikymo \u012frenginys, kuris pateisins j\u016bs\u0173 l\u016bkes\u010dius.<\/p>\n<p>Prek\u0117s kodas S435-SFK1K-BI Simbolis ZM EAN Plotis 70 cm Gylis 34 cm Auk\u0161tis 50,5 cm Kolekcija Nepo Plus Spalva balta Atspalvis baltas Stilius modernus Dureli\u0173 skai\u010dius 1 dur\u0173 Stal\u010di\u0173 skai\u010dius be stal\u010di\u0173 Rankena su rankenomis Gamintojas Juoda Raudona Balta Baldo tipas Bat\u0173 spintel\u0117s PVM 23% EAN 5906123950527<\/p>","protected":false},"excerpt":{"rendered":"<p>The Nepo Plus Shoe Cabinet \u2013 the Perfect Solution for a Modern Hallway. If you dream of a modern and functional hallway, the Nepo Plus collection is the answer to your needs. This extensive and stylistically light collection allows you to create a fully functional space, perfectly tailored to your needs. One of the key [&hellip;]<\/p>","protected":false},"featured_media":267442,"comment_status":"open","ping_status":"open","template":"","meta":[],"product_brand":[],"product_cat":[9200,1997],"product_tag":[],"class_list":{"0":"post-267441","1":"product","2":"type-product","3":"status-publish","4":"has-post-thumbnail","6":"product_cat-black-red-white","7":"product_cat-shoe-cabinets","9":"first","10":"instock","11":"purchasable","12":"product-type-simple"},"_links":{"self":[{"href":"https:\/\/baldumarket.lt\/lt\/wp-json\/wp\/v2\/product\/267441","targetHints":{"allow":["GET"]}}],"collection":[{"href":"https:\/\/baldumarket.lt\/lt\/wp-json\/wp\/v2\/product"}],"about":[{"href":"https:\/\/baldumarket.lt\/lt\/wp-json\/wp\/v2\/types\/product"}],"replies":[{"embeddable":true,"href":"https:\/\/baldumarket.lt\/lt\/wp-json\/wp\/v2\/comments?post=267441"}],"wp:featuredmedia":[{"embeddable":true,"href":"https:\/\/baldumarket.lt\/lt\/wp-json\/wp\/v2\/media\/267442"}],"wp:attachment":[{"href":"https:\/\/baldumarket.lt\/lt\/wp-json\/wp\/v2\/media?parent=267441"}],"wp:term":[{"taxonomy":"product_brand","embeddable":true,"href":"https:\/\/baldumarket.lt\/lt\/wp-json\/wp\/v2\/product_brand?post=267441"},{"taxonomy":"product_cat","embeddable":true,"href":"https:\/\/baldumarket.lt\/lt\/wp-json\/wp\/v2\/product_cat?post=267441"},{"taxonomy":"product_tag","embeddable":true,"href":"https:\/\/baldumarket.lt\/lt\/wp-json\/wp\/v2\/product_tag?post=267441"}],"curies":[{"name":"wp","href":"https:\/\/api.w.org\/{rel}","templated":true}]}}