{"id":267429,"date":"2026-01-14T00:38:37","date_gmt":"2026-01-13T21:38:37","guid":{"rendered":"https:\/\/baldumarket.lt\/product\/szafka-na-buty-nepo-plus-70-cm-dab-sonoma\/"},"modified":"2026-02-11T18:18:08","modified_gmt":"2026-02-11T15:18:08","slug":"szafka-na-buty-nepo-plus-70-cm-dab-sonoma","status":"publish","type":"product","link":"https:\/\/baldumarket.lt\/lt\/product\/szafka-na-buty-nepo-plus-70-cm-dab-sonoma\/","title":{"rendered":"NEPO PLUS bat\u0173 spintel\u0117 70 cm, Sonoma \u0105\u017euolas"},"content":{"rendered":"<p>\u201eNepo Plus\u201c bat\u0173 spintel\u0117 \u2013 auk\u0161\u010diausio lygio bat\u0173 organizavimas. J\u016bs\u0173 prie\u0161kambaris yra pirmas dalykas, kur\u012f sve\u010diai pamato \u012f\u017eeng\u0119 \u012f j\u016bs\u0173 namus. Tod\u0117l svarbu, kad \u0161i erdv\u0117 b\u016bt\u0173 ne tik esteti\u0161kai patraukli, bet ir funkcionali. \u201eNepo Plus\u201c bat\u0173 spintel\u0117 yra puikus sprendimas, pad\u0117siantis tvarkingai ir tvarkingai laikyti avalyn\u0119. Vienas i\u0161 pagrindini\u0173 \u0161ios bat\u0173 spintel\u0117s privalum\u0173 \u2013 plati ir \u012fvairi kolekcija. \u201eNepo Plus\u201c si\u016blo plat\u0173 prie\u0161kambario bald\u0173 pasirinkim\u0105, leid\u017eiant\u012f sukurti darni\u0105 ir harmoningai suprojektuot\u0105 erdv\u0119. Tai leid\u017eia pritaikyti baldus pagal individualius poreikius ir pageidavimus. \u201eNepo Plus\u201c bat\u0173 spintel\u0117 buvo sukurta atsi\u017evelgiant \u012f prakti\u0161kum\u0105 ir funkcionalum\u0105. Joje yra du skyriai, leid\u017eiantys atskirti vaik\u0173 batus nuo m\u0117gstam\u0173 auk\u0161takulni\u0173 ar \u0161lepe\u010di\u0173. Spintel\u0117s fasadus galima lengvai nulenkti \u017eemyn, tod\u0117l lengviau pasiekti batus. Tai u\u017etikrina, kad j\u016bs\u0173 prie\u0161kambaris visada bus tvarkingas ir organizuotas. Med\u017eiaga, i\u0161 kurios pagaminta \u0161i spintel\u0117, yra laminatas, kuris idealiai tinka prie\u0161kambariui. Jis atsparus \u012fbr\u0117\u017eimams ir temperat\u016brai, o tai rei\u0161kia, kad baldas i\u0161laikys savo gra\u017ei\u0105 i\u0161vaizd\u0105 ilgus metus. Jums nereikia jaudintis d\u0117l pa\u017eeidim\u0173 d\u0117l kasdienio naudojimo. Dar vienas \u201eNepo Plus\u201c bat\u0173 spintel\u0117s privalumas \u2013 platus spalv\u0173 pasirinkimas. Galite rinktis i\u0161 mading\u0173 ir stiling\u0173 variant\u0173, toki\u0173 kaip balta, venge, Sonoma \u0105\u017euolas, vienuolyno \u0105\u017euolas ir daugelis kit\u0173. Tai leid\u017eia priderinti spintel\u0119 prie likusio interjero ir suteikti jai charakterio. Horizontali rankena yra dar viena detal\u0117, d\u0117l kurios \u0161i\u0105 spintel\u0119 lengva naudoti. Tai u\u017etikrina, kad gal\u0117site lengvai pasiekti jos turin\u012f, net kai rankos u\u017eimtos. Jei ie\u0161kote i\u0161samaus prie\u0161kambario sprendimo, apsvarstykite galimyb\u0119 \u201eNepo Plus\u201c bat\u0173 spintel\u0119 derinti su veidrod\u017eiu, drabu\u017ei\u0173 spinta ir palt\u0173 kabykla. \u0160is derinys leis jums sukurti ergonomi\u0161k\u0105 erdv\u0119, kurioje visk\u0105, ko jums reikia, rasite vienoje vietoje. Trumpai tariant, \u201eNepo Plus\u201c bat\u0173 spintel\u0117 yra puikus sprendimas tiems, kurie vertina tvark\u0105 ir organizuotum\u0105 savo prie\u0161kambaryje. D\u0117l prakti\u0161k\u0173 savybi\u0173, patvarios konstrukcijos ir \u012fvairi\u0173 spalv\u0173 variant\u0173 galite sukurti puikiai pritaikyt\u0105 erdv\u0119 avalynei ir kitiems daiktams laikyti. Rinkit\u0117s komfort\u0105 ir estetik\u0105 savo prie\u0161kambaryje su \u201eNepo Plus\u201c bat\u0173 spintele.<\/p>\n<p>Prek\u0117s kodas S435-SFB2K2-DSO Simbolis ZM EAN Plotis 70 cm Gylis 27,5 cm Auk\u0161tis 84 cm Kolekcija \u201eNepo Plus\u201c Spalva sonoma \u0105\u017euolas Atspalvis \u0161viesus medis Stilius modernus Dureli\u0173 skai\u010dius 2 dur\u0173 Stal\u010di\u0173 skai\u010dius be stal\u010di\u0173 Rankena su rankenomis Gamintojas Juoda Raudona Balta Baldo tipas Bat\u0173 spintel\u0117s PVM 23% EAN 5906123950329<\/p>","protected":false},"excerpt":{"rendered":"<p>Nepo Plus Shoe Cabinet \u2013 Shoe Organization at the Highest Level. Your hallway is the first thing guests see upon entering your home. Therefore, it&#8217;s important that this space is not only aesthetically pleasing but also functional. The Nepo Plus shoe cabinet is the perfect solution to help you keep your footwear organized and organized. [&hellip;]<\/p>","protected":false},"featured_media":267430,"comment_status":"open","ping_status":"open","template":"","meta":[],"product_brand":[],"product_cat":[9200,1997],"product_tag":[],"class_list":{"0":"post-267429","1":"product","2":"type-product","3":"status-publish","4":"has-post-thumbnail","6":"product_cat-black-red-white","7":"product_cat-shoe-cabinets","9":"first","10":"instock","11":"purchasable","12":"product-type-simple"},"_links":{"self":[{"href":"https:\/\/baldumarket.lt\/lt\/wp-json\/wp\/v2\/product\/267429","targetHints":{"allow":["GET"]}}],"collection":[{"href":"https:\/\/baldumarket.lt\/lt\/wp-json\/wp\/v2\/product"}],"about":[{"href":"https:\/\/baldumarket.lt\/lt\/wp-json\/wp\/v2\/types\/product"}],"replies":[{"embeddable":true,"href":"https:\/\/baldumarket.lt\/lt\/wp-json\/wp\/v2\/comments?post=267429"}],"wp:featuredmedia":[{"embeddable":true,"href":"https:\/\/baldumarket.lt\/lt\/wp-json\/wp\/v2\/media\/267430"}],"wp:attachment":[{"href":"https:\/\/baldumarket.lt\/lt\/wp-json\/wp\/v2\/media?parent=267429"}],"wp:term":[{"taxonomy":"product_brand","embeddable":true,"href":"https:\/\/baldumarket.lt\/lt\/wp-json\/wp\/v2\/product_brand?post=267429"},{"taxonomy":"product_cat","embeddable":true,"href":"https:\/\/baldumarket.lt\/lt\/wp-json\/wp\/v2\/product_cat?post=267429"},{"taxonomy":"product_tag","embeddable":true,"href":"https:\/\/baldumarket.lt\/lt\/wp-json\/wp\/v2\/product_tag?post=267429"}],"curies":[{"name":"wp","href":"https:\/\/api.w.org\/{rel}","templated":true}]}}