{"id":267421,"date":"2026-01-14T00:38:30","date_gmt":"2026-01-13T21:38:30","guid":{"rendered":"https:\/\/baldumarket.lt\/product\/szafka-na-buty-nepo-plus-70-cm-dab-noble-bialy\/"},"modified":"2026-02-11T18:18:09","modified_gmt":"2026-02-11T15:18:09","slug":"szafka-na-buty-nepo-plus-70-cm-dab-noble-bialy","status":"publish","type":"product","link":"https:\/\/baldumarket.lt\/lt\/product\/szafka-na-buty-nepo-plus-70-cm-dab-noble-bialy\/","title":{"rendered":"NEPO PLUS bat\u0173 spintel\u0117 70 cm, kilnus \u0105\u017euolas\/balta"},"content":{"rendered":"<p>\u201eNepo Plus\u201c bat\u0173 spintel\u0117 \u2013 sutvarkykite savo prie\u0161kambar\u012f. Moderni \u201eNepo Plus\u201c kolekcija \u2013 puikus sprendimas tiems, kurie vertina prie\u0161kambario funkcionalum\u0105 ir estetik\u0105. Tur\u0117dami plat\u0173 moduli\u0173 pasirinkim\u0105, galite sukurti darni\u0105 ir ergonomi\u0161k\u0105 erdv\u0119. Patogumas ir funkcionalumas.<br \/>\n\u201eNepo Plus\u201c bat\u0173 spintel\u0117 \u2013 puikus b\u016bdas sutvarkyti avalyn\u0119. Du skyriai, pasl\u0117pti u\u017e \u017eemyn varstom\u0173 fasad\u0173, leid\u017eia patogiai atskirti kasdienius batus nuo bat\u0173 ypatingoms progoms. Taip j\u016bs\u0173 koridorius bus tvarkingas, o avalyn\u0117 lengvai pasiekiama. Stilius ir patvarumas<br \/>\nSpintel\u0117s laminuotas pavir\u0161ius yra atsparus \u012fbr\u0117\u017eimams ir temperat\u016bros poky\u010diams, tod\u0117l ji idealiai tinka prie\u0161kambariui \u2013 patalpai, kuriai tenka didelis naudojimas. Prislopinta kilmingo \u0105\u017euolo spalva su baltais fasadais suteikia baldams modern\u0173 ir eleganti\u0161k\u0105 vaizd\u0105. Ypatyb\u0117s: Du skyriai su vyriais \u2013 prakti\u0161ka vieta \u012fvairiems avalyn\u0117s tipams laikyti. Laminuotas pavir\u0161ius \u2013 atsparus \u012fbr\u0117\u017eimams ir lengvai valomas. Kilmingo \u0105\u017euolo spalva su baltais fasadais \u2013 elegancija ir universalumas. Horizontalios rankenos \u2013 lengvas atidarymas ir u\u017edarymas. Kompakti\u0161kas dizainas \u2013 idealiai tinka ma\u017eesniems prie\u0161kambariams. Santrauka<br \/>\n\u201eNepo Plus\u201c bat\u0173 spintel\u0117 yra prakti\u0161kas ir stilingas baldas, puikiai papildantis modern\u0173 prie\u0161kambario dizain\u0105. D\u0117l funkcionalumo ir patvarumo ji tampa b\u016btinu bet kuri\u0173 nam\u0173 elementu. Derinkite j\u0105 su kitais \u201eNepo Plus\u201c kolekcijos baldais, kad sukurtum\u0117te ergonomi\u0161k\u0105 erdv\u0119, kuri d\u017eiugins sve\u010dius ir palengvins kasdien\u012f gyvenim\u0105.<\/p>\n<p>Prek\u0117s kodas S435-SFB2K2-DNO\/BI Plotis 70 cm Gylis 27,5 cm Auk\u0161tis 84 cm Kolekcija \u201eNepo Plus\u201c Spalva kilnus \u0105\u017euolas\/balta Atspalvis tamsi mediena Stilius modernus Med\u017eiaga laminatas Dureli\u0173 skai\u010dius 2 dur\u0173 Stal\u010di\u0173 skai\u010dius be stal\u010di\u0173 Rankena su rankenomis Gamintojas Juoda Raudona Balta Baldo tipas Bat\u0173 spintel\u0117s PVM 23% EAN 5906123061520<\/p>","protected":false},"excerpt":{"rendered":"<p>\u201eNepo Plus\u201c bat\u0173 spintel\u0117 \u2013 sutvarkykite savo prie\u0161kambar\u012f. Moderni \u201eNepo Plus\u201c kolekcija \u2013 puikus sprendimas tiems, kurie vertina funkcionalum\u0105 ir estetik\u0105 savo prie\u0161kambaryje. Platus moduli\u0173 pasirinkimas leid\u017eia sukurti darni\u0105 ir ergonomi\u0161k\u0105 erdv\u0119. Patogumas ir funkcionalumas. \u201eNepo Plus\u201c bat\u0173 spintel\u0117 \u2013 puikus b\u016bdas sutvarkyti [\u2026]<\/p>","protected":false},"featured_media":267422,"comment_status":"open","ping_status":"open","template":"","meta":[],"product_brand":[],"product_cat":[9200,1997],"product_tag":[],"class_list":{"0":"post-267421","1":"product","2":"type-product","3":"status-publish","4":"has-post-thumbnail","6":"product_cat-black-red-white","7":"product_cat-shoe-cabinets","9":"first","10":"instock","11":"purchasable","12":"product-type-simple"},"_links":{"self":[{"href":"https:\/\/baldumarket.lt\/lt\/wp-json\/wp\/v2\/product\/267421","targetHints":{"allow":["GET"]}}],"collection":[{"href":"https:\/\/baldumarket.lt\/lt\/wp-json\/wp\/v2\/product"}],"about":[{"href":"https:\/\/baldumarket.lt\/lt\/wp-json\/wp\/v2\/types\/product"}],"replies":[{"embeddable":true,"href":"https:\/\/baldumarket.lt\/lt\/wp-json\/wp\/v2\/comments?post=267421"}],"wp:featuredmedia":[{"embeddable":true,"href":"https:\/\/baldumarket.lt\/lt\/wp-json\/wp\/v2\/media\/267422"}],"wp:attachment":[{"href":"https:\/\/baldumarket.lt\/lt\/wp-json\/wp\/v2\/media?parent=267421"}],"wp:term":[{"taxonomy":"product_brand","embeddable":true,"href":"https:\/\/baldumarket.lt\/lt\/wp-json\/wp\/v2\/product_brand?post=267421"},{"taxonomy":"product_cat","embeddable":true,"href":"https:\/\/baldumarket.lt\/lt\/wp-json\/wp\/v2\/product_cat?post=267421"},{"taxonomy":"product_tag","embeddable":true,"href":"https:\/\/baldumarket.lt\/lt\/wp-json\/wp\/v2\/product_tag?post=267421"}],"curies":[{"name":"wp","href":"https:\/\/api.w.org\/{rel}","templated":true}]}}