{"id":267413,"date":"2026-01-14T00:38:18","date_gmt":"2026-01-13T21:38:18","guid":{"rendered":"https:\/\/baldumarket.lt\/product\/szafka-na-buty-loksa-845-cm-andersen-pine-white\/"},"modified":"2026-02-11T18:18:09","modified_gmt":"2026-02-11T15:18:09","slug":"szafka-na-buty-loksa-845-cm-andersen-pine-white","status":"publish","type":"product","link":"https:\/\/baldumarket.lt\/lt\/product\/szafka-na-buty-loksa-845-cm-andersen-pine-white\/","title":{"rendered":"LOKSA bat\u0173 spintel\u0117 84.5 cm andersen pu\u0161is balta"},"content":{"rendered":"<p>\u201eLoksa\u201c bat\u0173 spintel\u0117 \u2013 skandinavi\u0161ko stiliaus bat\u0173 organizavimas. \u201eLoksa\u201c kolekcija \u2013 puikus pasirinkimas skandinavi\u0161ko dizaino m\u0117g\u0117jams, kuriam b\u016bdingos paprastos formos, stilingos rankenos ir sant\u016bri baltos ir \u0105\u017euolo spalv\u0173 gama. \u0160ios savyb\u0117s \u0161ios kolekcijos baldus daro funkcionalius ir esteti\u0161kai patrauklius. Dekoruojant prie\u0161kambar\u012f, labai svarbu pagalvoti apie pakankam\u0105 bat\u0173 laikymo viet\u0105, ir \u201eLoksa\u201c bat\u0173 spintel\u0117 yra puikus sprendimas. Jos \u017eemyn pakreipiama priekin\u0117 dalis leid\u017eia lengvai pasiekti turin\u012f, o viduje rasite keturis vienodus skyrius, puikiai tinkan\u010dius \u012fvairiai avalynei, pavyzd\u017eiui, sportba\u010diams, \u0161lepet\u0117ms, auk\u0161takulniams ar vaiki\u0161kiems batams. Spintel\u0117s spalv\u0173 gama dera su likusia \u201eLoksa\u201c kolekcijos \u012franga, sukurdama harmoning\u0105 visum\u0105 j\u016bs\u0173 prie\u0161kambaryje. Baltas \u201eAndersen\u201c pu\u0161ies korpusas gra\u017eiai kontrastuoja su \u0161iltu \u201eGrandson\u201c \u0105\u017euolo stalvir\u0161io atspalviu. Stilinga rankena suteikia baldui elegancijos, o dekoratyvinis r\u0117minis priekis \u2013 charakterio. \u201eLoksa\u201c bat\u0173 spintel\u0117 yra prakti\u0161kas ir esteti\u0161kas sprendimas, padedantis sutvarkyti kiekvieno \u0161eimos nario avalyn\u0119. Taip pat galite apsvarstyti galimyb\u0119 derinti kitus \u201eLoksa\u201c kolekcijos elementus, kad sukurtum\u0117te darn\u0173 ir funkcional\u0173 i\u0161d\u0117stym\u0105 savo prie\u0161kambaryje ar svetain\u0117je. \u0160is baldas pad\u0117s i\u0161laikyti j\u016bs\u0173 interjer\u0105 tvarking\u0105 ir suteiks jam skandinavi\u0161ko \u017eavesio.<\/p>\n<p>Prek\u0117s kodas S455-SFK1D-APW Simbolis ZM EAN Plotis 84,5 cm Gylis 36,5 cm Auk\u0161tis 48,5 cm Kolekcija Loksa Spalva andersen pu\u0161is balta Atspalvis \u0161viesus medis Stilius Skandinavi\u0161kas Med\u017eiaga laminatas Dureli\u0173 skai\u010dius 1 dur\u0173 Stal\u010di\u0173 skai\u010dius be stal\u010di\u0173 Rankena su rankenomis Gamintojas Juoda Raudona Balta Baldo tipas Bat\u0173 spintel\u0117s PVM 23% EAN 5906123607544<\/p>","protected":false},"excerpt":{"rendered":"<p>Loksa Shoe Cabinet &#8211; Scandinavian-Style Shoe Organization. The Loksa collection is an excellent choice for lovers of Scandinavian design, characterized by simple forms, stylish handles, and a subdued color scheme combining white and oak. These features make the furniture from this collection both functional and aesthetically pleasing. When decorating a hallway, it&#8217;s crucial to consider [&hellip;]<\/p>","protected":false},"featured_media":267414,"comment_status":"open","ping_status":"open","template":"","meta":[],"product_brand":[],"product_cat":[9200,1997],"product_tag":[],"class_list":{"0":"post-267413","1":"product","2":"type-product","3":"status-publish","4":"has-post-thumbnail","6":"product_cat-black-red-white","7":"product_cat-shoe-cabinets","9":"first","10":"instock","11":"purchasable","12":"product-type-simple"},"_links":{"self":[{"href":"https:\/\/baldumarket.lt\/lt\/wp-json\/wp\/v2\/product\/267413","targetHints":{"allow":["GET"]}}],"collection":[{"href":"https:\/\/baldumarket.lt\/lt\/wp-json\/wp\/v2\/product"}],"about":[{"href":"https:\/\/baldumarket.lt\/lt\/wp-json\/wp\/v2\/types\/product"}],"replies":[{"embeddable":true,"href":"https:\/\/baldumarket.lt\/lt\/wp-json\/wp\/v2\/comments?post=267413"}],"wp:featuredmedia":[{"embeddable":true,"href":"https:\/\/baldumarket.lt\/lt\/wp-json\/wp\/v2\/media\/267414"}],"wp:attachment":[{"href":"https:\/\/baldumarket.lt\/lt\/wp-json\/wp\/v2\/media?parent=267413"}],"wp:term":[{"taxonomy":"product_brand","embeddable":true,"href":"https:\/\/baldumarket.lt\/lt\/wp-json\/wp\/v2\/product_brand?post=267413"},{"taxonomy":"product_cat","embeddable":true,"href":"https:\/\/baldumarket.lt\/lt\/wp-json\/wp\/v2\/product_cat?post=267413"},{"taxonomy":"product_tag","embeddable":true,"href":"https:\/\/baldumarket.lt\/lt\/wp-json\/wp\/v2\/product_tag?post=267413"}],"curies":[{"name":"wp","href":"https:\/\/api.w.org\/{rel}","templated":true}]}}