{"id":267405,"date":"2026-01-14T00:38:11","date_gmt":"2026-01-13T21:38:11","guid":{"rendered":"https:\/\/baldumarket.lt\/product\/szafka-na-buty-kaspian-66-cm-dab-sonoma-dab-sonoma\/"},"modified":"2026-02-11T18:18:09","modified_gmt":"2026-02-11T15:18:09","slug":"szafka-na-buty-kaspian-66-cm-dab-sonoma-dab-sonoma","status":"publish","type":"product","link":"https:\/\/baldumarket.lt\/lt\/product\/szafka-na-buty-kaspian-66-cm-dab-sonoma-dab-sonoma\/","title":{"rendered":"KASPIAN bat\u0173 spintel\u0117 66 cm, Sonoma \u0105\u017euolas\/Sonoma \u0105\u017euolas"},"content":{"rendered":"<p>\u201eKaspian\u201c bat\u0173 spintel\u0117 \u2013 funkcionalumas j\u016bs\u0173 prie\u0161kambaryje. Jei ie\u0161kote funkcionalaus ir prakti\u0161ko sprendimo savo prie\u0161kambariui, \u201eKaspian\u201c bat\u0173 spintel\u0117 tikrai pateisins j\u016bs\u0173 l\u016bkes\u010dius. \u201eKaspian\u201c baldai gars\u0117ja tuo, kad derina modern\u0173 dizain\u0105 su i\u0161skirtiniu prakti\u0161kumu, tod\u0117l \u201eKaspian\u201c bat\u0173 spintel\u0117 yra puikus pasirinkimas: atlenkiama priekin\u0117 dalis patogumui.<br \/>\nSpintel\u0117s atlenkiamas priekis labai palengvina kasdien\u012f naudojim\u0105. Tai leid\u017eia lengvai ir patogiai pasiekti batus, nereikia nuolat atidarin\u0117ti visos spintel\u0117s. Tai ypa\u010d prakti\u0161ka, kai gr\u012f\u017etate namo i\u0161 gatv\u0117s ir norite greitai nusiauti batus.<br \/>\n\u201eKaspian\u201c bat\u0173 spintel\u0117 yra atvira, tod\u0117l prie\u0161kambaryje galite palaikyti tvark\u0105. Joje galite lengvai susitvarkyti batus ir sud\u0117ti krep\u0161elius bat\u0173 aksesuarams ar kitiems smulkiems daiktams, kuriuos da\u017enai laikome prie\u0161kambaryje.<br \/>\nD\u0117l kompakti\u0161k\u0173 spintel\u0117s matmen\u0173 j\u0105 galima pastatyti net ir ma\u017eame koridoriuje. Tai puikus sprendimas tiems, kurie turi ribot\u0105 erdv\u0119, bet vis tiek nori m\u0117gautis funkcionalumu ir estetika. Subtiliai pastorintos \u0161onin\u0117s sienel\u0117s ir stalvir\u0161is sustiprina spintel\u0117s konstrukcij\u0105, tod\u0117l ji yra patvaresn\u0117. \u0160is baldas tarnaus daugel\u012f met\u0173, yra ne tik prakti\u0161kas, bet ir patvarus sprendimas.<br \/>\n\u201eKaspian\u201c bat\u0173 spintel\u0117 puikiai papildo kitus \u201eKaspian\u201c kolekcijos elementus ir gali b\u016bti derinama su kit\u0173 \u201eBlack Red White\u201c kolekcij\u0173 komponentais. Tai leid\u017eia sukurti darn\u0173 ir funkcional\u0173 prie\u0161kambario interjer\u0105. Trumpai tariant, \u201eKaspian\u201c bat\u0173 spintel\u0117 yra ne tik prakti\u0161kas bat\u0173 laikymo baldas, bet ir dekoratyvinis elementas, padedantis palaikyti tvark\u0105 prie\u0161kambaryje, nepriklausomai nuo jo dyd\u017eio. D\u0117l varstomo priekio, atviros erdv\u0117s ir tvirtos konstrukcijos ji atitiks j\u016bs\u0173 funkcionalumo ir patvarumo l\u016bkes\u010dius. Jei ie\u0161kote baldo, kuris leis jums eleganti\u0161kai sutvarkyti prie\u0161kambario erdv\u0119, \u201eKaspian\u201c bat\u0173 spintel\u0117 tikrai pateisins j\u016bs\u0173 l\u016bkes\u010dius.<\/p>\n<p>Prek\u0117s kodas S128-SBUT\/60-DSO\/DSO Simbolis ZM EAN Plotis 66 cm Gylis 40,5 cm Auk\u0161tis 44,5 cm Kolekcija Kaspian Spalva sonoma \u0105\u017euolas Gaubtas \u0161viesi mediena Stilius modernus Dureli\u0173 skai\u010dius 1 dur\u0173 Stal\u010di\u0173 skai\u010dius be stal\u010di\u0173 Rankena be ranken\u0117li\u0173 Gamintojas Juoda Raudona Balta Baldo tipas Bat\u0173 spintel\u0117s PVM 23% EAN 5906123920636<\/p>","protected":false},"excerpt":{"rendered":"<p>\u201eKaspian\u201c bat\u0173 spintel\u0117 \u2013 funkcionalumas j\u016bs\u0173 prie\u0161kambaryje. Jei ie\u0161kote funkcionalaus ir prakti\u0161ko sprendimo savo prie\u0161kambariui, \u201eKaspian\u201c bat\u0173 spintel\u0117 tikrai pateisins j\u016bs\u0173 l\u016bkes\u010dius. \u201eKaspian\u201c baldai gars\u0117ja tuo, kad derina modern\u0173 dizain\u0105 su i\u0161skirtiniu prakti\u0161kumu, tod\u0117l \u201eKaspian\u201c bat\u0173 spintel\u0117 yra puikus pasirinkimas: atlenkiama priekin\u0117 dalis patogumui [\u2026]<\/p>","protected":false},"featured_media":267406,"comment_status":"open","ping_status":"open","template":"","meta":[],"product_brand":[],"product_cat":[9200,1997],"product_tag":[],"class_list":{"0":"post-267405","1":"product","2":"type-product","3":"status-publish","4":"has-post-thumbnail","6":"product_cat-black-red-white","7":"product_cat-shoe-cabinets","9":"first","10":"instock","11":"purchasable","12":"product-type-simple"},"_links":{"self":[{"href":"https:\/\/baldumarket.lt\/lt\/wp-json\/wp\/v2\/product\/267405","targetHints":{"allow":["GET"]}}],"collection":[{"href":"https:\/\/baldumarket.lt\/lt\/wp-json\/wp\/v2\/product"}],"about":[{"href":"https:\/\/baldumarket.lt\/lt\/wp-json\/wp\/v2\/types\/product"}],"replies":[{"embeddable":true,"href":"https:\/\/baldumarket.lt\/lt\/wp-json\/wp\/v2\/comments?post=267405"}],"wp:featuredmedia":[{"embeddable":true,"href":"https:\/\/baldumarket.lt\/lt\/wp-json\/wp\/v2\/media\/267406"}],"wp:attachment":[{"href":"https:\/\/baldumarket.lt\/lt\/wp-json\/wp\/v2\/media?parent=267405"}],"wp:term":[{"taxonomy":"product_brand","embeddable":true,"href":"https:\/\/baldumarket.lt\/lt\/wp-json\/wp\/v2\/product_brand?post=267405"},{"taxonomy":"product_cat","embeddable":true,"href":"https:\/\/baldumarket.lt\/lt\/wp-json\/wp\/v2\/product_cat?post=267405"},{"taxonomy":"product_tag","embeddable":true,"href":"https:\/\/baldumarket.lt\/lt\/wp-json\/wp\/v2\/product_tag?post=267405"}],"curies":[{"name":"wp","href":"https:\/\/api.w.org\/{rel}","templated":true}]}}