{"id":267395,"date":"2026-01-14T00:38:02","date_gmt":"2026-01-13T21:38:02","guid":{"rendered":"https:\/\/baldumarket.lt\/product\/szafka-na-buty-jednodrzwiowa-holten-925-cm-bialy-dab-wotan\/"},"modified":"2026-02-11T18:18:09","modified_gmt":"2026-02-11T15:18:09","slug":"szafka-na-buty-jednodrzwiowa-holten-925-cm-bialy-dab-wotan","status":"publish","type":"product","link":"https:\/\/baldumarket.lt\/lt\/product\/szafka-na-buty-jednodrzwiowa-holten-925-cm-bialy-dab-wotan\/","title":{"rendered":"HOLTEN bat\u0173 spintel\u0117 su vienomis durel\u0117mis, 92,5 cm, balta\/wotan \u0105\u017euolas"},"content":{"rendered":"<p>\u2019Holten\u201c bat\u0173 spintel\u0117 \u2013 puikus sprendimas j\u016bs\u0173 prie\u0161kambariui. J\u016bs\u0173 prie\u0161kambaris vaidina svarb\u0173 vaidmen\u012f kaip j\u016bs\u0173 nam\u0173 vitrina, tod\u0117l verta pasir\u016bpinti jo funkcionalumu ir estetika. \u201eHolten\u201c kolekcija si\u016blo modernius sprendimus, kurie pad\u0117s jums sukurti tvarking\u0105 erdv\u0119, i\u0161laikant elegancij\u0105 ir stili\u0173. \u201eHolten\u201c bat\u0173 spintel\u0117 \u2013 puikus b\u016bdas laikyti batus ir aksesuarus. \u0160tai kod\u0117l verta j\u0105 apsvarstyti: \u201eHolten\u201c bat\u0173 spintel\u0117 \u2013 puiki vieta laikyti m\u0117gstam\u0105 avalyn\u0119. Nesvarbu, ar tai auk\u0161takulniai, sportba\u010diai, ar vaiki\u0161ki sportba\u010diai, \u0161ioje spintel\u0117je tilps viskas. Dvi atviros ertm\u0117s leid\u017eia lengvai pasiekti da\u017enai naudojamus batus, o u\u017edara spintel\u0117 leid\u017eia pasl\u0117pti kitas poras, taip i\u0161laikant tvark\u0105 j\u016bs\u0173 prie\u0161kambaryje. Dizainas: spintel\u0117s priekin\u0117 dalis padengta balta veidrodine apdaila, suteikian\u010dia baldui eleganti\u0161k\u0105 ir modern\u0173 poj\u016bt\u012f. Ji kontrastuoja su \u0161iltu \u201eWotan\u201c \u0105\u017euolo stalvir\u0161iu, kurio matomi ra\u0161tai suteikia charakterio ir nat\u016bralaus \u017eavesio. Ji derina klasikin\u012f blizges\u012f su nat\u016braliu medienos gro\u017eiu. \u0160velniai u\u017esidarantys vyriai leid\u017eia spintel\u0117s priekin\u0119 dal\u012f atidaryti ir u\u017edaryti prakti\u0161kai be garso. Tai prakti\u0161kas sprendimas, netrikdantis j\u016bs\u0173 nam\u0173 ramyb\u0117s. \u201eHolten\u201c bat\u0173 spintel\u0117 puikiai dera su kitais kolekcijos elementais, tokiais kaip \u201eHolten\u201c palt\u0173 kabykla ir veidrodis, leisdama sukurti darni\u0105 ir funkcionali\u0105 \u012f\u0117jimo erdv\u0119, kurioje kiekvienas daiktas tur\u0117t\u0173 savo viet\u0105. Verta pamin\u0117ti, kad d\u0117l skirting\u0173 stalvir\u0161io ir lenteli\u0173 med\u017eiag\u0173 ra\u0161tas gali \u0161iek tiek skirtis, suteikdamas baldui unikalaus charakterio. Trumpai tariant, \u201eHolten\u201c bat\u0173 spintel\u0117 yra ne tik prakti\u0161kas bat\u0173 laikymo sprendimas, bet ir dekoratyvinis elementas, suteikiantis j\u016bs\u0173 prie\u0161kambariui elegancijos ir stiliaus. D\u0117l savo funkcionalumo, dizaino ir suderinamumo su kitais \u201eHolten\u201c kolekcijos elementais \u0161i spintel\u0117 pad\u0117s palaikyti tvark\u0105 ir sukurti harmoning\u0105 \u012f\u0117jimo erdv\u0119. Tai investicija \u012f j\u016bs\u0173 nam\u0173 tvark\u0105 ir estetik\u0105.<\/p>\n<p>Produkto kodas S440-REG1D\/50-BI\/DWO\/BIP Simbolis ZM EAN Bald\u0173 tipas Lentynos ir vitrinos PVM 23% EAN 5906123951975<\/p>","protected":false},"excerpt":{"rendered":"<p>\u201eHolten\u201c bat\u0173 spintel\u0117 \u2013 puikus sprendimas j\u016bs\u0173 prie\u0161kambariui. J\u016bs\u0173 prie\u0161kambaris vaidina svarb\u0173 vaidmen\u012f kaip j\u016bs\u0173 nam\u0173 vitrina, tod\u0117l verta pasir\u016bpinti jo funkcionalumu ir estetika. \u201eHolten\u201c kolekcija si\u016blo modernius sprendimus, kurie pad\u0117s jums sukurti tvarking\u0105 erdv\u0119, i\u0161laikant elegancij\u0105 ir stili\u0173. \u201eHolten\u201c bat\u0173 spintel\u0117 [\u2026]<\/p>","protected":false},"featured_media":267396,"comment_status":"open","ping_status":"open","template":"","meta":[],"product_brand":[],"product_cat":[9200,1997],"product_tag":[],"class_list":{"0":"post-267395","1":"product","2":"type-product","3":"status-publish","4":"has-post-thumbnail","6":"product_cat-black-red-white","7":"product_cat-shoe-cabinets","9":"first","10":"instock","11":"purchasable","12":"product-type-simple"},"_links":{"self":[{"href":"https:\/\/baldumarket.lt\/lt\/wp-json\/wp\/v2\/product\/267395","targetHints":{"allow":["GET"]}}],"collection":[{"href":"https:\/\/baldumarket.lt\/lt\/wp-json\/wp\/v2\/product"}],"about":[{"href":"https:\/\/baldumarket.lt\/lt\/wp-json\/wp\/v2\/types\/product"}],"replies":[{"embeddable":true,"href":"https:\/\/baldumarket.lt\/lt\/wp-json\/wp\/v2\/comments?post=267395"}],"wp:featuredmedia":[{"embeddable":true,"href":"https:\/\/baldumarket.lt\/lt\/wp-json\/wp\/v2\/media\/267396"}],"wp:attachment":[{"href":"https:\/\/baldumarket.lt\/lt\/wp-json\/wp\/v2\/media?parent=267395"}],"wp:term":[{"taxonomy":"product_brand","embeddable":true,"href":"https:\/\/baldumarket.lt\/lt\/wp-json\/wp\/v2\/product_brand?post=267395"},{"taxonomy":"product_cat","embeddable":true,"href":"https:\/\/baldumarket.lt\/lt\/wp-json\/wp\/v2\/product_cat?post=267395"},{"taxonomy":"product_tag","embeddable":true,"href":"https:\/\/baldumarket.lt\/lt\/wp-json\/wp\/v2\/product_tag?post=267395"}],"curies":[{"name":"wp","href":"https:\/\/api.w.org\/{rel}","templated":true}]}}