{"id":267391,"date":"2026-01-14T00:37:58","date_gmt":"2026-01-13T21:37:58","guid":{"rendered":"https:\/\/baldumarket.lt\/product\/szafka-na-buty-gent-101-cm-dab-stirling\/"},"modified":"2026-02-11T18:18:09","modified_gmt":"2026-02-11T15:18:09","slug":"szafka-na-buty-gent-101-cm-dab-stirling","status":"publish","type":"product","link":"https:\/\/baldumarket.lt\/lt\/product\/szafka-na-buty-gent-101-cm-dab-stirling\/","title":{"rendered":"GENT bat\u0173 spintel\u0117, 101 cm, Stirling \u0105\u017euolas"},"content":{"rendered":"<p>\u201eGent\u201c bat\u0173 spintel\u0117 \u2013 funkcionalus prie\u0161kambario elementas. Jei ie\u0161kote sprendimo, kuris ne tik pad\u0117t\u0173 laikyti batus, bet ir suteikt\u0173 j\u016bs\u0173 prie\u0161kambariui elegancijos bei funkcionalumo, \u201eGent\u201c kolekcijos bat\u0173 spintel\u0117 gali b\u016bti puikus pasirinkimas. \u0160i eleganti\u0161ka ir kompakti\u0161ka spintel\u0117 puikiai dera prie klasikinio interjero dizaino, kuriame svarbiausia paprastumas ir \u0161iltos spalvos. Pagrindin\u0117 \u201eGent\u201c bat\u0173 spintel\u0117s funkcija \u2013 bat\u0173 laikymas. Platus stal\u010dius gali sutalpinti kelias poras bat\u0173, o tai itin prakti\u0161ka, ypa\u010d lietingais ar \u017eiemos m\u0117nesiais, kai avalyn\u0117 gali b\u016bti dr\u0117gna ir ne\u0161vari. Ta\u010diau \u0161ios spintel\u0117s galimyb\u0117s tuo nesibaigia. Pridedama s\u0117dyn\u0117s pagalv\u0117l\u0117, leid\u017eianti spintelei atlikti ir s\u0117dyn\u0117s funkcij\u0105. \u0160is patogus sprendimas leid\u017eia s\u0117d\u0117ti apsiaunant ar nusiaunant batus, arba netgi pasid\u0117ti ant jos rankin\u0119 ar kuprin\u0119. \u201eGent\u201c bat\u0173 spintel\u0117 taip pat gali b\u016bti kit\u0173 prie\u0161kambario organizavimo element\u0173 pagrindas. Vir\u0161 spintel\u0117s galima pakabinti veidrod\u012f arba pakabinam\u0105 panel\u0119, sukuriant kompakti\u0161k\u0105 prie\u0161kambario i\u0161d\u0117stym\u0105. Tokiu b\u016bdu viskas bus vienoje vietoje \u2013 batai, drabu\u017eiai ir aksesuarai \u2013 tod\u0117l kasdieniai pasiruo\u0161imai bus lengvesni. \u0160ios spintel\u0117s dizainas taip pat vertas d\u0117mesio. Stirlingo \u0105\u017euolo spalva suteikia interjerui \u0161ilumos ir elegancijos. Matoma medienos tekst\u016bra suteikia spintelei charakterio, kuris patiks net vyresn\u0117ms kartoms. \u0160i med\u017eiaga niekada nei\u0161eina i\u0161 mados ir tinka \u012fvairiems interjero stiliams. Funkcionalumas ir paprastas naudojimas \u2013 kiti \u201eGent\u201c bat\u0173 spintel\u0117s privalumai. Stal\u010dius apr\u016bpintas \u0161velnaus u\u017edarymo b\u0117geliais, tod\u0117l atidarymas ir u\u017edarymas yra prakti\u0161kai tylus, o tai ypa\u010d svarbu, kai \u0161eima miega ar ilsisi. Metalin\u0117 rankena leid\u017eia lengvai atidaryti stal\u010di\u0173 ir suteikia spintelei modern\u0173 vaizd\u0105. Jei ie\u0161kote visapusi\u0161kos ir darnios prie\u0161kambario i\u0161vaizdos, apsvarstykite galimyb\u0119 derinti \u201eGent\u201c bat\u0173 spintel\u0119 su kitais kolekcijos daiktais. Tai leis jums sukurti i\u0161d\u0117stym\u0105, kuris atitiks visus j\u016bs\u0173 poreikius ir atspind\u0117s j\u016bs\u0173 skon\u012f. Trumpai tariant, \u201eGent\u201c bat\u0173 spintel\u0117 yra ne tik prakti\u0161ka bat\u0173 organizatorius, bet ir eleganti\u0161kas baldas, kuris suteiks j\u016bs\u0173 prie\u0161kambariui charakterio. D\u0117l savo daugiafunkcini\u0173 galimybi\u0173 ir patrauklaus dizaino tai puikus sprendimas visiems, kurie savo namuose vertina ir estetik\u0105, ir funkcionalum\u0105.<\/p>\n<p>Prek\u0117s kodas M244-KOM1S\/5\/10-DAST Simbolis ZM EAN Plotis 101 cm Gylis 40 cm Auk\u0161tis 50 cm Kolekcija Gent Spalva stirling \u0105\u017euolas Atspalvis tamsi mediena Stilius modernus Dureli\u0173 skai\u010dius 1 dur\u0173 Stal\u010di\u0173 skai\u010dius 1 stal\u010dius Rankena su rankenomis Gamintojas Juoda Raudona Balta Baldo tipas Komodos PVM 23% EAN 5906123605311<\/p>","protected":false},"excerpt":{"rendered":"<p>The Gent Shoe Cabinet \u2013 A Functional Hallway Element. If you&#8217;re looking for a solution that not only stores your shoes but also adds elegance and functionality to your hallway, a shoe cabinet from the Gent collection could be the perfect choice. This elegant and compact cabinet fits perfectly into a classic interior design where [&hellip;]<\/p>","protected":false},"featured_media":267392,"comment_status":"open","ping_status":"open","template":"","meta":[],"product_brand":[],"product_cat":[9200,1997],"product_tag":[],"class_list":{"0":"post-267391","1":"product","2":"type-product","3":"status-publish","4":"has-post-thumbnail","6":"product_cat-black-red-white","7":"product_cat-shoe-cabinets","9":"first","10":"instock","11":"purchasable","12":"product-type-simple"},"_links":{"self":[{"href":"https:\/\/baldumarket.lt\/lt\/wp-json\/wp\/v2\/product\/267391","targetHints":{"allow":["GET"]}}],"collection":[{"href":"https:\/\/baldumarket.lt\/lt\/wp-json\/wp\/v2\/product"}],"about":[{"href":"https:\/\/baldumarket.lt\/lt\/wp-json\/wp\/v2\/types\/product"}],"replies":[{"embeddable":true,"href":"https:\/\/baldumarket.lt\/lt\/wp-json\/wp\/v2\/comments?post=267391"}],"wp:featuredmedia":[{"embeddable":true,"href":"https:\/\/baldumarket.lt\/lt\/wp-json\/wp\/v2\/media\/267392"}],"wp:attachment":[{"href":"https:\/\/baldumarket.lt\/lt\/wp-json\/wp\/v2\/media?parent=267391"}],"wp:term":[{"taxonomy":"product_brand","embeddable":true,"href":"https:\/\/baldumarket.lt\/lt\/wp-json\/wp\/v2\/product_brand?post=267391"},{"taxonomy":"product_cat","embeddable":true,"href":"https:\/\/baldumarket.lt\/lt\/wp-json\/wp\/v2\/product_cat?post=267391"},{"taxonomy":"product_tag","embeddable":true,"href":"https:\/\/baldumarket.lt\/lt\/wp-json\/wp\/v2\/product_tag?post=267391"}],"curies":[{"name":"wp","href":"https:\/\/api.w.org\/{rel}","templated":true}]}}