{"id":267387,"date":"2026-01-14T00:37:55","date_gmt":"2026-01-13T21:37:55","guid":{"rendered":"https:\/\/baldumarket.lt\/product\/szafka-na-buty-dwudrzwiowa-z-szuflada-holten-925-cm-bialy-dab-wotan\/"},"modified":"2026-02-11T18:18:09","modified_gmt":"2026-02-11T15:18:09","slug":"szafka-na-buty-dwudrzwiowa-z-szuflada-holten-925-cm-bialy-dab-wotan","status":"publish","type":"product","link":"https:\/\/baldumarket.lt\/lt\/product\/szafka-na-buty-dwudrzwiowa-z-szuflada-holten-925-cm-bialy-dab-wotan\/","title":{"rendered":"HOLTEN dvidur\u0117 bat\u0173 spintel\u0117 su stal\u010diumi, 92,5 cm, balta\/wotan \u0105\u017euolas"},"content":{"rendered":"<p>\u201eHolten\u201c lentyna \u2013 tobulas funkcionalumas j\u016bs\u0173 prie\u0161kambaryje. Prie\u0161kambaris \u2013 tai vieta, kuri da\u017enai nepakankamai \u012fvertinama, ta\u010diau nepaprastai svarbi kasdieniame gyvenime. Tai vieta, kur pasitinkame sve\u010dius, kur pradedame ir baigiame kiekvien\u0105 dien\u0105. Tod\u0117l svarbu u\u017etikrinti, kad jis b\u016bt\u0173 funkcionalus, esteti\u0161kai patrauklus ir gerai organizuotas. Laimei, yra baldas, kuris gali pad\u0117ti jums pasiekti \u0161\u012f tiksl\u0105 \u2013 \u201eHolten\u201c lentyna. Moderni \u201eHolten\u201c linija \u2013 tai bald\u0173 serija, skirta prie\u0161kambariui, kurios pagrindinis dizaino principas \u2013 prakti\u0161kas erdv\u0117s valdymas. \u201eHolten\u201c lentyna yra puikus to pavyzdys, derinantis elegancij\u0105 ir funkcionalum\u0105. Vienas i\u0161 pagrindini\u0173 \u201eHolten\u201c lentynos bruo\u017e\u0173 \u2013 dvi dvigubos i\u0161skleid\u017eiamos bat\u0173 spintel\u0117s. \u0160ios spintel\u0117s leid\u017eia laikyti savo bat\u0173 kolekcij\u0105, i\u0161laikant tvark\u0105 prie\u0161kambaryje. I\u0161skleid\u017eiamos durys leid\u017eia lengvai pasiekti batus, tuo pa\u010diu i\u0161laikant baldo estetin\u012f patrauklum\u0105. Be to, \u201eHolten\u201c lentynoje yra kompakti\u0161kas stal\u010dius su \u0161velniai u\u017esidaran\u010diomis b\u0117gel\u0117mis. Tai u\u017etikrina, kad kiekvienas stal\u010dius atsidaryt\u0173 ir u\u017esidaryt\u0173 skland\u017eiai ir tyliai. Tai puikus sprendimas ma\u017eesniems daiktams, pavyzd\u017eiui, raktams ar pir\u0161tin\u0117ms, laikyti. Dar vienas \u201eHolten\u201c lentyn\u0173 privalumas \u2013 atvira lentyna, puikiai tinkanti sk\u0117\u010diui. Tai prakti\u0161kas sprendimas, ypa\u010d lietingomis dienomis, kai norite greitai pasl\u0117pti sk\u0117t\u012f \u012f\u0117j\u0119 \u012f namus. \u0160i lentyna palaikys \u0161var\u0105 ir tvark\u0105 j\u016bs\u0173 prie\u0161kambaryje. Be funkcionalumo, \u201eHolten\u201c lentyn\u0173 blokas taip pat i\u0161siskiria eleganti\u0161ka i\u0161vaizda. Lyg\u016bs baltos veidrodin\u0117s apdailos fasadai sukuria minimalistin\u012f pagrind\u0105, kuris puikiai dera prie modernaus interjero. Blok\u0105 puo\u0161ia \u201eWotan\u201c \u0105\u017euolo stalvir\u0161is, atspindintis nat\u016bralaus med\u017eio gro\u017e\u012f. \u0160is baltos ir med\u017eio apdailos kontrastas suteikia \u201eHolten\u201c lentyn\u0173 blokui unikalaus charakterio ir elegancijos. Taip pat verta atkreipti d\u0117mes\u012f \u012f dizaino detales. Pastorintos lentyn\u0173 sienel\u0117s \u012fr\u0117mina fasadus be ranken\u0117li\u0173, suteikdamos jam modern\u0173 ir \u0161var\u0173 vaizd\u0105. D\u0117l \u0161io minimalistinio dizaino \u201eHolten\u201c lentyn\u0173 blokas puikiai tinka \u012fvairiems interjero stiliams \u2013 nuo \u200b\u200bmodernaus iki klasikinio. Jei svajojate apie visapusi\u0161k\u0105 prie\u0161kambario dizain\u0105, \u201eHolten\u201c lentyn\u0173 blokas gali b\u016bti didesnio komplekto dalis. \u201eHolten\u201c kolekcijoje taip pat yra veidrodis ir kiti elementai, kuriuos galima derinti, kad b\u016bt\u0173 sukurta darni ir harmoninga erdv\u0117. Tai leid\u017eia jums susikurti svajoni\u0173 prie\u0161kambario i\u0161d\u0117stym\u0105, kuris b\u016bt\u0173 ne tik prakti\u0161kas, bet ir esteti\u0161kai patrauklus. Trumpai tariant, \u201eHolten\u201c lentyn\u0173 blokas yra baldas, kuris \u017eavi savo funkcionalumu ir estetika. Tai puikus pasirinkimas visiems, kurie vertina tvark\u0105 ir elegancij\u0105 savo prie\u0161kambaryje. D\u0117l \u012fvairi\u0173 daikt\u0173 laikymo sprendim\u0173 ir modernaus dizaino \u201eHolten\u201c lentyn\u0173 blokas gali tapti j\u016bs\u0173 prie\u0161kambario \u0161irdimi.<\/p>\n<p>Prek\u0117s kodas S440-REG2K1S\/A-BI\/DWO\/BIP Simbolis ZM EAN Plotis 92,5 cm Gylis 37 cm Auk\u0161tis 115 cm Kolekcija Holten Spalva balta\/wotan \u0105\u017euolas\/blizgi balta Baltas atspalvis Stilius modernus Dureli\u0173 skai\u010dius 2 dur\u0173 Stal\u010di\u0173 skai\u010dius 1 stal\u010dius Rankena be ranken\u0117li\u0173 Gamintojas Juoda Raudona Balta Baldo tipas Lentynos ir vitrinos PVM 23% EAN 5906123952088<\/p>","protected":false},"excerpt":{"rendered":"<p>\u201eHolten\u201c lentyna \u2013 tobulas funkcionalumas j\u016bs\u0173 prie\u0161kambaryje. Prie\u0161kambaris yra vieta, kuri da\u017enai nuvertinama, ta\u010diau nepaprastai svarbi kasdieniame gyvenime. Tai vieta, kur pasitinkame sve\u010dius, kur pradedame ir baigiame kiekvien\u0105 dien\u0105. Tod\u0117l svarbu u\u017etikrinti, kad jis b\u016bt\u0173 funkcionalus, esteti\u0161kai patrauklus ir gerai sutvarkytas. Laimei, yra baldas, kuris gali [\u2026]<\/p>","protected":false},"featured_media":267388,"comment_status":"open","ping_status":"open","template":"","meta":[],"product_brand":[],"product_cat":[9200,1997],"product_tag":[],"class_list":{"0":"post-267387","1":"product","2":"type-product","3":"status-publish","4":"has-post-thumbnail","6":"product_cat-black-red-white","7":"product_cat-shoe-cabinets","9":"first","10":"instock","11":"purchasable","12":"product-type-simple"},"_links":{"self":[{"href":"https:\/\/baldumarket.lt\/lt\/wp-json\/wp\/v2\/product\/267387","targetHints":{"allow":["GET"]}}],"collection":[{"href":"https:\/\/baldumarket.lt\/lt\/wp-json\/wp\/v2\/product"}],"about":[{"href":"https:\/\/baldumarket.lt\/lt\/wp-json\/wp\/v2\/types\/product"}],"replies":[{"embeddable":true,"href":"https:\/\/baldumarket.lt\/lt\/wp-json\/wp\/v2\/comments?post=267387"}],"wp:featuredmedia":[{"embeddable":true,"href":"https:\/\/baldumarket.lt\/lt\/wp-json\/wp\/v2\/media\/267388"}],"wp:attachment":[{"href":"https:\/\/baldumarket.lt\/lt\/wp-json\/wp\/v2\/media?parent=267387"}],"wp:term":[{"taxonomy":"product_brand","embeddable":true,"href":"https:\/\/baldumarket.lt\/lt\/wp-json\/wp\/v2\/product_brand?post=267387"},{"taxonomy":"product_cat","embeddable":true,"href":"https:\/\/baldumarket.lt\/lt\/wp-json\/wp\/v2\/product_cat?post=267387"},{"taxonomy":"product_tag","embeddable":true,"href":"https:\/\/baldumarket.lt\/lt\/wp-json\/wp\/v2\/product_tag?post=267387"}],"curies":[{"name":"wp","href":"https:\/\/api.w.org\/{rel}","templated":true}]}}