{"id":267378,"date":"2026-01-14T00:37:47","date_gmt":"2026-01-13T21:37:47","guid":{"rendered":"https:\/\/baldumarket.lt\/product\/szafka-na-buty-czterodrzwiowa-metalowa-fly-50x1365x15-bialy\/"},"modified":"2026-02-11T18:18:09","modified_gmt":"2026-02-11T15:18:09","slug":"szafka-na-buty-czterodrzwiowa-metalowa-fly-50x1365x15-bialy","status":"publish","type":"product","link":"https:\/\/baldumarket.lt\/lt\/product\/szafka-na-buty-czterodrzwiowa-metalowa-fly-50x1365x15-bialy\/","title":{"rendered":"Fly keturi\u0173 dur\u0173 metalin\u0117 bat\u0173 spintel\u0117 50\u00d7136,5\u00d715 balta"},"content":{"rendered":"<p>\u201eFly 4K\u201c bat\u0173 spintel\u0117 \u2013 patogus daikt\u0173 laikymas. Dizainas ir funkcionalumas. \u201eFly 4K\u201c bat\u0173 spintel\u0117 \u2013 tai erdvus ir stilingas sprendimas, skirtas laikyti kelis batus neu\u017eimant vertingos vietos. Keturi varstomi skyriai leid\u017eia sutvarkyti visos \u0161eimos avalyn\u0119, o vos 15 cm gylio rei\u0161kia, kad spintel\u0117 tilps net ir siauriausiame koridoriuje ar prieangyje. Pagaminta i\u0161 milteliniu b\u016bdu da\u017eyto metalo, \u201eFly 4K\u201c i\u0161siskiria patvarumu ir lengva prie\u017ei\u016bra. Integruotos rankenos pabr\u0117\u017eia minimalistin\u012f baldo charakter\u012f ir u\u017etikrina patog\u0173 naudojim\u0105. \u0160i spintel\u0117, kuri\u0105 galima \u012fsigyti dviej\u0173 spalv\u0173 \u2013 baltos ir antracito \u2013 leid\u017eia priderinti j\u0105 prie j\u016bs\u0173 interjero stiliaus. Ypatingos savyb\u0117s: Matmenys: 50 \u00d7 136,5 \u00d7 15 cm \u2013 keturi varstomi bat\u0173 skyriai. Milteliniu b\u016bdu da\u017eyto metalo konstrukcija \u2013 patvarumas ir moderni i\u0161vaizda. Integruotos rankenos \u2013 esteti\u0161kai patrauklios ir lengvai valomos. Tvirtinama prie sienos \u2013 idealiai tinka ma\u017eoms erdv\u0117ms. Spalva: balta. Santrauka: \u201eFly 4K\u201c bat\u0173 spintel\u0117 yra funkcionalus ir modernus baldas siauriems koridoriams ir \u012f\u0117jimams. Ji pasi\u017eymi didele talpa kompakti\u0161kame dydyje, o metalin\u0117 konstrukcija u\u017etikrina ilgalaik\u012f naudojim\u0105.<\/p>\n<p>Prek\u0117s kodas MT_SPP-SFB4K-FLY-BI Plotis 50 cm Gylis 15 cm Auk\u0161tis 136 cm Kolekcija \u201eFly\u201c Spalva balta Atspalvis balta Stilius modernus Med\u017eiaga metalas Gamintojas Juoda Raudona Balta Bald\u0173 tipas Lentynos ir vitrinos PVM 23% EAN 5906123122580<\/p>","protected":false},"excerpt":{"rendered":"<p>Bat\u0173 spintel\u0117 \u201eFly 4K\u201c \u2013 patogus daikt\u0173 laikymas. Dizainas ir funkcionalumas. Bat\u0173 spintel\u0117 \u201eFly 4K\u201c \u2013 tai erdvus ir stilingas sprendimas, skirtas laikyti kelis batus neu\u017eimant daug vietos. Keturi skyriai su varstomais skyriais leid\u017eia sutvarkyti visos \u0161eimos avalyn\u0119, o vos 15 cm gylio rei\u0161kia, kad spintel\u0117je tilps net [\u2026]<\/p>","protected":false},"featured_media":267379,"comment_status":"open","ping_status":"open","template":"","meta":[],"product_brand":[],"product_cat":[9200,1997],"product_tag":[],"class_list":{"0":"post-267378","1":"product","2":"type-product","3":"status-publish","4":"has-post-thumbnail","6":"product_cat-black-red-white","7":"product_cat-shoe-cabinets","9":"first","10":"instock","11":"purchasable","12":"product-type-simple"},"_links":{"self":[{"href":"https:\/\/baldumarket.lt\/lt\/wp-json\/wp\/v2\/product\/267378","targetHints":{"allow":["GET"]}}],"collection":[{"href":"https:\/\/baldumarket.lt\/lt\/wp-json\/wp\/v2\/product"}],"about":[{"href":"https:\/\/baldumarket.lt\/lt\/wp-json\/wp\/v2\/types\/product"}],"replies":[{"embeddable":true,"href":"https:\/\/baldumarket.lt\/lt\/wp-json\/wp\/v2\/comments?post=267378"}],"wp:featuredmedia":[{"embeddable":true,"href":"https:\/\/baldumarket.lt\/lt\/wp-json\/wp\/v2\/media\/267379"}],"wp:attachment":[{"href":"https:\/\/baldumarket.lt\/lt\/wp-json\/wp\/v2\/media?parent=267378"}],"wp:term":[{"taxonomy":"product_brand","embeddable":true,"href":"https:\/\/baldumarket.lt\/lt\/wp-json\/wp\/v2\/product_brand?post=267378"},{"taxonomy":"product_cat","embeddable":true,"href":"https:\/\/baldumarket.lt\/lt\/wp-json\/wp\/v2\/product_cat?post=267378"},{"taxonomy":"product_tag","embeddable":true,"href":"https:\/\/baldumarket.lt\/lt\/wp-json\/wp\/v2\/product_tag?post=267378"}],"curies":[{"name":"wp","href":"https:\/\/api.w.org\/{rel}","templated":true}]}}