{"id":267365,"date":"2026-01-14T00:37:37","date_gmt":"2026-01-13T21:37:37","guid":{"rendered":"https:\/\/baldumarket.lt\/product\/szafka-kuchenna-wysoka-slupek-prawy-50x195-cm-junona-line-dab-bernstein-dab-bernstein\/"},"modified":"2026-02-11T18:18:09","modified_gmt":"2026-02-11T15:18:09","slug":"szafka-kuchenna-wysoka-slupek-prawy-50x195-cm-junona-line-dab-bernstein-dab-bernstein","status":"publish","type":"product","link":"https:\/\/baldumarket.lt\/lt\/product\/szafka-kuchenna-wysoka-slupek-prawy-50x195-cm-junona-line-dab-bernstein-dab-bernstein\/","title":{"rendered":"Auk\u0161ta virtuv\u0117s spintel\u0117, de\u0161inysis stulpelis, 50\u00d7195 cm, JUNONA LINE, Bernstein \u0105\u017euolas\/Bernstein \u0105\u017euolas"},"content":{"rendered":"<p>Auk\u0161ta virtuv\u0117s spintel\u0117 \u2013 tarsi ramstis j\u016bs\u0173 virtuv\u0117je. Puikus sprendimas, jei virtuv\u0117je reikia papildomos vietos daiktams susid\u0117ti. Ji leid\u017eia susitvarkyti maisto atsargas, kepimo ir maisto gaminimo priedus, palaikyti tvark\u0105 ir funkcionalum\u0105. \u0160i 50 x 195 x 56 cm dyd\u017eio spintel\u0117 tinka \u012fvairiems virtuv\u0117s i\u0161planavimams, pavyzd\u017eiui, L formos, U formos arba salos stiliaus. Tai de\u0161inin\u0117s rankos modelis, o tai rei\u0161kia, kad fasadai atsidaro \u012f de\u0161in\u0119. \u201eJunona Line\u201c kolekcijos dizainas derina modernias tendencijas ir elegancij\u0105. Nat\u016bralaus Bernsteino \u0105\u017euolo korpusas ir lyg\u016bs tos pa\u010dios spalvos fasadai suteikia virtuvei modernumo, o minimalistin\u0117s juodos ranken\u0117l\u0117s \u2013 rafinuotumo. Derindami \u0161i\u0105 spintel\u0119 su kitais \u201eJunona Line\u201c kolekcijos elementais, galite sukurti darni\u0105 ir esteti\u0161kai patraukli\u0105 virtuv\u0117s erdv\u0119.<\/p>\n<p>Prek\u0117s kodas K24-D2D\/50\/195_P-DBT Plotis 50 cm Gylis 57,5 cm Auk\u0161tis 195 cm Kolekcija Junona Line Spalva bernstein \u0105\u017euolas Atspalvis \u0161viesi mediena Stilius modernus Med\u017eiaga laminatas Korpusas laminatas Priekin\u0117 dalis laminatas Dureli\u0173 skai\u010dius 2 dur\u0173 Stal\u010di\u0173 skai\u010dius be stal\u010di\u0173 Rankena su rankenomis Gamintojas Juoda Raudona Balta Baldo tipas Virtuv\u0117s spintel\u0117s PVM 23% EAN 5906123046596<\/p>","protected":false},"excerpt":{"rendered":"<p>Auk\u0161ta virtuv\u0117s spintel\u0117 \u2013 tarsi ramstis j\u016bs\u0173 virtuv\u0117je. Puikus sprendimas, jei virtuv\u0117je reikia papildomos vietos daiktams susid\u0117ti. Ji leid\u017eia susitvarkyti maisto atsargas, kepimo ir maisto gaminimo priedus, i\u0161laikyti virtuv\u0119 tvarking\u0105 ir funkcionali\u0105. 50 x 195 x 56 cm dyd\u017eio spintel\u0117 tinka \u012fvairiems virtuv\u0117s i\u0161planavimams, pavyzd\u017eiui, L formos, U formos, [\u2026]<\/p>","protected":false},"featured_media":267366,"comment_status":"open","ping_status":"open","template":"","meta":[],"product_brand":[],"product_cat":[9200,9118],"product_tag":[],"class_list":{"0":"post-267365","1":"product","2":"type-product","3":"status-publish","4":"has-post-thumbnail","6":"product_cat-black-red-white","7":"product_cat-kitchen-cabinets","9":"first","10":"instock","11":"purchasable","12":"product-type-simple"},"_links":{"self":[{"href":"https:\/\/baldumarket.lt\/lt\/wp-json\/wp\/v2\/product\/267365","targetHints":{"allow":["GET"]}}],"collection":[{"href":"https:\/\/baldumarket.lt\/lt\/wp-json\/wp\/v2\/product"}],"about":[{"href":"https:\/\/baldumarket.lt\/lt\/wp-json\/wp\/v2\/types\/product"}],"replies":[{"embeddable":true,"href":"https:\/\/baldumarket.lt\/lt\/wp-json\/wp\/v2\/comments?post=267365"}],"wp:featuredmedia":[{"embeddable":true,"href":"https:\/\/baldumarket.lt\/lt\/wp-json\/wp\/v2\/media\/267366"}],"wp:attachment":[{"href":"https:\/\/baldumarket.lt\/lt\/wp-json\/wp\/v2\/media?parent=267365"}],"wp:term":[{"taxonomy":"product_brand","embeddable":true,"href":"https:\/\/baldumarket.lt\/lt\/wp-json\/wp\/v2\/product_brand?post=267365"},{"taxonomy":"product_cat","embeddable":true,"href":"https:\/\/baldumarket.lt\/lt\/wp-json\/wp\/v2\/product_cat?post=267365"},{"taxonomy":"product_tag","embeddable":true,"href":"https:\/\/baldumarket.lt\/lt\/wp-json\/wp\/v2\/product_tag?post=267365"}],"curies":[{"name":"wp","href":"https:\/\/api.w.org\/{rel}","templated":true}]}}