{"id":267351,"date":"2026-01-14T00:37:20","date_gmt":"2026-01-13T21:37:20","guid":{"rendered":"https:\/\/baldumarket.lt\/product\/szafka-kuchenna-wysoka-slupek-lewy-50x195-cm-junona-line-bialy-kredowy-polysk\/"},"modified":"2026-02-11T18:18:10","modified_gmt":"2026-02-11T15:18:10","slug":"szafka-kuchenna-wysoka-slupek-lewy-50x195-cm-junona-line-bialy-kredowy-polysk","status":"publish","type":"product","link":"https:\/\/baldumarket.lt\/lt\/product\/szafka-kuchenna-wysoka-slupek-lewy-50x195-cm-junona-line-bialy-kredowy-polysk\/","title":{"rendered":"Auk\u0161ta virtuv\u0117s spintel\u0117, kairinis stulpelis, 50\u00d7195 cm, JUNONA LINE, balta\/kreidos blizgi spalva"},"content":{"rendered":"<p>Auk\u0161ta \u201eJunona Line\u201c virtuv\u0117s spintel\u0117 \u2013 puikus sprendimas, jei virtuv\u0117je reikia papildomos vietos daiktams laikyti. Ji leid\u017eia susid\u0117ti maisto atsargas, kepimo ir maisto gaminimo priedus, i\u0161laikyti tvark\u0105 virtuv\u0117je ir suteikti jai daugiau funkcionalumo. \u0160i 50 \u00d7 195 cm spintel\u0117 tinka virtuv\u0117ms su \u012fvairiu i\u0161planavimu, pavyzd\u017eiui, L formos, U formos arba salos tipo. Tai de\u0161ininis modelis, o tai rei\u0161kia, kad fasadai atsidaro \u012f de\u0161in\u0119. \u201eJunona Line\u201c kolekcijos dizainas derina modernias tendencijas su elegancija. Baltas korpusas ir stilingi kreidos blizgesio fasadai suteikia virtuvei modernumo, o minimalistin\u0117s rankenos \u2013 rafinuotumo. Derinant \u0161i\u0105 spintel\u0119 su kitais \u201eJunona Line\u201c kolekcijos elementais, galima sukurti darni\u0105 ir esteti\u0161kai patraukli\u0105 virtuv\u0117s erdv\u0119.<\/p>\n<p>Produkto kodas K24-D2D\/50\/195_L-BI\/KRP Simbolis ZM EAN Plotis 50 cm Gylis 57,5 cm Auk\u0161tis 194,3 cm Kolekcija Junona Line Spalva balta\/kreidos blizgu\u010diai balta Atspalvis Stilius modernus Korpusas laminatas Priekin\u0117 dalis laminatas Dureli\u0173 skai\u010dius 2 dur\u0173 Stal\u010di\u0173 skai\u010dius be stal\u010di\u0173 Rankena su rankenomis Gamintojas Juoda Raudona Balta Baldo tipas Virtuv\u0117s spintel\u0117s PVM 23% EAN 5906123540100<\/p>","protected":false},"excerpt":{"rendered":"<p>\u201eJunona Line\u201c auk\u0161ta virtuv\u0117s spintel\u0117 yra puikus sprendimas, jei virtuv\u0117je reikia papildomos vietos daiktams laikyti. Ji leid\u017eia susitvarkyti maisto atsargas, kepimo ir maisto gaminimo priedus, i\u0161laikyti virtuv\u0119 tvarking\u0105 ir funkcionali\u0105. \u0160i 50 \u00d7 195 cm spintel\u0117 tinka virtuv\u0117ms su \u012fvairiu i\u0161planavimu, pavyzd\u017eiui, L formos, U formos arba salos tipo. Ji [\u2026]<\/p>","protected":false},"featured_media":267352,"comment_status":"open","ping_status":"open","template":"","meta":[],"product_brand":[],"product_cat":[9200,9118],"product_tag":[],"class_list":{"0":"post-267351","1":"product","2":"type-product","3":"status-publish","4":"has-post-thumbnail","6":"product_cat-black-red-white","7":"product_cat-kitchen-cabinets","9":"first","10":"instock","11":"purchasable","12":"product-type-simple"},"_links":{"self":[{"href":"https:\/\/baldumarket.lt\/lt\/wp-json\/wp\/v2\/product\/267351","targetHints":{"allow":["GET"]}}],"collection":[{"href":"https:\/\/baldumarket.lt\/lt\/wp-json\/wp\/v2\/product"}],"about":[{"href":"https:\/\/baldumarket.lt\/lt\/wp-json\/wp\/v2\/types\/product"}],"replies":[{"embeddable":true,"href":"https:\/\/baldumarket.lt\/lt\/wp-json\/wp\/v2\/comments?post=267351"}],"wp:featuredmedia":[{"embeddable":true,"href":"https:\/\/baldumarket.lt\/lt\/wp-json\/wp\/v2\/media\/267352"}],"wp:attachment":[{"href":"https:\/\/baldumarket.lt\/lt\/wp-json\/wp\/v2\/media?parent=267351"}],"wp:term":[{"taxonomy":"product_brand","embeddable":true,"href":"https:\/\/baldumarket.lt\/lt\/wp-json\/wp\/v2\/product_brand?post=267351"},{"taxonomy":"product_cat","embeddable":true,"href":"https:\/\/baldumarket.lt\/lt\/wp-json\/wp\/v2\/product_cat?post=267351"},{"taxonomy":"product_tag","embeddable":true,"href":"https:\/\/baldumarket.lt\/lt\/wp-json\/wp\/v2\/product_tag?post=267351"}],"curies":[{"name":"wp","href":"https:\/\/api.w.org\/{rel}","templated":true}]}}