{"id":267299,"date":"2026-01-14T00:36:34","date_gmt":"2026-01-13T21:36:34","guid":{"rendered":"https:\/\/baldumarket.lt\/product\/szafka-dwudrzwiowa-gent-115-cm-dab-stirling\/"},"modified":"2026-02-11T18:18:11","modified_gmt":"2026-02-11T15:18:11","slug":"szafka-dwudrzwiowa-gent-115-cm-dab-stirling","status":"publish","type":"product","link":"https:\/\/baldumarket.lt\/lt\/product\/szafka-dwudrzwiowa-gent-115-cm-dab-stirling\/","title":{"rendered":"GENT dviej\u0173 dur\u0173 spintel\u0117, 115 cm, \u0105\u017euolo spalvos, Stirlingo spalva"},"content":{"rendered":"<p>\u201eGent\u201c spintel\u0117 \u2013 puikus sprendimas stilingo ir madingo interjero m\u0117g\u0117jams. \u0160is baldas puikiai papildys tiek svetain\u0119, tiek valgom\u0105j\u012f, suteikdamas j\u016bs\u0173 namams ne tik prakti\u0161kumo, bet ir rafinuoto dizaino. Funkcionalumas: \u201eGent\u201c spintel\u0117 buvo sukurta atsi\u017evelgiant \u012f praktin\u012f erdv\u0117s i\u0161naudojim\u0105. D\u0117l universalios lentynos, kuri padalija interjer\u0105, galite laikyti ir tvarkyti \u012fvairius daiktus. Tai puiki vieta laikyti norimus daiktus po ranka. Unikalus dizainas: Baldai yra \u0161iltos Stirlingo \u0105\u017euolo spalvos, su matomais ra\u0161tais ir tikros medienos tekst\u016bra. \u0160is klasikinis, ta\u010diau eleganti\u0161kas dizainas suteiks j\u016bs\u0173 interjerui \u0161ilt\u0105 atmosfer\u0105. Naudojimo patogumas: \u201eGent\u201c spintel\u0117 garantuoja i\u0161skirtin\u012f naudojimo patogum\u0105 d\u0117l firmini\u0173 vyri\u0173 su \u0161velnaus u\u017edarymo sistema. Tai leid\u017eia spintel\u0119 atidaryti ir u\u017edaryti be garso, o pats atidarymas ir u\u017edarymas u\u017etikrina ilgalaik\u012f tarnavim\u0105. Derinimo galimyb\u0117s: \u201eGent\u201c kolekcijoje si\u016blomas platus bald\u0173 asortimentas, kuriuos galima derinti ir i\u0161d\u0117styti, kad j\u016bs\u0173 namuose ar bute b\u016bt\u0173 sukurtas darnus interjero dizainas. \u201eGent\u201c spintel\u0117 yra ne tik prakti\u0161kas daikt\u0173 laikymo sprendimas, bet ir eleganti\u0161kas dekoratyvinis elementas, kuris suteiks j\u016bs\u0173 interjerui stiliaus ir charakterio.<\/p>\n<p>Prek\u0117s kodas S228-SFK2D\/9\/12-DAST Simbolis ZM EAN Plotis 115 cm Gylis 45 cm Auk\u0161tis 85 cm Kolekcija Gent Spalva stirling \u0105\u017euolas Atspalvis tamsi mediena Stilius modernus Dureli\u0173 skai\u010dius 2 dur\u0173 Stal\u010di\u0173 skai\u010dius be stal\u010di\u0173 Rankena su rankenomis Gamintojas Juoda Raudona Balta Baldo tipas Bat\u0173 spintel\u0117s PVM 23% EAN 5906123923071<\/p>","protected":false},"excerpt":{"rendered":"<p>Spintel\u0117 \u201eGent\u201c \u2013 puikus sprendimas stilingo ir madingo interjero m\u0117g\u0117jams. \u0160is baldas puikiai papildys tiek svetain\u0119, tiek valgom\u0105j\u012f, suteikdamas j\u016bs\u0173 namams ne tik prakti\u0161kumo, bet ir rafinuoto dizaino. Funkcionalumas: Spintel\u0117 \u201eGent\u201c buvo sukurta atsi\u017evelgiant \u012f praktin\u012f erdv\u0117s i\u0161naudojim\u0105. [\u2026]<\/p>","protected":false},"featured_media":267300,"comment_status":"open","ping_status":"open","template":"","meta":[],"product_brand":[],"product_cat":[9200,9120],"product_tag":[],"class_list":{"0":"post-267299","1":"product","2":"type-product","3":"status-publish","4":"has-post-thumbnail","6":"product_cat-black-red-white","7":"product_cat-cabinets","9":"first","10":"instock","11":"purchasable","12":"product-type-simple"},"_links":{"self":[{"href":"https:\/\/baldumarket.lt\/lt\/wp-json\/wp\/v2\/product\/267299","targetHints":{"allow":["GET"]}}],"collection":[{"href":"https:\/\/baldumarket.lt\/lt\/wp-json\/wp\/v2\/product"}],"about":[{"href":"https:\/\/baldumarket.lt\/lt\/wp-json\/wp\/v2\/types\/product"}],"replies":[{"embeddable":true,"href":"https:\/\/baldumarket.lt\/lt\/wp-json\/wp\/v2\/comments?post=267299"}],"wp:featuredmedia":[{"embeddable":true,"href":"https:\/\/baldumarket.lt\/lt\/wp-json\/wp\/v2\/media\/267300"}],"wp:attachment":[{"href":"https:\/\/baldumarket.lt\/lt\/wp-json\/wp\/v2\/media?parent=267299"}],"wp:term":[{"taxonomy":"product_brand","embeddable":true,"href":"https:\/\/baldumarket.lt\/lt\/wp-json\/wp\/v2\/product_brand?post=267299"},{"taxonomy":"product_cat","embeddable":true,"href":"https:\/\/baldumarket.lt\/lt\/wp-json\/wp\/v2\/product_cat?post=267299"},{"taxonomy":"product_tag","embeddable":true,"href":"https:\/\/baldumarket.lt\/lt\/wp-json\/wp\/v2\/product_tag?post=267299"}],"curies":[{"name":"wp","href":"https:\/\/api.w.org\/{rel}","templated":true}]}}