{"id":267291,"date":"2026-01-14T00:36:28","date_gmt":"2026-01-13T21:36:28","guid":{"rendered":"https:\/\/baldumarket.lt\/product\/szafa-z-frontami-przesuwnymi-loksa-270-cm-sosna-andersen-biala-dab-grandson\/"},"modified":"2026-02-11T18:18:11","modified_gmt":"2026-02-11T15:18:11","slug":"szafa-z-frontami-przesuwnymi-loksa-270-cm-sosna-andersen-biala-dab-grandson","status":"publish","type":"product","link":"https:\/\/baldumarket.lt\/lt\/product\/szafa-z-frontami-przesuwnymi-loksa-270-cm-sosna-andersen-biala-dab-grandson\/","title":{"rendered":"LOKSA spinta su stumdomais fasadais, 270 cm, Andersen pu\u0161is, balta\/An\u016bkas \u0105\u017euolas"},"content":{"rendered":"<p>\u201eLoksa\u201c spinta \u2013 erdvi skandinavi\u0161ko stiliaus spinta. \u201eLoksa\u201c spinta sukurta tiems, kurie vertina modern\u0173 dizain\u0105 ir prakti\u0161kus sprendimus. Tai puikus pasirinkimas miegamajam, persirengimo kambariui ar prie\u0161kambariui. Apdailinta prislopinta balta \u201eAndersen\u201c pu\u0161imi, \u201eLoksa\u201c spintoje yra lentjuost\u0117s, \u012fkv\u0117ptos tos pa\u010dios kolekcijos varstom\u0173 fasad\u0173. Unikalus \u0161ios spintos bruo\u017eas \u2013 stumdomos durys, kurios suteikia modernumo ir taupo viet\u0105. U\u017e stumdom\u0173 dur\u0173 yra trys pakabinimo b\u0117geliai, puikiai tinkantys mar\u0161kiniams, striuk\u0117ms, \u0161varkams ar keln\u0117ms. Tai apsaugo nuo rauk\u0161li\u0173 ir taupo laik\u0105 lyginant. Apatin\u0117 spintos dalis idealiai tinka rankin\u0117ms, kuprin\u0117ms ar batams, o vir\u0161utin\u0117s lentynos puikiai tinka re\u010diau naudojamiems daiktams laikyti. Galima \u012fsigyti papildom\u0173 lentyn\u0173, kurios leis dar labiau organizuotai laikyti daiktus. Nor\u0117dami suteikti \u201eLoksa\u201c spintai dar eleganti\u0161kesn\u0119 i\u0161vaizd\u0105, galite \u012fsigyti \u201eGrandson Oak\u201c dengiam\u0105j\u0105 juostel\u0119. \u0160is paprastas sprendimas pagerins baldo estetik\u0105 ir suteiks visam miegamajam stilingesn\u012f charakter\u012f. Su \u201eLoksa\u201c spinta galite lengvai kontroliuoti netvark\u0105 savo kambaryje, m\u0117gaudamiesi moderniu ir \u0161variu savo buto vaizdu. \u201eLoksa\u201c kolekcija \u2013 puikus pasirinkimas skandinavi\u0161ko stiliaus, kuriame minimalizmas derinamas su funkcionalumu ir nat\u016braliomis med\u017eiagomis, m\u0117g\u0117jams. Per\u017ei\u016br\u0117kite kitus \u0161ios kolekcijos gaminius ir susikurkite savo interjer\u0105 taip, kad jis visi\u0161kai atitikt\u0173 j\u016bs\u0173 poreikius ir estetinius pageidavimus.<\/p>\n<p>Prek\u0117s kodas S455-SZF\/270\/218-APW Plotis 270 cm Gylis 62,5 cm Auk\u0161tis 218,5 cm Kolekcija Loksa Spalva Anderseno pu\u0161is balta\/Grandson \u0105\u017euolas Atspalvis \u0161viesus medis Stilius Skandinavi\u0161kas Med\u017eiaga laminatas Dur\u0173 skai\u010dius 2 dur\u0173 Stal\u010di\u0173 skai\u010dius be stal\u010di\u0173 Rankena su rankenomis Gamintojas Juoda Raudona Balta Baldo tipas Spintos PVM 23% EAN 5906123030984<\/p>","protected":false},"excerpt":{"rendered":"<p>\u201eLoksa\u201c spinta \u2013 erdvi skandinavi\u0161ko stiliaus spinta. \u201eLoksa\u201c spinta sukurta tiems, kurie vertina modern\u0173 dizain\u0105 ir prakti\u0161kus sprendimus. Tai puikus pasirinkimas miegamajam, persirengimo kambariui ar prie\u0161kambariui. Apdailinta prislopinta balta \u201eAndersen\u201c pu\u0161imi, \u201eLoksa\u201c spintos grotel\u0117s \u012fkv\u0117ptos tos pa\u010dios kolekcijos varstom\u0173 fasad\u0173. Unikali [\u2026]<\/p>","protected":false},"featured_media":267292,"comment_status":"open","ping_status":"open","template":"","meta":[],"product_brand":[],"product_cat":[9200,1177],"product_tag":[],"class_list":{"0":"post-267291","1":"product","2":"type-product","3":"status-publish","4":"has-post-thumbnail","6":"product_cat-black-red-white","7":"product_cat-wardrobes","9":"first","10":"instock","11":"purchasable","12":"product-type-simple"},"_links":{"self":[{"href":"https:\/\/baldumarket.lt\/lt\/wp-json\/wp\/v2\/product\/267291","targetHints":{"allow":["GET"]}}],"collection":[{"href":"https:\/\/baldumarket.lt\/lt\/wp-json\/wp\/v2\/product"}],"about":[{"href":"https:\/\/baldumarket.lt\/lt\/wp-json\/wp\/v2\/types\/product"}],"replies":[{"embeddable":true,"href":"https:\/\/baldumarket.lt\/lt\/wp-json\/wp\/v2\/comments?post=267291"}],"wp:featuredmedia":[{"embeddable":true,"href":"https:\/\/baldumarket.lt\/lt\/wp-json\/wp\/v2\/media\/267292"}],"wp:attachment":[{"href":"https:\/\/baldumarket.lt\/lt\/wp-json\/wp\/v2\/media?parent=267291"}],"wp:term":[{"taxonomy":"product_brand","embeddable":true,"href":"https:\/\/baldumarket.lt\/lt\/wp-json\/wp\/v2\/product_brand?post=267291"},{"taxonomy":"product_cat","embeddable":true,"href":"https:\/\/baldumarket.lt\/lt\/wp-json\/wp\/v2\/product_cat?post=267291"},{"taxonomy":"product_tag","embeddable":true,"href":"https:\/\/baldumarket.lt\/lt\/wp-json\/wp\/v2\/product_tag?post=267291"}],"curies":[{"name":"wp","href":"https:\/\/api.w.org\/{rel}","templated":true}]}}