{"id":267283,"date":"2026-01-14T00:36:21","date_gmt":"2026-01-13T21:36:21","guid":{"rendered":"https:\/\/baldumarket.lt\/product\/szafa-z-frontami-przesuwnymi-270-forn-270-cm-dab-delano-ciemny-czarny-mat\/"},"modified":"2026-02-11T18:18:11","modified_gmt":"2026-02-11T15:18:11","slug":"szafa-z-frontami-przesuwnymi-270-forn-270-cm-dab-delano-ciemny-czarny-mat","status":"publish","type":"product","link":"https:\/\/baldumarket.lt\/lt\/product\/szafa-z-frontami-przesuwnymi-270-forn-270-cm-dab-delano-ciemny-czarny-mat\/","title":{"rendered":"Spinta su stumdomomis fasadais 270 FORN 270 cm Delano tamsaus \u0105\u017euolo\/matin\u0117s juodos spalvos"},"content":{"rendered":"<p>Spinta \u201eForn 270\u201c \u2013 erdvus ir modernus daikt\u0173 laikymo sprendimas. \u201eForn\u201c kolekcijoje si\u016blomi baldai, idealiai tinkantys moderniam i\u0161d\u0117stymui tiek svetain\u0117je, tiek miegamajame. Jei jums reikia erdvios spintos drabu\u017eiams ir tekstil\u0117s gaminiams laikyti, pristatome spint\u0105 \u201e270\u201c su stumdomomis sijomis. \u0160i didel\u0117 spinta suteikia daug vietos drabu\u017eiams ir kitiems daiktams laikyti. Vienas i\u0161 jos privalum\u0173 \u2013 pilka drob\u0117 viduje, kuri padeda sutvarkyti ir r\u016b\u0161iuoti drabu\u017eius. \u0160tai pagrindin\u0117s \u201eForn 270\u201c spintos savyb\u0117s: \u2013 Trij\u0173 dali\u0173 vidinis padalinys leid\u017eia organizuoti erdv\u0119 pagal savo poreikius.<br \/>\n\u2013 Trys gilios vir\u0161utin\u0117s lentynos, kuriose galima laikyti tokius daiktus kaip sulankstyti drabu\u017eiai, patalyn\u0117 ar aksesuarai.<br \/>\n\u2013 Trys pakabinimo b\u0117geliai drabu\u017eiams, striuk\u0117ms, suknel\u0117ms ir kitiems daiktams pakabinti.<br \/>\n\u2013 Galima papildomai u\u017esisakyti PST apvad\u0105, kuris \u012fr\u0117mina spint\u0105 ir suteikia jai eleganti\u0161k\u0105 i\u0161vaizd\u0105. \u2013 Galimyb\u0117 \u012fsigyti papildomas 83 cm ir 98 cm ilgio lentynas (kaip papildom\u0105 pried\u0105), leid\u017eian\u010di\u0105 pritaikyti spint\u0105 pagal savo poreikius.<br \/>\n\u2013 Galimos spalvos: blizgi balta, tamsaus \u201eDelano\u201c \u0105\u017euolo \/ matin\u0117s juodos, tamsaus \u201eDelano\u201c \u0105\u017euolo \/ blizgios baltos ir blizgios baltos \/ matin\u0117s juodos. 270 \u201eForn\u201c spinta pasi\u017eymi lygiu priekiu ir frezuoto ra\u0161to intarpais, tod\u0117l ji pasi\u017eymi unikaliu stiliumi ir puikiai dera prie kit\u0173 \u201eForn\u201c kolekcijos bald\u0173. \u0160is sprendimas ne tik suteikia daug vietos daiktams susid\u0117ti, bet ir suteikia visam i\u0161d\u0117stymui modernumo.<\/p>\n<p>Prek\u0117s kodas S471-SZF\/270-DDC\/CAM Simbolis ZM EAN Plotis 270 cm Gylis 58 cm Auk\u0161tis 218,5 cm Kolekcija Forn Spalva tamsus Delano \u0105\u017euolas\/matin\u0117 juoda Atspalvis tamsus medis Stilius modernus Dur\u0173 skai\u010dius 2 dur\u0173 Stal\u010di\u0173 skai\u010dius be stal\u010di\u0173 Rankena be ranken\u0117li\u0173 Gamintojas Juoda Raudona Balta Baldo tipas Spintos PVM 23% EAN 5906123706254<\/p>","protected":false},"excerpt":{"rendered":"<p>\u201eForn 270\u201c spinta \u2013 erdvus ir modernus daikt\u0173 laikymo sprendimas. \u201eForn\u201c kolekcijoje si\u016blomi baldai, idealiai tinkantys sukurti modern\u0173 i\u0161d\u0117stym\u0105 tiek svetain\u0117je, tiek miegamajame. Jei jums reikia erdvios spintos drabu\u017eiams ir tekstil\u0117s gaminiams laikyti, pristatome \u201e270\u201c stumdom\u0105 spint\u0105. \u0160i didel\u0117 spinta suteikia daug vietos drabu\u017eiams laikyti [\u2026]<\/p>","protected":false},"featured_media":267284,"comment_status":"open","ping_status":"open","template":"","meta":[],"product_brand":[],"product_cat":[9200,1177],"product_tag":[],"class_list":{"0":"post-267283","1":"product","2":"type-product","3":"status-publish","4":"has-post-thumbnail","6":"product_cat-black-red-white","7":"product_cat-wardrobes","9":"first","10":"instock","11":"purchasable","12":"product-type-simple"},"_links":{"self":[{"href":"https:\/\/baldumarket.lt\/lt\/wp-json\/wp\/v2\/product\/267283","targetHints":{"allow":["GET"]}}],"collection":[{"href":"https:\/\/baldumarket.lt\/lt\/wp-json\/wp\/v2\/product"}],"about":[{"href":"https:\/\/baldumarket.lt\/lt\/wp-json\/wp\/v2\/types\/product"}],"replies":[{"embeddable":true,"href":"https:\/\/baldumarket.lt\/lt\/wp-json\/wp\/v2\/comments?post=267283"}],"wp:featuredmedia":[{"embeddable":true,"href":"https:\/\/baldumarket.lt\/lt\/wp-json\/wp\/v2\/media\/267284"}],"wp:attachment":[{"href":"https:\/\/baldumarket.lt\/lt\/wp-json\/wp\/v2\/media?parent=267283"}],"wp:term":[{"taxonomy":"product_brand","embeddable":true,"href":"https:\/\/baldumarket.lt\/lt\/wp-json\/wp\/v2\/product_brand?post=267283"},{"taxonomy":"product_cat","embeddable":true,"href":"https:\/\/baldumarket.lt\/lt\/wp-json\/wp\/v2\/product_cat?post=267283"},{"taxonomy":"product_tag","embeddable":true,"href":"https:\/\/baldumarket.lt\/lt\/wp-json\/wp\/v2\/product_tag?post=267283"}],"curies":[{"name":"wp","href":"https:\/\/api.w.org\/{rel}","templated":true}]}}