{"id":267211,"date":"2026-01-14T00:35:20","date_gmt":"2026-01-13T21:35:20","guid":{"rendered":"https:\/\/baldumarket.lt\/product\/szafa-z-drzwiami-przesuwnymi-z-lustrem-tetrix-220-cm-bialy-polysk\/"},"modified":"2026-02-11T18:18:12","modified_gmt":"2026-02-11T15:18:12","slug":"szafa-z-drzwiami-przesuwnymi-z-lustrem-tetrix-220-cm-bialy-polysk","status":"publish","type":"product","link":"https:\/\/baldumarket.lt\/lt\/product\/szafa-z-drzwiami-przesuwnymi-z-lustrem-tetrix-220-cm-bialy-polysk\/","title":{"rendered":"TETRIX 220 cm spinta su stumdomomis durimis ir veidrod\u017eiu, balta blizgi"},"content":{"rendered":"<p>Stumdoma spinta \u201e220 Tetrix\u201c \u2013 tobula vieta daiktams susid\u0117ti. Spinta yra b\u016btinas baldas kiekvienuose namuose. Moderni stumdoma spinta \u201e220 Tetrix\u201c \u2013 tai sprendimas, kuris ne tik pad\u0117s susitvarkyti drabu\u017eius ir tekstil\u0119, bet ir suteiks j\u016bs\u0173 erdvei elegancijos bei funkcionalumo. \u0160tai pagrindin\u0117s \u0161io unikalaus baldo savyb\u0117s: 2 stumdomos durys, vienos i\u0161 j\u0173 su veidrod\u017eiu: \u201eTetrix\u201c spintos stumdomos durys yra puikus sprendimas norint sutaupyti vietos. Ta\u010diau vienos i\u0161 veidrodini\u0173 dur\u0173 yra ne tik dekoratyvios \u2013 tai ir prakti\u0161kas sprendimas, leid\u017eiantis lengviau patikrinti savo i\u0161vaizd\u0105 rengiantis. 3 pakabos: D\u0117l trij\u0173 pakabos turite daug vietos drabu\u017eiams laikyti. Galite laisvai r\u016b\u0161iuoti savo aprang\u0105 pagal tip\u0105 ir sezon\u0105, tod\u0117l lengviau i\u0161sirinkti tinkam\u0105 aprang\u0105 kiekvien\u0105 dien\u0105. 3 gilios vir\u0161utin\u0117s lentynos: vir\u0161utin\u0117s lentynos puikiai tinka laikyti daiktus, kuri\u0173 neb\u016btinai reikia kabinti ant pakab\u0173. \u010cia rasite vietos apatini\u0173 drabu\u017ei\u0173 d\u0117\u017eut\u0117ms, rankin\u0117ms ir kitiems aksesuarams, kuriuos norite laikyti po ranka. Standartin\u0117s 6 papildomos lentynos: \u0161is sprendimas suteikia dar daugiau vietos daiktams susid\u0117ti. Svarbu tai, kad lentynos yra reguliuojamos, tod\u0117l galite jas pritaikyti pagal savo poreikius. Jei jums reikia daugiau vietos pakabinti daiktus, tiesiog i\u0161traukite lentynas, kad atlaisvintum\u0117te papildomos vietos. Pilkas \u201eTetrix\u201c spintos vidus suteikia jai elegancijos ir palengvina laikom\u0173 daikt\u0173 paie\u0161k\u0105. \u0160i prakti\u0161ka savyb\u0117 leid\u017eia lengvai j\u0105 naudoti. Jei pilka spalva netinka j\u016bs\u0173 dekorui ar pageidavimams, \u201eTetrix\u201c spinta yra \u012fvairi\u0173 spalv\u0173, tod\u0117l galite j\u0105 priderinti prie savo stiliaus. \u201eTetrix\u201c kolekcijoje taip pat si\u016blomi kiti baldai, kuriuos galima derinti su \u0161ia spinta, kad miegamajame ar kitoje erdv\u0117je b\u016bt\u0173 sukurta darni i\u0161vaizda. Tai leid\u017eia m\u0117gautis gra\u017eiu, funkcionaliu interjeru, pritaikytu j\u016bs\u0173 poreikiams. Investuoti \u012f baldus, kurie derina stili\u0173, funkcionalum\u0105 ir kokyb\u0119, visada yra geras pasirinkimas. 220 \u201eTetrix\u201c stumdoma spinta yra baldas, kuris atitiks \u0161iuos l\u016bkes\u010dius, pad\u0117s palaikyti tvark\u0105 j\u016bs\u0173 namuose ir suteiks modernumo. Paverskite savo erdv\u0119 vieta, kur kiekvienas daiktas turi savo tobul\u0105 viet\u0105.<\/p>\n<p>Prek\u0117s kodas S442-SZF\/220\/M-BIP Simbolis ZM EAN Plotis 220 cm Gylis 60 cm Auk\u0161tis 195,5 cm Kolekcija Tetrix Spalva balta blizgi Atspalvis baltas Stilius modernus Dur\u0173 skai\u010dius 2 dur\u0173 Stal\u010di\u0173 skai\u010dius be stal\u010di\u0173 Rankena be ranken\u0117li\u0173 Gamintojas Juoda Raudona Balta Baldo tipas Spintos PVM 23% EAN 5906123607070<\/p>","protected":false},"excerpt":{"rendered":"<p>220 Tetrix stumdoma spinta \u2013 tobula vieta daiktams laikyti. Spinta yra b\u016btinas baldas kiekvienuose namuose. Moderni 220 Tetrix stumdoma spinta yra sprendimas, kuris ne tik pad\u0117s susitvarkyti drabu\u017eius ir tekstil\u0119, bet ir suteiks j\u016bs\u0173 erdvei elegancijos bei funkcionalumo. \u0160tai pagrindin\u0117s savyb\u0117s [\u2026]<\/p>","protected":false},"featured_media":267212,"comment_status":"open","ping_status":"open","template":"","meta":[],"product_brand":[],"product_cat":[9200,1177],"product_tag":[],"class_list":{"0":"post-267211","1":"product","2":"type-product","3":"status-publish","4":"has-post-thumbnail","6":"product_cat-black-red-white","7":"product_cat-wardrobes","9":"first","10":"instock","11":"purchasable","12":"product-type-simple"},"_links":{"self":[{"href":"https:\/\/baldumarket.lt\/lt\/wp-json\/wp\/v2\/product\/267211","targetHints":{"allow":["GET"]}}],"collection":[{"href":"https:\/\/baldumarket.lt\/lt\/wp-json\/wp\/v2\/product"}],"about":[{"href":"https:\/\/baldumarket.lt\/lt\/wp-json\/wp\/v2\/types\/product"}],"replies":[{"embeddable":true,"href":"https:\/\/baldumarket.lt\/lt\/wp-json\/wp\/v2\/comments?post=267211"}],"wp:featuredmedia":[{"embeddable":true,"href":"https:\/\/baldumarket.lt\/lt\/wp-json\/wp\/v2\/media\/267212"}],"wp:attachment":[{"href":"https:\/\/baldumarket.lt\/lt\/wp-json\/wp\/v2\/media?parent=267211"}],"wp:term":[{"taxonomy":"product_brand","embeddable":true,"href":"https:\/\/baldumarket.lt\/lt\/wp-json\/wp\/v2\/product_brand?post=267211"},{"taxonomy":"product_cat","embeddable":true,"href":"https:\/\/baldumarket.lt\/lt\/wp-json\/wp\/v2\/product_cat?post=267211"},{"taxonomy":"product_tag","embeddable":true,"href":"https:\/\/baldumarket.lt\/lt\/wp-json\/wp\/v2\/product_tag?post=267211"}],"curies":[{"name":"wp","href":"https:\/\/api.w.org\/{rel}","templated":true}]}}