{"id":267203,"date":"2026-01-14T00:35:12","date_gmt":"2026-01-13T21:35:12","guid":{"rendered":"https:\/\/baldumarket.lt\/product\/szafa-z-drzwiami-przesuwnymi-z-lustrem-tetrix-183-cm-dab-wotan\/"},"modified":"2026-02-11T18:18:12","modified_gmt":"2026-02-11T15:18:12","slug":"szafa-z-drzwiami-przesuwnymi-z-lustrem-tetrix-183-cm-dab-wotan","status":"publish","type":"product","link":"https:\/\/baldumarket.lt\/lt\/product\/szafa-z-drzwiami-przesuwnymi-z-lustrem-tetrix-183-cm-dab-wotan\/","title":{"rendered":"TETRIX spinta su stumdomomis durimis ir veidrod\u017eiu, 183 cm, Wotan \u0105\u017euolas"},"content":{"rendered":"<p>183 Tetrix stumdoma spinta \u2013 tobula vieta daiktams susid\u0117ti. Spinta yra b\u016btinas kiekvien\u0173 nam\u0173 baldas. Moderni 183 Tetrix stumdoma spinta \u2013 tai sprendimas, kuris ne tik pad\u0117s susitvarkyti drabu\u017eius ir tekstil\u0119, bet ir suteiks j\u016bs\u0173 erdvei elegancijos bei funkcionalumo. \u0160tai pagrindin\u0117s \u0161io unikalaus baldo savyb\u0117s: 2 stumdomos durys, vienos i\u0161 j\u0173 su veidrod\u017eiu: \u201eTetrix\u201c stumdomos durys yra ne tik prakti\u0161kas sprendimas norint sutaupyti vietos kambaryje, bet ir esteti\u0161kai patrauklus. Vienas i\u0161 prieki\u0173 yra padengtas veidrod\u017eiu, kuris ne tik suteikia elegancijos, bet ir leid\u017eia lengviau patikrinti savo i\u0161vaizd\u0105 rengiantis. 2 pakabos: Du pakabos b\u0117geliai suteikia patogi\u0105 viet\u0105 drabu\u017eiams pakabinti. Galite susisteminti savo aprang\u0105 pagal tip\u0105 ar sezon\u0105, tod\u0117l lengviau i\u0161sirinkti tinkam\u0105 aprang\u0105 kiekvien\u0105 dien\u0105. 2 gilios vir\u0161utin\u0117s lentynos: Vir\u0161utin\u0117s lentynos idealiai tinka laikyti daiktus, kuri\u0173 neb\u016btinai reikia kabinti ant pakab\u0173. \u010cia galite sud\u0117ti tokius daiktus kaip skalbini\u0173 krep\u0161iai, rankin\u0117s ar kiti aksesuarai. Trys papildomos lentynos yra standartin\u0117s: Tai dar vienas \u201eTetrix\u201c spintos privalumas. \u0160ios lentynos suteikia papildomos vietos daiktams susid\u0117ti ir, svarbiausia, jas galima visi\u0161kai reguliuoti. Galite juos pritaikyti pagal savo poreikius ir i\u0161traukti, kad atsirast\u0173 daugiau vietos drabu\u017eiams pakabinti. Tai prakti\u0161kas sprendimas, leid\u017eiantis lanks\u010diai naudoti spintos vid\u0173. Pilka \u201eTetrix\u201c spintos vidaus spalva suteikia jai eleganti\u0161k\u0105 ir modern\u0173 vaizd\u0105. Ji taip pat prakti\u0161ka, nes pilka spalva leid\u017eia geriau matyti spintos turin\u012f net ir prastai ap\u0161viestomis s\u0105lygomis. Jei pilka n\u0117ra j\u016bs\u0173 m\u0117gstamiausia spalva arba norite ry\u0161kesnio sprendimo, galite rinktis kitos spalvos \u201eTetrix\u201c spint\u0105. Tai puikus pasirinkimas, derantis prie likusio j\u016bs\u0173 interjero. \u201eTetrix\u201c kolekcijoje taip pat si\u016blomi kiti baldai, kuriuos galima derinti su \u0161ia spinta, kad j\u016bs\u0173 miegamajame ar kitoje erdv\u0117je b\u016bt\u0173 sukurta darni i\u0161vaizda. Tai leid\u017eia m\u0117gautis gra\u017eiu ir funkcionaliu i\u0161d\u0117stymu, puikiai atitinkan\u010diu j\u016bs\u0173 poreikius. Investuoti \u012f baldus, kurie ne tik atrodo stilingai, bet ir yra prakti\u0161ki bei funkcional\u016bs, visada yra geras pasirinkimas. 183 \u201eTetrix\u201c stumdoma spinta atitinka \u0161iuos kriterijus, si\u016blydama daug vietos daiktams susid\u0117ti ir nuostab\u0173 modern\u0173 dizain\u0105. Paverskite savo namus vieta, kur kiekvienas daiktas turi savo tobul\u0105 viet\u0105.<\/p>\n<p>Prek\u0117s kodas S442-SZF\/183\/M-DWO Simbolis ZM EAN Plotis 183 cm Gylis 60 cm Auk\u0161tis 195,5 cm Kolekcija Tetrix Spalva wotan \u0105\u017euolas Atspalvis \u0161viesus medis Stilius modernus Dur\u0173 skai\u010dius 2 dur\u0173 Stal\u010di\u0173 skai\u010dius be stal\u010di\u0173 Rankena be ranken\u0173 Gamintojas Juoda Raudona Balta Baldo tipas Spintos PVM mokestis 23% EAN 5906123606974<\/p>","protected":false},"excerpt":{"rendered":"<p>183 Tetrix stumdoma spinta \u2013 tobula vieta daiktams laikyti. Spinta yra b\u016btinas kiekvien\u0173 nam\u0173 baldas. Moderni 183 Tetrix stumdoma spinta yra sprendimas, kuris ne tik pad\u0117s susitvarkyti drabu\u017eius ir tekstil\u0119, bet ir suteiks j\u016bs\u0173 erdvei elegancijos bei funkcionalumo. \u0160tai pagrindin\u0117s savyb\u0117s [\u2026]<\/p>","protected":false},"featured_media":267204,"comment_status":"open","ping_status":"open","template":"","meta":[],"product_brand":[],"product_cat":[9200,1177],"product_tag":[],"class_list":{"0":"post-267203","1":"product","2":"type-product","3":"status-publish","4":"has-post-thumbnail","6":"product_cat-black-red-white","7":"product_cat-wardrobes","9":"first","10":"instock","11":"purchasable","12":"product-type-simple"},"_links":{"self":[{"href":"https:\/\/baldumarket.lt\/lt\/wp-json\/wp\/v2\/product\/267203","targetHints":{"allow":["GET"]}}],"collection":[{"href":"https:\/\/baldumarket.lt\/lt\/wp-json\/wp\/v2\/product"}],"about":[{"href":"https:\/\/baldumarket.lt\/lt\/wp-json\/wp\/v2\/types\/product"}],"replies":[{"embeddable":true,"href":"https:\/\/baldumarket.lt\/lt\/wp-json\/wp\/v2\/comments?post=267203"}],"wp:featuredmedia":[{"embeddable":true,"href":"https:\/\/baldumarket.lt\/lt\/wp-json\/wp\/v2\/media\/267204"}],"wp:attachment":[{"href":"https:\/\/baldumarket.lt\/lt\/wp-json\/wp\/v2\/media?parent=267203"}],"wp:term":[{"taxonomy":"product_brand","embeddable":true,"href":"https:\/\/baldumarket.lt\/lt\/wp-json\/wp\/v2\/product_brand?post=267203"},{"taxonomy":"product_cat","embeddable":true,"href":"https:\/\/baldumarket.lt\/lt\/wp-json\/wp\/v2\/product_cat?post=267203"},{"taxonomy":"product_tag","embeddable":true,"href":"https:\/\/baldumarket.lt\/lt\/wp-json\/wp\/v2\/product_tag?post=267203"}],"curies":[{"name":"wp","href":"https:\/\/api.w.org\/{rel}","templated":true}]}}