{"id":267187,"date":"2026-01-14T00:34:58","date_gmt":"2026-01-13T21:34:58","guid":{"rendered":"https:\/\/baldumarket.lt\/product\/szafa-z-drzwiami-przesuwnymi-z-lustrem-tetrix-153-cm-dab-wotan\/"},"modified":"2026-02-11T18:18:12","modified_gmt":"2026-02-11T15:18:12","slug":"szafa-z-drzwiami-przesuwnymi-z-lustrem-tetrix-153-cm-dab-wotan","status":"publish","type":"product","link":"https:\/\/baldumarket.lt\/lt\/produktas\/szafa-z-drzwiami-przesuwnymi-z-lustrem-tetrix-153-cm-dab-wotan\/","title":{"rendered":"TETRIX spinta su stumdomomis durimis ir veidrod\u017eiu, 153 cm, Wotan \u0105\u017euolas"},"content":{"rendered":"<p>153 \u201eTetrix\u201c stumdoma spinta su veidrod\u017eiu \u2013 eleganti\u0161ka sand\u0117liavimo erdv\u0117. Spinta yra b\u016btinas kiekvien\u0173 nam\u0173 elementas, o moderni 153 \u201eTetrix\u201c stumdoma spinta yra sprendimas, kuris pad\u0117s eleganti\u0161kai laikyti drabu\u017eius ir tekstil\u0119. \u0160i spinta pasi\u017eymi daugybe i\u0161skirtini\u0173 savybi\u0173: \u2013 Ji turi 2 stumdomus fasadus, vienas i\u0161 j\u0173 su veidrodiniu pavir\u0161iumi, kuris suteikia elegancijos ir vizualiai padidina erdv\u0119. \u2013 Viduje rasite 2 pakabinimo b\u0117gelius, leid\u017eian\u010dius laikyti pakabinamus drabu\u017eius. \u2013 Vir\u0161utin\u0117je spintos dalyje yra 2 gilios lentynos, kurios pad\u0117s laikyti daiktus, kuriuos norite lengvai pasiekti. \u2013 Be to, spintoje yra 3 lentynos, kurios suteikia papildomos vietos daiktams laikyti. Svarbu tai, kad \u0161ias lentynas galima nuimti, tod\u0117l daiktai dar geriau organizuojami. Spintos vidus apdailintas pilka drobe, tod\u0117l ji atrodo eleganti\u0161kai. \u0160i spinta taip pat yra \u012fvairi\u0173 spalv\u0173, tod\u0117l galite j\u0105 priderinti prie savo interjero dizaino. Derinkite \u0161i\u0105 spint\u0105 su kitais \u201eTetrix\u201c kolekcijos baldais, kad sukurtum\u0117te gra\u017e\u0173 ir funkcional\u0173 miegamojo dekor\u0105. Joje j\u016bs\u0173 drabu\u017eiai ir kiti daiktai bus tvarkingai ir eleganti\u0161kai laikomi.<\/p>\n<p>Product code S442-SZF\/153\/M-DWO Symbol ZM EAN Width 153.5 cm Depth 60 cm Height 195.5 cm Collection Tetrix Color wotan oak Shade light wood Style modern Number of doors 2-door Number of drawers without drawers Handle without handles Manufacturer Black Red White Type of furniture Wardrobes VAT 23% EAN 5906123606820<\/p>","protected":false},"excerpt":{"rendered":"<p>153 Tetrix Sliding Wardrobe with Mirror &#8211; Store with Elegance. A wardrobe is an essential element of every home, and the modern 153 Tetrix sliding wardrobe is a solution that will help you store clothes and textiles elegantly. This wardrobe has many features that make it stand out: &#8211; It has 2 sliding fronts, including [&hellip;]<\/p>","protected":false},"featured_media":267188,"comment_status":"open","ping_status":"open","template":"","meta":[],"product_brand":[],"product_cat":[9200,1177],"product_tag":[],"class_list":{"0":"post-267187","1":"product","2":"type-product","3":"status-publish","4":"has-post-thumbnail","6":"product_cat-black-red-white","7":"product_cat-wardrobes","9":"first","10":"instock","11":"purchasable","12":"product-type-simple"},"_links":{"self":[{"href":"https:\/\/baldumarket.lt\/lt\/wp-json\/wp\/v2\/product\/267187","targetHints":{"allow":["GET"]}}],"collection":[{"href":"https:\/\/baldumarket.lt\/lt\/wp-json\/wp\/v2\/product"}],"about":[{"href":"https:\/\/baldumarket.lt\/lt\/wp-json\/wp\/v2\/types\/product"}],"replies":[{"embeddable":true,"href":"https:\/\/baldumarket.lt\/lt\/wp-json\/wp\/v2\/comments?post=267187"}],"wp:featuredmedia":[{"embeddable":true,"href":"https:\/\/baldumarket.lt\/lt\/wp-json\/wp\/v2\/media\/267188"}],"wp:attachment":[{"href":"https:\/\/baldumarket.lt\/lt\/wp-json\/wp\/v2\/media?parent=267187"}],"wp:term":[{"taxonomy":"product_brand","embeddable":true,"href":"https:\/\/baldumarket.lt\/lt\/wp-json\/wp\/v2\/product_brand?post=267187"},{"taxonomy":"product_cat","embeddable":true,"href":"https:\/\/baldumarket.lt\/lt\/wp-json\/wp\/v2\/product_cat?post=267187"},{"taxonomy":"product_tag","embeddable":true,"href":"https:\/\/baldumarket.lt\/lt\/wp-json\/wp\/v2\/product_tag?post=267187"}],"curies":[{"name":"wp","href":"https:\/\/api.w.org\/{rel}","templated":true}]}}