{"id":267163,"date":"2026-01-14T00:34:37","date_gmt":"2026-01-13T21:34:37","guid":{"rendered":"https:\/\/baldumarket.lt\/product\/szafa-z-drzwiami-przesuwnymi-z-dwoma-lustrami-tetrix-220-cm-dab-sonoma\/"},"modified":"2026-02-11T18:18:13","modified_gmt":"2026-02-11T15:18:13","slug":"szafa-z-drzwiami-przesuwnymi-z-dwoma-lustrami-tetrix-220-cm-dab-sonoma","status":"publish","type":"product","link":"https:\/\/baldumarket.lt\/lt\/produktas\/szafa-z-drzwiami-przesuwnymi-z-dwoma-lustrami-tetrix-220-cm-dab-sonoma\/","title":{"rendered":"TETRIX spinta su stumdomomis durimis ir dviem veidrod\u017eiais, 220 cm, sonoma \u0105\u017euolas"},"content":{"rendered":"<p>220 Tetrix stumdoma spinta \u2013 tobula daikt\u0173 laikymo vieta. Be jokios abejon\u0117s, spinta yra b\u016btinas baldas kiekvienuose namuose. 220 Tetrix stumdoma spinta \u2013 tai modernus sprendimas, kuris ne tik padeda susitvarkyti drabu\u017eius ir tekstil\u0119, bet ir suteikia erdvei elegancijos bei funkcionalumo. \u0160tai pagrindin\u0117s \u0161io unikalaus baldo savyb\u0117s: 2 stumdomi, veidrodiniai fasadai: \u201eTetrix\u201c spintos fasadai ne tik sukuria ry\u0161k\u0173 fasad\u0105, bet ir veikia kaip veidrod\u017eiai, tod\u0117l j\u016bs\u0173 erdv\u0117 atrodo opti\u0161kai didesn\u0117 ir \u0161viesesn\u0117. Tai puikus sprendimas tiek vizualiai, tiek prakti\u0161kai. 3 pakabos: su trimis pakabos b\u0117geliais turite daug vietos drabu\u017eiams laikyti. Galite lengvai suskirstyti savo aprang\u0105 pagal tip\u0105 ar sezon\u0105, tod\u0117l kiekvien\u0105 dien\u0105 lengviau i\u0161sirinkti tinkam\u0105 aprang\u0105. 3 gilios vir\u0161utin\u0117s lentynos: vir\u0161utin\u0117s lentynos puikiai tinka laikyti daiktus, kuri\u0173 neb\u016btinai reikia kabinti ant pakab\u0173. \u010cia rasite vietos apatini\u0173 drabu\u017ei\u0173 d\u0117\u017eut\u0117ms, rankin\u0117ms ir kitiems aksesuarams, kuriuos norite laikyti po ranka. Standartin\u0117s 6 papildomos lentynos: \u0161is sprendimas suteikia dar daugiau vietos daiktams laikyti. Svarbu tai, kad lentynos yra reguliuojamos, tod\u0117l galite jas pritaikyti savo poreikiams. Jei jums reikia daugiau vietos pakabinti daiktus, tiesiog i\u0161traukite lentynas, kad atlaisvintum\u0117te vietos. Pilkas \u201eTetrix\u201c spintos vidus suteikia elegancijos ir palengvina laikom\u0173 daikt\u0173 paie\u0161k\u0105. \u0160i prakti\u0161ka savyb\u0117 palengvina kasdien\u012f naudojim\u0105. Jei pilka spalva nedera prie j\u016bs\u0173 interjero, ne b\u0117da. \u201eTetrix\u201c spinta yra \u012fvairi\u0173 spalv\u0173, tod\u0117l galite j\u0105 pritaikyti prie savo erdv\u0117s. \u201eTetrix\u201c kolekcijoje taip pat si\u016blomi kiti baldai, kuriuos galima derinti su \u0161ia spinta, kad miegamajame ar kitoje erdv\u0117je b\u016bt\u0173 sukurta darni i\u0161vaizda. Tai leid\u017eia m\u0117gautis gra\u017eiu, funkcionaliu interjeru, pritaikytu j\u016bs\u0173 poreikiams. Investuoti \u012f baldus, kurie derina stili\u0173, funkcionalum\u0105 ir kokyb\u0119, visada yra geras pasirinkimas. 220 \u201eTetrix\u201c stumdoma spinta yra baldas, kuris atitiks \u0161iuos l\u016bkes\u010dius, pad\u0117s palaikyti tvark\u0105 j\u016bs\u0173 namuose ir suteiks modernaus \u017eavesio. Paverskite savo erdv\u0119 vieta, kur kiekvienas daiktas turi savo tobul\u0105 viet\u0105.<\/p>\n<p>Prek\u0117s kodas S442-SZF\/220\/2M-DSO Simbolis ZM EAN Plotis 220 cm Gylis 60 cm Auk\u0161tis 195,5 cm Kolekcija Tetrix Spalva sonoma \u0105\u017euolas Atspalvis \u0161viesus medis Stilius modernus Dur\u0173 skai\u010dius 2 dur\u0173 Stal\u010di\u0173 skai\u010dius be stal\u010di\u0173 Rankena be ranken\u0117li\u0173 Gamintojas Juoda Raudona Balta Baldo tipas Spintos PVM 23% EAN 5906123607056<\/p>","protected":false},"excerpt":{"rendered":"<p>The 220 Tetrix Sliding Wardrobe \u2013 Your Perfect Storage Space. There&#8217;s no doubt that a wardrobe is an essential piece of furniture in every home. The 220 Tetrix Sliding Wardrobe is a modern solution that not only helps you organize your clothes and textiles but also adds elegance and functionality to your space. Here are [&hellip;]<\/p>","protected":false},"featured_media":267164,"comment_status":"open","ping_status":"open","template":"","meta":[],"product_brand":[],"product_cat":[9200,1177],"product_tag":[],"class_list":{"0":"post-267163","1":"product","2":"type-product","3":"status-publish","4":"has-post-thumbnail","6":"product_cat-black-red-white","7":"product_cat-wardrobes","9":"first","10":"instock","11":"purchasable","12":"product-type-simple"},"_links":{"self":[{"href":"https:\/\/baldumarket.lt\/lt\/wp-json\/wp\/v2\/product\/267163","targetHints":{"allow":["GET"]}}],"collection":[{"href":"https:\/\/baldumarket.lt\/lt\/wp-json\/wp\/v2\/product"}],"about":[{"href":"https:\/\/baldumarket.lt\/lt\/wp-json\/wp\/v2\/types\/product"}],"replies":[{"embeddable":true,"href":"https:\/\/baldumarket.lt\/lt\/wp-json\/wp\/v2\/comments?post=267163"}],"wp:featuredmedia":[{"embeddable":true,"href":"https:\/\/baldumarket.lt\/lt\/wp-json\/wp\/v2\/media\/267164"}],"wp:attachment":[{"href":"https:\/\/baldumarket.lt\/lt\/wp-json\/wp\/v2\/media?parent=267163"}],"wp:term":[{"taxonomy":"product_brand","embeddable":true,"href":"https:\/\/baldumarket.lt\/lt\/wp-json\/wp\/v2\/product_brand?post=267163"},{"taxonomy":"product_cat","embeddable":true,"href":"https:\/\/baldumarket.lt\/lt\/wp-json\/wp\/v2\/product_cat?post=267163"},{"taxonomy":"product_tag","embeddable":true,"href":"https:\/\/baldumarket.lt\/lt\/wp-json\/wp\/v2\/product_tag?post=267163"}],"curies":[{"name":"wp","href":"https:\/\/api.w.org\/{rel}","templated":true}]}}