{"id":267123,"date":"2026-01-14T00:34:03","date_gmt":"2026-01-13T21:34:03","guid":{"rendered":"https:\/\/baldumarket.lt\/product\/szafa-z-drzwiami-przesuwnymi-z-dwoma-lustrami-tetrix-183-cm-bialy-polysk\/"},"modified":"2026-02-11T18:18:13","modified_gmt":"2026-02-11T15:18:13","slug":"szafa-z-drzwiami-przesuwnymi-z-dwoma-lustrami-tetrix-183-cm-bialy-polysk","status":"publish","type":"product","link":"https:\/\/baldumarket.lt\/lt\/produktas\/szafa-z-drzwiami-przesuwnymi-z-dwoma-lustrami-tetrix-183-cm-bialy-polysk\/","title":{"rendered":"Spinta su stumdomomis durimis ir dviem veidrod\u017eiais TETRIX 183 cm balta blizgi"},"content":{"rendered":"<p>183 Tetrix stumdoma spinta \u2013 J\u016bs\u0173 daikt\u0173 laikymo vieta. Spinta yra vienas svarbiausi\u0173 kiekvien\u0173 nam\u0173 bald\u0173. Joje laikome drabu\u017eius, tekstil\u0117s gaminius, batus ir daugel\u012f kit\u0173 daikt\u0173, kurie visada turi b\u016bti po ranka. Jei ie\u0161kote modernaus, funkcionalaus ir esteti\u0161kai patrauklaus daikt\u0173 laikymo sprendimo, 183 Tetrix stumdoma spinta yra puikus pasirinkimas. Vienas i\u0161 pagrindini\u0173 \u0161ios spintos i\u0161skirtini\u0173 bruo\u017e\u0173 \u2013 novatori\u0161kas dizainas, tinkantis \u012fvairiems interjerams. Spintos fasadai stumdomi, taupant viet\u0105. Tai ypa\u010d svarbu ma\u017eesniuose kambariuose, kur svarbus kiekvienas centimetras. 183 Tetrix stumdoma spinta turi daug verting\u0173 savybi\u0173, kurios privers jus j\u0105 pamilti i\u0161 pirmo \u017evilgsnio: Stumdomi fasadai, \u012fskaitant vien\u0105 su veidrod\u017eiu: Tai leid\u017eia lengvai patikrinti savo i\u0161vaizd\u0105 prie\u0161 i\u0161einant. Be to, veidrodinis fasadas vizualiai padidina kambar\u012f. 2 pakabos: Tai suteikia viet\u0105 drabu\u017eiams pakabinti, u\u017etikrinant, kad jie visada b\u016bt\u0173 pasiekiami ir geros b\u016bkl\u0117s. \u0160ios lentynos puikiai tinka laikyti daiktus, kuri\u0173 nereikia kabinti, pavyzd\u017eiui, megztinius, striukes ar antklodes, ir suteikia dar daugiau vietos daiktams susid\u0117ti. Svarbu tai, kad jos yra nuimamos, tod\u0117l galite pritaikyti spintos vid\u0173 pagal savo poreikius. I\u0161traukite jas, jei reikia daugiau vietos kabinti, arba palikite viduje, kad gal\u0117tum\u0117te laikyti smulkius daiktus. Tai eleganti\u0161kas ir neutralus pasirinkimas, kuris dera prie daugelio interjero dizaino stili\u0173. Galima rinktis i\u0161 \u012fvairi\u0173 spalv\u0173: jei pilka n\u0117ra j\u016bs\u0173 m\u0117gstamiausia, nesijaudinkite. \u201e183 Tetrix\u201c stumdoma spinta yra \u012fvairi\u0173 spalv\u0173, tod\u0117l j\u0105 lengva priderinti prie j\u016bs\u0173 interjero. Papildomas \u0161ios spintos privalumas yra tai, kad j\u0105 galima derinti su kitais \u201eTetrix\u201c kolekcijos baldais, sukuriant darn\u0173 ir harmoning\u0105 j\u016bs\u0173 miegamojo interjer\u0105. \u201eTetrix\u201c kolekcija garantuoja auk\u0161t\u0105 gamybos kokyb\u0119 ir ilgaam\u017ei\u0161kum\u0105, tod\u0117l ja d\u017eiaugsit\u0117s ilgus metus. Trumpai tariant, \u201e183 Tetrix\u201c stumdoma spinta yra puikus sprendimas daikt\u0173 laikymui ir tvarkymui. Jos modernus dizainas, funkcionalumas ir spalv\u0173 \u012fvairov\u0117 u\u017etikrina, kad ji tikrai pateisins j\u016bs\u0173 l\u016bkes\u010dius. Rinkit\u0117s kokyb\u0119 ir stili\u0173 su \u201eTetrix\u201c spinta ir m\u0117gaukit\u0117s gra\u017eiu miegamuoju, kuriame viskas visada bus savo vietoje.<\/p>\n<p>Prek\u0117s kodas S442-SZF\/183\/2M-BIP Simbolis ZM EAN Plotis 183 cm Gylis 60 cm Auk\u0161tis 195,5 cm Kolekcija Tetrix Spalva balta blizgi Atspalvis baltas Stilius modernus Dur\u0173 skai\u010dius 2 dur\u0173 Stal\u010di\u0173 skai\u010dius be stal\u010di\u0173 Rankena be ranken\u0173 Gamintojas Juoda Raudona Balta Baldo tipas Spintos PVM 23% EAN 5906123606912<\/p>","protected":false},"excerpt":{"rendered":"<p>183 \u201eTetrix\u201c stumdoma spinta \u2013 j\u016bs\u0173 daikt\u0173 laikymo vieta. Spinta yra vienas svarbiausi\u0173 bald\u0173 kiekvienuose namuose. Joje laikome drabu\u017eius, tekstil\u0119, batus ir daugel\u012f kit\u0173 daikt\u0173, kurie visada turi b\u016bti po ranka. Jei ie\u0161kote modernaus, funkcionalaus ir esteti\u0161kai patrauklaus daikt\u0173 laikymo sprendimo, [\u2026]<\/p>","protected":false},"featured_media":267124,"comment_status":"open","ping_status":"open","template":"","meta":[],"product_brand":[],"product_cat":[9200,1177],"product_tag":[],"class_list":{"0":"post-267123","1":"product","2":"type-product","3":"status-publish","4":"has-post-thumbnail","6":"product_cat-black-red-white","7":"product_cat-wardrobes","9":"first","10":"instock","11":"purchasable","12":"product-type-simple"},"_links":{"self":[{"href":"https:\/\/baldumarket.lt\/lt\/wp-json\/wp\/v2\/product\/267123","targetHints":{"allow":["GET"]}}],"collection":[{"href":"https:\/\/baldumarket.lt\/lt\/wp-json\/wp\/v2\/product"}],"about":[{"href":"https:\/\/baldumarket.lt\/lt\/wp-json\/wp\/v2\/types\/product"}],"replies":[{"embeddable":true,"href":"https:\/\/baldumarket.lt\/lt\/wp-json\/wp\/v2\/comments?post=267123"}],"wp:featuredmedia":[{"embeddable":true,"href":"https:\/\/baldumarket.lt\/lt\/wp-json\/wp\/v2\/media\/267124"}],"wp:attachment":[{"href":"https:\/\/baldumarket.lt\/lt\/wp-json\/wp\/v2\/media?parent=267123"}],"wp:term":[{"taxonomy":"product_brand","embeddable":true,"href":"https:\/\/baldumarket.lt\/lt\/wp-json\/wp\/v2\/product_brand?post=267123"},{"taxonomy":"product_cat","embeddable":true,"href":"https:\/\/baldumarket.lt\/lt\/wp-json\/wp\/v2\/product_cat?post=267123"},{"taxonomy":"product_tag","embeddable":true,"href":"https:\/\/baldumarket.lt\/lt\/wp-json\/wp\/v2\/product_tag?post=267123"}],"curies":[{"name":"wp","href":"https:\/\/api.w.org\/{rel}","templated":true}]}}