{"id":267107,"date":"2026-01-14T00:33:48","date_gmt":"2026-01-13T21:33:48","guid":{"rendered":"https:\/\/baldumarket.lt\/product\/szafa-z-drzwiami-przesuwnymi-z-dwoma-lustrami-tetrix-153-cm-dab-wotan\/"},"modified":"2026-02-11T18:18:13","modified_gmt":"2026-02-11T15:18:13","slug":"szafa-z-drzwiami-przesuwnymi-z-dwoma-lustrami-tetrix-153-cm-dab-wotan","status":"publish","type":"product","link":"https:\/\/baldumarket.lt\/lt\/produktas\/szafa-z-drzwiami-przesuwnymi-z-dwoma-lustrami-tetrix-153-cm-dab-wotan\/","title":{"rendered":"Spinta su stumdomomis durimis ir dviem veidrod\u017eiais TETRIX 153 cm Wotan \u0105\u017euolas"},"content":{"rendered":"<p>153 \u201eTetrix\u201c stumdoma spinta su veidrod\u017eiais \u2013 eleganti\u0161ka sand\u0117liavimo erdv\u0117. Spinta yra b\u016btinas kiekvien\u0173 nam\u0173 baldas, o moderni 153 \u201eTetrix\u201c stumdoma spinta yra sprendimas, kuris pad\u0117s eleganti\u0161kai susitvarkyti drabu\u017eius ir tekstil\u0119. \u0160tai keletas \u0161ios spintos ypatybi\u0173: \u2013 Ji turi 2 stumdomus veidrodinius fasadus, kurie suteikia elegancijos ir vizualiai padidina erdv\u0119. \u2013 Viduje rasite 2 pakabinimo b\u0117gelius, leid\u017eian\u010dius pakabinti drabu\u017eius. \u2013 Vir\u0161utin\u0117je spintos dalyje yra 2 gilios lentynos, kurios pad\u0117s laikyti daiktus, kuriuos norite lengvai pasiekti. \u2013 Be to, spintoje standarti\u0161kai yra 3 papildomos lentynos, suteikian\u010dios papildomos vietos daiktams laikyti. Svarbu tai, kad \u0161ias lentynas galima i\u0161traukti, tod\u0117l dar geriau sutvarkoma spintos erdv\u0117. Vidus apdailintas pilka drobe, suteikian\u010dia jai eleganti\u0161k\u0105 i\u0161vaizd\u0105. \u0160i spinta taip pat yra \u012fvairi\u0173 spalv\u0173, tod\u0117l galite j\u0105 priderinti prie savo interjero dizaino. Derinkite \u0161i\u0105 spint\u0105 su kitais \u201eTetrix\u201c kolekcijos baldais, kad sukurtum\u0117te gra\u017e\u0173 ir funkcional\u0173 miegam\u0105j\u012f. Joje j\u016bs\u0173 drabu\u017eiai ir kiti daiktai bus laikomi eleganti\u0161kai ir stilingai.<\/p>\n<p>Prek\u0117s kodas S442-SZF\/153\/2M-DWO Simbolis ZM EAN Plotis 153,5 cm Gylis 60 cm Auk\u0161tis 195,5 cm Kolekcija Tetrix Spalva wotan \u0105\u017euolas Atspalvis \u0161viesi mediena Stilius modernus Dur\u0173 skai\u010dius 2 dur\u0173 Stal\u010di\u0173 skai\u010dius be stal\u010di\u0173 Rankena be ranken\u0117li\u0173 Gamintojas Juoda Raudona Balta Baldo tipas Spintos PVM mokestis 23% EAN 5906123606790<\/p>","protected":false},"excerpt":{"rendered":"<p>153 Tetrix stumdoma spinta su veidrod\u017eiais \u2013 eleganti\u0161ka sand\u0117liavimo erdv\u0117. Spinta yra b\u016btinas baldas kiekvienuose namuose, o moderni 153 Tetrix stumdoma spinta yra sprendimas, kuris pad\u0117s eleganti\u0161kai susitvarkyti drabu\u017eius ir tekstil\u0119. \u0160tai keletas \u0161ios spintos ypatybi\u0173: \u2013 [\u2026]<\/p>","protected":false},"featured_media":267108,"comment_status":"open","ping_status":"open","template":"","meta":[],"product_brand":[],"product_cat":[9200,1177],"product_tag":[],"class_list":{"0":"post-267107","1":"product","2":"type-product","3":"status-publish","4":"has-post-thumbnail","6":"product_cat-black-red-white","7":"product_cat-wardrobes","9":"first","10":"instock","11":"purchasable","12":"product-type-simple"},"_links":{"self":[{"href":"https:\/\/baldumarket.lt\/lt\/wp-json\/wp\/v2\/product\/267107","targetHints":{"allow":["GET"]}}],"collection":[{"href":"https:\/\/baldumarket.lt\/lt\/wp-json\/wp\/v2\/product"}],"about":[{"href":"https:\/\/baldumarket.lt\/lt\/wp-json\/wp\/v2\/types\/product"}],"replies":[{"embeddable":true,"href":"https:\/\/baldumarket.lt\/lt\/wp-json\/wp\/v2\/comments?post=267107"}],"wp:featuredmedia":[{"embeddable":true,"href":"https:\/\/baldumarket.lt\/lt\/wp-json\/wp\/v2\/media\/267108"}],"wp:attachment":[{"href":"https:\/\/baldumarket.lt\/lt\/wp-json\/wp\/v2\/media?parent=267107"}],"wp:term":[{"taxonomy":"product_brand","embeddable":true,"href":"https:\/\/baldumarket.lt\/lt\/wp-json\/wp\/v2\/product_brand?post=267107"},{"taxonomy":"product_cat","embeddable":true,"href":"https:\/\/baldumarket.lt\/lt\/wp-json\/wp\/v2\/product_cat?post=267107"},{"taxonomy":"product_tag","embeddable":true,"href":"https:\/\/baldumarket.lt\/lt\/wp-json\/wp\/v2\/product_tag?post=267107"}],"curies":[{"name":"wp","href":"https:\/\/api.w.org\/{rel}","templated":true}]}}