{"id":267040,"date":"2026-01-14T00:32:34","date_gmt":"2026-01-13T21:32:34","guid":{"rendered":"https:\/\/baldumarket.lt\/product\/szafa-z-drzwiami-przesuwnymi-tetrix-220-cm-bialy-polysk\/"},"modified":"2026-02-11T18:18:14","modified_gmt":"2026-02-11T15:18:14","slug":"szafa-z-drzwiami-przesuwnymi-tetrix-220-cm-bialy-polysk","status":"publish","type":"product","link":"https:\/\/baldumarket.lt\/lt\/produktas\/szafa-z-drzwiami-przesuwnymi-tetrix-220-cm-bialy-polysk\/","title":{"rendered":"TETRIX spinta su stumdomomis durimis, 220 cm, blizgi balta"},"content":{"rendered":"<p>Stumdoma spinta \u201e220 Tetrix\u201c \u2013 tobula vieta daiktams laikyti. Spinta yra svarbus kiekvien\u0173 nam\u0173 baldas. Moderni stumdoma spinta \u201e220 Tetrix\u201c ne tik pad\u0117s susitvarkyti drabu\u017eius ir tekstil\u0119, bet ir suteiks j\u016bs\u0173 erdvei elegancijos bei funkcionalumo. \u0160tai pagrindin\u0117s \u0161io unikalaus baldo savyb\u0117s: 2 stumdomos durys: Dvejos stumdomos durys \u2013 tai vietos taupymo sprendimas. Jums nereikia papildomos vietos tradicin\u0117ms durims atidaryti, o tai idealiai tinka ypa\u010d ma\u017eesn\u0117se erdv\u0117se. 3 pakabos: D\u0117l trij\u0173 pakabos tur\u0117site daug vietos drabu\u017eiams laikyti. Galite lengvai susisteminti ir r\u016b\u0161iuoti savo aprang\u0105 pagal tip\u0105 ir sezon\u0105, tod\u0117l kiekvien\u0105 dien\u0105 lengviau i\u0161sirinkti tinkam\u0105 aprang\u0105. 3 gilios vir\u0161utin\u0117s lentynos: Vir\u0161utin\u0117s lentynos puikiai tinka laikyti daiktus, kuri\u0173 neb\u016btinai reikia kabinti ant pakab\u0173. \u010cia rasite vietos apatini\u0173 drabu\u017ei\u0173 d\u0117\u017eut\u0117ms, rankin\u0117ms ar kitiems aksesuarams, kuriuos norite tur\u0117ti po ranka. Pridedamos 6 papildomos lentynos: \u0160is sprendimas suteikia dar daugiau vietos daiktams laikyti. Svarbu tai, kad lentynos yra reguliuojamos, tod\u0117l galite jas pritaikyti pagal savo poreikius. Jei jums reikia daugiau vietos pakabinti daiktus, tiesiog i\u0161traukite lentynas, kad sukurtum\u0117te papildomos vietos. Pilkas \u201eTetrix\u201c spintos vidus suteikia jai elegancijos ir palengvina laikom\u0173 daikt\u0173 paie\u0161k\u0105. \u0160i prakti\u0161ka savyb\u0117 leid\u017eia j\u0105 lengvai naudoti. Jei pilka spalva n\u0117ra j\u016bs\u0173 pasirinkimas ar interjero dizainas, \u201eTetrix\u201c spinta yra \u012fvairi\u0173 spalv\u0173 ir su veidrodiniais fasadais, tod\u0117l galite j\u0105 priderinti prie savo stiliaus. \u201eTetrix\u201c kolekcijoje taip pat si\u016blomi kiti baldai, kuriuos galima derinti su \u0161ia spinta, kad j\u016bs\u0173 miegamajame ar kitoje erdv\u0117je b\u016bt\u0173 sukurta darni i\u0161vaizda. Tai leid\u017eia m\u0117gautis gra\u017eiu, funkcionaliu interjeru, pritaikytu j\u016bs\u0173 poreikiams. Investuoti \u012f baldus, kurie derina stili\u0173, funkcionalum\u0105 ir kokybi\u0161k\u0105 meistri\u0161kum\u0105, visada yra geras pasirinkimas. \u201eTetrix 220\u201c stumdoma spinta yra baldas, kuris atitiks \u0161iuos l\u016bkes\u010dius, pad\u0117s palaikyti tvark\u0105 j\u016bs\u0173 namuose ir suteiks modernaus \u017eavesio. Paverskite savo erdv\u0119 vieta, kur kiekvienas daiktas turi savo tobul\u0105 viet\u0105.<\/p>\n<p>Prek\u0117s kodas S442-SZF\/220-BIP Simbolis ZM EAN Plotis 220 cm Gylis 60 cm Auk\u0161tis 195,5 cm Kolekcija Tetrix Spalva balta blizgi Atspalvis baltas Stilius modernus Dur\u0173 skai\u010dius 2 dur\u0173 Stal\u010di\u0173 skai\u010dius be stal\u010di\u0173 Rankena be ranken\u0117li\u0173 Gamintojas Juoda Raudona Balta Baldo tipas Spintos PVM 23% EAN 5906123607117<\/p>","protected":false},"excerpt":{"rendered":"<p>220 Tetrix stumdoma spinta \u2013 tobula vieta daiktams laikyti. Spinta yra svarbus kiekvien\u0173 nam\u0173 baldas. Moderni 220 Tetrix stumdoma spinta ne tik pad\u0117s susitvarkyti drabu\u017eius ir tekstil\u0119, bet ir suteiks j\u016bs\u0173 erdvei elegancijos bei funkcionalumo. \u0160tai pagrindin\u0117s \u0161ios unikalios spintos savyb\u0117s [\u2026]<\/p>","protected":false},"featured_media":267041,"comment_status":"open","ping_status":"open","template":"","meta":[],"product_brand":[],"product_cat":[9200,1177],"product_tag":[],"class_list":{"0":"post-267040","1":"product","2":"type-product","3":"status-publish","4":"has-post-thumbnail","6":"product_cat-black-red-white","7":"product_cat-wardrobes","9":"first","10":"instock","11":"purchasable","12":"product-type-simple"},"_links":{"self":[{"href":"https:\/\/baldumarket.lt\/lt\/wp-json\/wp\/v2\/product\/267040","targetHints":{"allow":["GET"]}}],"collection":[{"href":"https:\/\/baldumarket.lt\/lt\/wp-json\/wp\/v2\/product"}],"about":[{"href":"https:\/\/baldumarket.lt\/lt\/wp-json\/wp\/v2\/types\/product"}],"replies":[{"embeddable":true,"href":"https:\/\/baldumarket.lt\/lt\/wp-json\/wp\/v2\/comments?post=267040"}],"wp:featuredmedia":[{"embeddable":true,"href":"https:\/\/baldumarket.lt\/lt\/wp-json\/wp\/v2\/media\/267041"}],"wp:attachment":[{"href":"https:\/\/baldumarket.lt\/lt\/wp-json\/wp\/v2\/media?parent=267040"}],"wp:term":[{"taxonomy":"product_brand","embeddable":true,"href":"https:\/\/baldumarket.lt\/lt\/wp-json\/wp\/v2\/product_brand?post=267040"},{"taxonomy":"product_cat","embeddable":true,"href":"https:\/\/baldumarket.lt\/lt\/wp-json\/wp\/v2\/product_cat?post=267040"},{"taxonomy":"product_tag","embeddable":true,"href":"https:\/\/baldumarket.lt\/lt\/wp-json\/wp\/v2\/product_tag?post=267040"}],"curies":[{"name":"wp","href":"https:\/\/api.w.org\/{rel}","templated":true}]}}