{"id":267032,"date":"2026-01-14T00:32:27","date_gmt":"2026-01-13T21:32:27","guid":{"rendered":"https:\/\/baldumarket.lt\/product\/szafa-z-drzwiami-przesuwnymi-tetrix-183-cm-kaszmir\/"},"modified":"2026-02-11T18:18:14","modified_gmt":"2026-02-11T15:18:14","slug":"szafa-z-drzwiami-przesuwnymi-tetrix-183-cm-kaszmir","status":"publish","type":"product","link":"https:\/\/baldumarket.lt\/lt\/produktas\/szafa-z-drzwiami-przesuwnymi-tetrix-183-cm-kaszmir\/","title":{"rendered":"TETRIX spinta su stumdomomis durimis, 183 cm, ka\u0161myras"},"content":{"rendered":"<p>183 Tetrix stumdoma spinta \u2013 moderni tvarka eleganti\u0161kame dizaine. \u201eTetrix\u201c kolekcija \u2013 tai tobulas estetikos ir funkcionalumo derinys. Nesenstan\u010dios ka\u0161myro spalvos baldai puikiai tinka miegamiesiems, persirengimo kambariams ir jaunimo kambariams, sukurdami harmoning\u0105 ir organizuot\u0105 erdv\u0119. 183 stumdoma spinta i\u0161siskiria i\u0161 j\u0173 \u2013 prakti\u0161ka, erdvi ir sukurta atsi\u017evelgiant \u012f kasdien\u012f komfort\u0105. Funkcionalumas ir konfig\u016bracija: 183 Tetrix stumdoma spinta yra b\u016btinas daiktas kiekvienuose namuose, kuriuose svarbus patogus ir apgalvotas daikt\u0173 laikymas. D\u0117l plataus plo\u010dio ir funkcionalaus vidaus galite tvarkingai susid\u0117ti drabu\u017eius, tekstil\u0119, sezoninius aksesuarus ir daugel\u012f kit\u0173 garderobo element\u0173. Spintos viduje yra du pakabos, puikiai tinkan\u010dios mar\u0161kiniams, suknel\u0117ms ar paltams, taip pat dvi gilios vir\u0161utin\u0117s lentynos didesniems daiktams laikyti. Be to, standartin\u0117je komplektacijoje yra trys papildomos lentynos, kurias galite i\u0161d\u0117styti pagal savo pageidavimus arba visi\u0161kai i\u0161imti, kad padidintum\u0117te erdv\u0119 drabu\u017eiams kabinti. Pilkas lininis vidus suteikia modern\u0173 ir eleganti\u0161k\u0105 vaizd\u0105. Spinta turi du stumdomus fasadus, kuriems nereikia papildomos atidarymo vietos. \u0160is modelis taip pat si\u016blomas kit\u0173 spalv\u0173 variant\u0173, tod\u0117l gal\u0117site puikiai priderinti baldo i\u0161vaizd\u0105 prie savo interjero dizaino. Atkreipkite d\u0117mes\u012f, kad nurodytas gylis neapima fasad\u0173 su rankenomis. Pagaminta i\u0161 patvarios laminuotos plok\u0161t\u0117s, ji yra patvari ir lengvai valoma. Savyb\u0117s: Matmenys: Gylis: 60 cm, Plotis: 183,5 cm, Auk\u0161tis: 195,5 cm, Spalva: Ka\u0161myras, 2 stumdomi fasadai, 2 pakabinimo b\u0117geliai, 2 gilios vir\u0161utin\u0117s lentynos, 3 papildomos nuimamos lentynos, Pilkas drob\u0117s vidus, Veidrodiniai fasadai ir kitos spalvos, Galimos kitos spalvos, Galimyb\u0117 pertvarkyti interjer\u0105 pagal poreik\u012f, Atspari dilimui laminuota plok\u0161t\u0117. Santrauka: 183 Tetrix stumdoma spinta yra eleganti\u0161kas ir nesenstantis daikt\u0173 laikymo sprendimas, kuriame derinamas talpumas, funkcionalumas ir modernus dizainas. \u0160viesi ka\u0161myro spalva ir prakti\u0161kas vidus daro j\u0105 puikiu bet kurio miegamojo papildymu.<\/p>\n<p>Prek\u0117s kodas S442-SZF\/183-UKA Plotis 183,5 cm Gylis 60 cm Auk\u0161tis 195,5 cm Kolekcija \u201eTetrix\u201c Spalva ka\u0161myro Atspalvis sm\u0117lio Stilius modernus Med\u017eiaga laminatas Dureli\u0173 skai\u010dius 2 dur\u0173 Stal\u010di\u0173 skai\u010dius be stal\u010di\u0173 Rankena be ranken\u0117li\u0173 Gamintojas Juoda Raudona Balta Baldo tipas Spintos PVM 23% EAN 5906123128735<\/p>","protected":false},"excerpt":{"rendered":"<p>183 \u201eTetrix\u201c stumdoma spinta \u2013 moderni tvarka eleganti\u0161kame dizaine. \u201eTetrix\u201c kolekcija \u2013 tai tobulas estetikos ir funkcionalumo derinys. Nesenstan\u010dios ka\u0161myro spalvos baldai puikiai tinka miegamiesiems, persirengimo kambariams ir jaunimo kambariams, sukuriant harmoning\u0105 ir organizuot\u0105 erdv\u0119. 183 stumdoma spinta i\u0161siskiria i\u0161 j\u0173 \u2013 prakti\u0161ka, erdvi, [\u2026]<\/p>","protected":false},"featured_media":267033,"comment_status":"open","ping_status":"open","template":"","meta":[],"product_brand":[],"product_cat":[9200,1177],"product_tag":[],"class_list":{"0":"post-267032","1":"product","2":"type-product","3":"status-publish","4":"has-post-thumbnail","6":"product_cat-black-red-white","7":"product_cat-wardrobes","9":"first","10":"instock","11":"purchasable","12":"product-type-simple"},"_links":{"self":[{"href":"https:\/\/baldumarket.lt\/lt\/wp-json\/wp\/v2\/product\/267032","targetHints":{"allow":["GET"]}}],"collection":[{"href":"https:\/\/baldumarket.lt\/lt\/wp-json\/wp\/v2\/product"}],"about":[{"href":"https:\/\/baldumarket.lt\/lt\/wp-json\/wp\/v2\/types\/product"}],"replies":[{"embeddable":true,"href":"https:\/\/baldumarket.lt\/lt\/wp-json\/wp\/v2\/comments?post=267032"}],"wp:featuredmedia":[{"embeddable":true,"href":"https:\/\/baldumarket.lt\/lt\/wp-json\/wp\/v2\/media\/267033"}],"wp:attachment":[{"href":"https:\/\/baldumarket.lt\/lt\/wp-json\/wp\/v2\/media?parent=267032"}],"wp:term":[{"taxonomy":"product_brand","embeddable":true,"href":"https:\/\/baldumarket.lt\/lt\/wp-json\/wp\/v2\/product_brand?post=267032"},{"taxonomy":"product_cat","embeddable":true,"href":"https:\/\/baldumarket.lt\/lt\/wp-json\/wp\/v2\/product_cat?post=267032"},{"taxonomy":"product_tag","embeddable":true,"href":"https:\/\/baldumarket.lt\/lt\/wp-json\/wp\/v2\/product_tag?post=267032"}],"curies":[{"name":"wp","href":"https:\/\/api.w.org\/{rel}","templated":true}]}}