{"id":267024,"date":"2026-01-14T00:32:20","date_gmt":"2026-01-13T21:32:20","guid":{"rendered":"https:\/\/baldumarket.lt\/product\/szafa-z-drzwiami-przesuwnymi-tetrix-183-cm-dab-sonoma-bialy-polysk\/"},"modified":"2026-02-11T18:18:14","modified_gmt":"2026-02-11T15:18:14","slug":"szafa-z-drzwiami-przesuwnymi-tetrix-183-cm-dab-sonoma-bialy-polysk","status":"publish","type":"product","link":"https:\/\/baldumarket.lt\/lt\/produktas\/szafa-z-drzwiami-przesuwnymi-tetrix-183-cm-dab-sonoma-bialy-polysk\/","title":{"rendered":"TETRIX spinta su stumdomomis durimis, 183 cm, sonoma \u0105\u017euolas\/blizgi balta"},"content":{"rendered":"<p>183 \u201eTetrix\u201c stumdoma spinta \u2013 j\u016bs\u0173 daikt\u0173 laikymo vieta. \u0160iandieniniame pasaulyje, kai erdv\u0117 tampa vis vertingesn\u0117, tinkami daikt\u0173 laikymo sprendimai yra b\u016btini. 183 \u201eTetrix\u201c stumdoma spinta yra puikus baldas, pad\u0117siantis sutvarkyti drabu\u017eius ir tekstil\u0119, tuo pa\u010diu suteikiant interjerui modernumo ir funkcionalumo. Savyb\u0117s: 2 stumdomos durys: j\u0173 d\u0117ka jums nereik\u0117s jaudintis, kad pritr\u016bks vietos atidarant tradicines duris. Stumdoma spinta taupo viet\u0105 ir suteikia j\u016bs\u0173 miegamajam ar r\u016bbinei tvarking\u0105 i\u0161vaizd\u0105. 2 pakabos: dabar turite puiki\u0105 viet\u0105 pakabinti savo drabu\u017eius. Du pakabos leid\u017eia r\u016b\u0161iuoti drabu\u017eius pagal kategorijas, tod\u0117l kasdienis aprangos pasirinkimas tampa lengvesnis. 2 gilios vir\u0161utin\u0117s lentynos: \u0161ios lentynos idealiai tinka laikyti daiktus, kuri\u0173 neb\u016btinai reikia kabinti ant pakab\u0173. \u010cia galite pad\u0117ti, pavyzd\u017eiui, apatini\u0173 krep\u0161elius ar papildomus aksesuarus. Pridedamos 3 papildomos lentynos: tai dar vienas \u201eTetrix\u201c spintos privalumas. \u0160ios lentynos suteikia papildomos daikt\u0173 laikymo vietos ir, svarbiausia, jas galima visi\u0161kai reguliuoti. Galite jas pritaikyti pagal savo poreikius ir i\u0161traukti, kad sukurtum\u0117te daugiau vietos kabinti. Tai prakti\u0161kas sprendimas, leid\u017eiantis lanks\u010diai i\u0161naudoti spintos vid\u0173. Pilkas \u201eTetrix\u201c spintos vidus suteikia jai eleganti\u0161k\u0105 ir modern\u0173 poj\u016bt\u012f. Tai taip pat prakti\u0161ka, nes pilka spalva leid\u017eia geriau matyti spintos turin\u012f net ir prastai ap\u0161viestoje aplinkoje. Jei pilka n\u0117ra j\u016bs\u0173 m\u0117gstamiausia spalva arba norite ry\u0161kesnio sprendimo, galite rinktis kitos spalvos arba su veidrodiniais fasadais \u201eTetrix\u201c spint\u0105. Tai puikus pasirinkimas, norint priderinti baldus prie likusio interjero. \u201eTetrix\u201c kolekcijoje taip pat si\u016blomi kiti baldai, kuriuos galima derinti su \u0161ia spinta, kad miegamajame ar kitoje erdv\u0117je b\u016bt\u0173 sukurta darni i\u0161vaizda. Tai leid\u017eia m\u0117gautis gra\u017eiu ir funkcionaliu i\u0161d\u0117stymu, puikiai atitinkan\u010diu j\u016bs\u0173 poreikius. Verta investuoti \u012f baldus, kurie ne tik atrodo stilingai, bet ir yra prakti\u0161ki bei funkcional\u016bs. \u201eTetrix 183\u201c stumdoma spinta atitinka \u0161iuos kriterijus, si\u016blydama daug vietos daiktams susid\u0117ti ir stulbinant\u012f modern\u0173 dizain\u0105. Tegul j\u016bs\u0173 namai b\u016bna vieta, kur kiekvienas daiktas turi savo tobul\u0105 viet\u0105.<\/p>\n<p>Prek\u0117s kodas S442-SZF\/183-DSO\/BIP Simbolis ZM EAN Plotis 183 cm Gylis 60 cm Auk\u0161tis 195,5 cm Kolekcija Tetrix Spalva sonoma \u0105\u017euolas\/blizgi balta Gaubtas \u0161viesus medis Stilius modernus Dur\u0173 skai\u010dius 2 dur\u0173 Stal\u010di\u0173 skai\u010dius be stal\u010di\u0173 Rankena be ranken\u0117li\u0173 Gamintojas Juoda Raudona Balta Baldo tipas Spintos PVM 23% EAN 5906123607018<\/p>","protected":false},"excerpt":{"rendered":"<p>183 Tetrix stumdoma spinta \u2013 j\u016bs\u0173 daikt\u0173 laikymo vieta. \u0160iandieniniame pasaulyje, kai erdv\u0117 tampa vis vertingesn\u0117, tinkami daikt\u0173 laikymo sprendimai yra b\u016btini. 183 Tetrix stumdoma spinta yra puikus baldas, pad\u0117siantis sutvarkyti drabu\u017eius ir tekstil\u0119, tuo pa\u010diu suteikiant interjerui modernumo ir funkcionalumo. Savyb\u0117s: 2 stumdomos [\u2026]<\/p>","protected":false},"featured_media":267025,"comment_status":"open","ping_status":"open","template":"","meta":[],"product_brand":[],"product_cat":[9200,1177],"product_tag":[],"class_list":{"0":"post-267024","1":"product","2":"type-product","3":"status-publish","4":"has-post-thumbnail","6":"product_cat-black-red-white","7":"product_cat-wardrobes","9":"first","10":"instock","11":"purchasable","12":"product-type-simple"},"_links":{"self":[{"href":"https:\/\/baldumarket.lt\/lt\/wp-json\/wp\/v2\/product\/267024","targetHints":{"allow":["GET"]}}],"collection":[{"href":"https:\/\/baldumarket.lt\/lt\/wp-json\/wp\/v2\/product"}],"about":[{"href":"https:\/\/baldumarket.lt\/lt\/wp-json\/wp\/v2\/types\/product"}],"replies":[{"embeddable":true,"href":"https:\/\/baldumarket.lt\/lt\/wp-json\/wp\/v2\/comments?post=267024"}],"wp:featuredmedia":[{"embeddable":true,"href":"https:\/\/baldumarket.lt\/lt\/wp-json\/wp\/v2\/media\/267025"}],"wp:attachment":[{"href":"https:\/\/baldumarket.lt\/lt\/wp-json\/wp\/v2\/media?parent=267024"}],"wp:term":[{"taxonomy":"product_brand","embeddable":true,"href":"https:\/\/baldumarket.lt\/lt\/wp-json\/wp\/v2\/product_brand?post=267024"},{"taxonomy":"product_cat","embeddable":true,"href":"https:\/\/baldumarket.lt\/lt\/wp-json\/wp\/v2\/product_cat?post=267024"},{"taxonomy":"product_tag","embeddable":true,"href":"https:\/\/baldumarket.lt\/lt\/wp-json\/wp\/v2\/product_tag?post=267024"}],"curies":[{"name":"wp","href":"https:\/\/api.w.org\/{rel}","templated":true}]}}