{"id":266992,"date":"2026-01-14T00:31:52","date_gmt":"2026-01-13T21:31:52","guid":{"rendered":"https:\/\/baldumarket.lt\/product\/szafa-z-drzwiami-przesuwnymi-tetrix-153-cm-dab-wotan-bialy-polysk\/"},"modified":"2026-02-11T18:18:15","modified_gmt":"2026-02-11T15:18:15","slug":"szafa-z-drzwiami-przesuwnymi-tetrix-153-cm-dab-wotan-bialy-polysk","status":"publish","type":"product","link":"https:\/\/baldumarket.lt\/lt\/produktas\/szafa-z-drzwiami-przesuwnymi-tetrix-153-cm-dab-wotan-bialy-polysk\/","title":{"rendered":"TETRIX spinta su stumdomomis durimis, 153 cm, Wotan \u0105\u017euolas\/blizgi balta"},"content":{"rendered":"<p>153 Tetrix stumdoma spinta \u2013 puikus sprendimas daikt\u0173 laikymui. Spinta yra b\u016btinas kiekvieno miegamojo elementas, o moderni 153 Tetrix stumdoma spinta yra puikus sprendimas eleganti\u0161kai sutvarkyti drabu\u017eius ir tekstil\u0119. \u2013 Ji turi 2 stumdomus fasadus, kurie leid\u017eia lengvai atidaryti ir u\u017edaryti spint\u0105, taupant viet\u0105 kambaryje. \u2013 Spintos viduje yra 2 pakabos b\u0117geliai, leid\u017eiantys tvarkingai pakabinti drabu\u017eius. \u2013 Vir\u0161utin\u0117je spintos dalyje yra 2 gilios lentynos, idealiai tinkan\u010dios laikyti daiktus, kuriuos norite greitai pasiekti. \u2013 Be to, spintoje standarti\u0161kai yra 3 papildomos lentynos, kurias galima i\u0161traukti, kad b\u016bt\u0173 dar daugiau vietos pakaboms ar kitiems daiktams laikyti. \u2013 Spintos vidus apdailintas pilka drobe, kuri suteikia jai eleganti\u0161k\u0105 i\u0161vaizd\u0105. \u2013 Spinta yra \u012fvairi\u0173 spalv\u0173, \u012fskaitant su veidrodiniais fasadais, tod\u0117l galite j\u0105 pritaikyti prie savo stiliaus ir pageidavim\u0173. Derinkite \u0161i\u0105 spint\u0105 su kitais Tetrix kolekcijos baldais, kad sukurtum\u0117te gra\u017e\u0173 ir funkcional\u0173 miegam\u0105j\u012f, kuriame visi j\u016bs\u0173 daiktai bus tinkamai sutvarkyti.<\/p>\n<p>Prek\u0117s kodas S442-SZF\/153-DWO\/BIP Simbolis ZM EAN Plotis 153,5 cm Gylis 60 cm Auk\u0161tis 195,5 cm Kolekcija Tetrix Spalva wotan \u0105\u017euolas\/blizgi balta Gaubtas \u0161viesus medis Stilius modernus Dur\u0173 skai\u010dius 2 dur\u0173 Stal\u010di\u0173 skai\u010dius be stal\u010di\u0173 Rankena be ranken\u0117li\u0173 Gamintojas Juoda Raudona Balta Baldo tipas Spintos PVM 23% EAN 5906123606905<\/p>","protected":false},"excerpt":{"rendered":"<p>153 Tetrix stumdoma spinta \u2013 puikus sprendimas daiktams susid\u0117ti. Spinta yra b\u016btinas kiekvieno miegamojo elementas, o moderni 153 Tetrix stumdoma spinta yra puikus sprendimas eleganti\u0161kam drabu\u017ei\u0173 ir tekstil\u0117s gamini\u0173 i\u0161d\u0117stymui. \u2013 Ji turi 2 stumdomas fasadus, kurie leid\u017eia lengvai atidaryti ir u\u017edaryti spint\u0105, tuo pa\u010diu taupant [\u2026]<\/p>","protected":false},"featured_media":266993,"comment_status":"open","ping_status":"open","template":"","meta":[],"product_brand":[],"product_cat":[9200,1177],"product_tag":[],"class_list":{"0":"post-266992","1":"product","2":"type-product","3":"status-publish","4":"has-post-thumbnail","6":"product_cat-black-red-white","7":"product_cat-wardrobes","9":"first","10":"instock","11":"purchasable","12":"product-type-simple"},"_links":{"self":[{"href":"https:\/\/baldumarket.lt\/lt\/wp-json\/wp\/v2\/product\/266992","targetHints":{"allow":["GET"]}}],"collection":[{"href":"https:\/\/baldumarket.lt\/lt\/wp-json\/wp\/v2\/product"}],"about":[{"href":"https:\/\/baldumarket.lt\/lt\/wp-json\/wp\/v2\/types\/product"}],"replies":[{"embeddable":true,"href":"https:\/\/baldumarket.lt\/lt\/wp-json\/wp\/v2\/comments?post=266992"}],"wp:featuredmedia":[{"embeddable":true,"href":"https:\/\/baldumarket.lt\/lt\/wp-json\/wp\/v2\/media\/266993"}],"wp:attachment":[{"href":"https:\/\/baldumarket.lt\/lt\/wp-json\/wp\/v2\/media?parent=266992"}],"wp:term":[{"taxonomy":"product_brand","embeddable":true,"href":"https:\/\/baldumarket.lt\/lt\/wp-json\/wp\/v2\/product_brand?post=266992"},{"taxonomy":"product_cat","embeddable":true,"href":"https:\/\/baldumarket.lt\/lt\/wp-json\/wp\/v2\/product_cat?post=266992"},{"taxonomy":"product_tag","embeddable":true,"href":"https:\/\/baldumarket.lt\/lt\/wp-json\/wp\/v2\/product_tag?post=266992"}],"curies":[{"name":"wp","href":"https:\/\/api.w.org\/{rel}","templated":true}]}}