{"id":266949,"date":"2026-01-14T00:31:14","date_gmt":"2026-01-13T21:31:14","guid":{"rendered":"https:\/\/baldumarket.lt\/product\/szafa-z-drzwiami-przesuwnymi-i-lustrem-flex-220-cm-grafit-dab-wotan\/"},"modified":"2026-02-11T18:18:15","modified_gmt":"2026-02-11T15:18:15","slug":"szafa-z-drzwiami-przesuwnymi-i-lustrem-flex-220-cm-grafit-dab-wotan","status":"publish","type":"product","link":"https:\/\/baldumarket.lt\/lt\/produktas\/szafa-z-drzwiami-przesuwnymi-i-lustrem-flex-220-cm-grafit-dab-wotan\/","title":{"rendered":"Spinta su stumdomomis durimis ir veidrod\u017eiu FLEX 220 cm grafito spalvos\/wotan \u0105\u017euolo spalvos"},"content":{"rendered":"<p>\u201eFlex\u201c spinta \u2013 tobulas funkcionalumo ir stiliaus derinys. Didel\u0117 \u201eFlex\u201c spinta su stumdomomis durimis yra ne tik daikt\u0173 laikymo vieta, bet ir tikras \u0161edevras, kuris pagerins bet kurio kambario elegancij\u0105 ir funkcionalum\u0105. Nesvarbu, ar tai miegamasis, r\u016bbin\u0117, ar prie\u0161kambaris, tai ne tik prakti\u0161kas sprendimas, bet ir dizainerio akcentas. \u201eFlex\u201c spintos stumdomos durys yra ne tik prakti\u0161kos, bet ir dekoratyvios. Viena pus\u0117 atspindima, o kita \u2013 apdailinta unikaliu Wotano \u0105\u017euolo atspalviu, tod\u0117l jos sukuria unikal\u0173 derin\u012f. \u0160is sprendimas papildo tiek tradicin\u012f, tiek modern\u0173 interjero dizain\u0105. Be to, stumdomos durys taupo verting\u0105 viet\u0105, o tai labai svarbu ma\u017eesn\u0117se erdv\u0117se. Trys spintos pakabinimo b\u0117geliai yra puiki vieta laikyti drabu\u017eius, tokius kaip striuk\u0117s, kostiumai ir suknel\u0117s. Jie padeda i\u0161laikyti j\u016bs\u0173 drabu\u017eius nepriekai\u0161tingus ir be rauk\u0161li\u0173. Trys strypai taip pat suteikia jums laisv\u0119 pritaikyti savo spint\u0105 pagal savo poreikius. \u201eFlex\u201c spintos lentynos yra organizavimo rojus kitiems spintos daiktams. Dvi apatin\u0117s lentynos spintos viduryje puikiai tinka batams laikyti, sukuriant tvark\u0105 erdv\u0117je. Trys stal\u010diai, esantys spintos apa\u010dioje, suteikia prakti\u0161k\u0105 viet\u0105 laikyti smulkius daiktus, tokius kaip apatiniai drabu\u017eiai, kojin\u0117s ar aksesuarai. Stal\u010diai turi \u0161velniai u\u017esidaran\u010dias ir visi\u0161kai i\u0161traukiamas b\u0117geles, u\u017etikrinan\u010dias patog\u0173 naudojim\u0105 be nereikalingo triuk\u0161mo. \u201eFlex\u201c spinta yra ne tik prakti\u0161ka, bet ir suteikia \u0161ilt\u0105 bei jauk\u0173 stili\u0173 bet kokiam interjerui. D\u0117l universalaus dizaino ji puikiai tinka \u012fvairiems interjero stiliams, suteikia elegancijos ir harmonijos. Tai sprendimas tiems, kurie vertina tvark\u0105, estetik\u0105 ir auk\u0161t\u0105 kokyb\u0119. \u201eFlex\u201c spintos vidus \u2013 tai gerai apgalvota vieta j\u016bs\u0173 drabu\u017eiams ir aksesuarams, kur funkcionalumas dera su intriguojan\u010diu stiliumi. Tai ne tik palengvina kasdien\u012f j\u016bs\u0173 spintos naudojim\u0105, bet ir padaro j\u012f gra\u017eesn\u012f. \u201eFlex\u201c spinta \u2013 nes tvarka taip pat gali b\u016bti gra\u017ei.<\/p>\n<p>Prek\u0117s kodas F57-SZAFA_ZESTAW_136-GF\/DWO Simbolis ZM EAN Plotis 220,7 cm Gylis 66 cm Auk\u0161tis 240 cm Kolekcija \u201eFlex\u201c Spalva grafito\/wotano \u0105\u017euolo atspalvis tamsi mediena Stilius modernus Med\u017eiaga laminatas Dureli\u0173 skai\u010dius 2 dur\u0173 Stal\u010di\u0173 skai\u010dius 3 stal\u010diai Rankena be ranken\u0117li\u0173 Ap\u0161vietimas pasirenkamas Gamintojas Juoda Raudona Balta Baldo tipas Spintos PVM mokestis 23% EAN 5906123847780<\/p>","protected":false},"excerpt":{"rendered":"<p>\u201eFlex\u201c spinta \u2013 tobulas funkcionalumo ir stiliaus derinys. Didel\u0117 \u201eFlex\u201c spinta su stumdomomis durimis yra ne tik daikt\u0173 laikymo vieta, bet ir tikras \u0161edevras, kuris pagerins bet kurio kambario elegancij\u0105 ir funkcionalum\u0105. Nesvarbu, ar tai miegamasis, r\u016bbin\u0117 ar koridorius, tai ne tik prakti\u0161kas sprendimas, bet ir [\u2026]<\/p>","protected":false},"featured_media":266950,"comment_status":"open","ping_status":"open","template":"","meta":[],"product_brand":[],"product_cat":[9200,1177],"product_tag":[],"class_list":{"0":"post-266949","1":"product","2":"type-product","3":"status-publish","4":"has-post-thumbnail","6":"product_cat-black-red-white","7":"product_cat-wardrobes","9":"first","10":"instock","11":"purchasable","12":"product-type-simple"},"_links":{"self":[{"href":"https:\/\/baldumarket.lt\/lt\/wp-json\/wp\/v2\/product\/266949","targetHints":{"allow":["GET"]}}],"collection":[{"href":"https:\/\/baldumarket.lt\/lt\/wp-json\/wp\/v2\/product"}],"about":[{"href":"https:\/\/baldumarket.lt\/lt\/wp-json\/wp\/v2\/types\/product"}],"replies":[{"embeddable":true,"href":"https:\/\/baldumarket.lt\/lt\/wp-json\/wp\/v2\/comments?post=266949"}],"wp:featuredmedia":[{"embeddable":true,"href":"https:\/\/baldumarket.lt\/lt\/wp-json\/wp\/v2\/media\/266950"}],"wp:attachment":[{"href":"https:\/\/baldumarket.lt\/lt\/wp-json\/wp\/v2\/media?parent=266949"}],"wp:term":[{"taxonomy":"product_brand","embeddable":true,"href":"https:\/\/baldumarket.lt\/lt\/wp-json\/wp\/v2\/product_brand?post=266949"},{"taxonomy":"product_cat","embeddable":true,"href":"https:\/\/baldumarket.lt\/lt\/wp-json\/wp\/v2\/product_cat?post=266949"},{"taxonomy":"product_tag","embeddable":true,"href":"https:\/\/baldumarket.lt\/lt\/wp-json\/wp\/v2\/product_tag?post=266949"}],"curies":[{"name":"wp","href":"https:\/\/api.w.org\/{rel}","templated":true}]}}