{"id":266946,"date":"2026-01-14T00:31:12","date_gmt":"2026-01-13T21:31:12","guid":{"rendered":"https:\/\/baldumarket.lt\/product\/szafa-z-drzwiami-przesuwnymi-i-lustrem-flex-150-cm-grafit-dab-wotan\/"},"modified":"2026-02-11T18:18:15","modified_gmt":"2026-02-11T15:18:15","slug":"szafa-z-drzwiami-przesuwnymi-i-lustrem-flex-150-cm-grafit-dab-wotan","status":"publish","type":"product","link":"https:\/\/baldumarket.lt\/lt\/product\/szafa-z-drzwiami-przesuwnymi-i-lustrem-flex-150-cm-grafit-dab-wotan\/","title":{"rendered":"Spinta su stumdomomis durimis ir veidrod\u017eiu FLEX 150 cm grafito spalvos\/wotan \u0105\u017euolo spalvos"},"content":{"rendered":"<p>\u201eFlex\u201c spinta \u2013 eleganti\u0161kas funkcionalumas j\u016bs\u0173 interjere. \u201eFlex\u201c spinta \u2013 tai ne tik drabu\u017ei\u0173 laikymo sprendimas; tai tikras taikomojo meno k\u016brinys, kuris j\u016bs\u0173 namams suteiks ne tik tvarkos, bet ir stiliaus. Tai puikus sprendimas tiems, kurie nori derinti estetik\u0105 su prakti\u0161kumu, kurdami harmoning\u0105 interjer\u0105 miegamajame, prie\u0161kambaryje ar darbo kambaryje. \u201eFlex\u201c spintos stumdomos durys ne tik taupo viet\u0105, bet ir suteikia elegancijos judesyje. Tylus u\u017edarymas ir atidarymas paver\u010dia naudojim\u0105si ja grynu malonumu. Spintos priekin\u0119 dal\u012f viena pus\u0117 puo\u0161ia veidrodis, o kita \u2013 \u017eavinga \u201eWotan\u201c \u0105\u017euolo spalva. Spintos vidus apdailintas prakti\u0161ka ir esteti\u0161ka pilka drobe. Kair\u0117je spintos pus\u0117je \u2013 tikra apatini\u0173 drabu\u017ei\u0173 oaz\u0117. Penkiose lentynose telpa tvarkingai sulankstyti daiktai, tokie kaip d\u017einsai, mar\u0161kin\u0117liai, sportin\u0117s keln\u0117s ir megztiniai. Trys stal\u010diai skirti apatiniams drabu\u017eiams ir kojin\u0117ms laikyti. D\u0117l \u0161velniai u\u017esidaran\u010di\u0173 ir visi\u0161kai i\u0161traukiam\u0173 b\u0117geli\u0173 jais naudotis ne tik tylu, bet ir ne\u012ftik\u0117tinai patogu. De\u0161in\u0117je pus\u0117je yra pakabinimo b\u0117gelis, puikiai tinkantis pakabinti striukes, paltus ar mar\u0161kinius. Dviejose vir\u0161utin\u0117se pla\u010diose lentynose telpa patalyn\u0117, antklod\u0117s ar rank\u0161luos\u010diai. Apatin\u0117 erdv\u0117 puikiai tinka batams, kuprinei ar rankinei. \u201eFlex\u201c spintos vidus si\u016blo apgalvotus sprendimus j\u016bs\u0173 garderobui. Tur\u0117site erdv\u0119, kurioje gal\u0117site lengvai susitvarkyti ir grupuoti savo drabu\u017eius, sukurdami harmoning\u0105 vaizd\u0105. \u201eFlex\u201c spinta yra ne tik prakti\u0161kas baldas, bet ir eleganti\u0161kas papildymas, kuris skland\u017eiai der\u0117s tiek prie modernaus, tiek prie klasikinio interjero. Tegul funkcionalumas dera su estetika j\u016bs\u0173 namuose.<\/p>\n<p>Prek\u0117s kodas F57-SZAFA_ZESTAW_137-GF\/DWO Simbolis ZM EAN Plotis 150,7 cm Gylis 66 cm Auk\u0161tis 240 cm Kolekcija \u201eFlex\u201c Spalva grafito\/wotano \u0105\u017euolo atspalvis tamsi mediena Stilius modernus Med\u017eiaga laminatas Dureli\u0173 skai\u010dius 2 dur\u0173 Stal\u010di\u0173 skai\u010dius 3 stal\u010diai Rankena be ranken\u0117li\u0173 Ap\u0161vietimas pasirenkamas Gamintojas Juoda Raudona Balta Baldo tipas Spintos PVM mokestis 23% EAN 5906123847797<\/p>","protected":false},"excerpt":{"rendered":"<p>\u201eFlex\u201c spinta \u2013 eleganti\u0161kas funkcionalumas j\u016bs\u0173 interjere. \u201eFlex\u201c spinta \u2013 tai ne tik drabu\u017ei\u0173 laikymo sprendimas; tai tikras taikomojo meno k\u016brinys, kuris j\u016bs\u0173 namams suteiks ne tik tvarkos, bet ir stiliaus. Tai puikus sprendimas tiems, kurie nori derinti estetik\u0105 su prakti\u0161kumu, kurdami harmoning\u0105 interjer\u0105 [\u2026]<\/p>","protected":false},"featured_media":266947,"comment_status":"open","ping_status":"open","template":"","meta":[],"product_brand":[],"product_cat":[9200,1177],"product_tag":[],"class_list":{"0":"post-266946","1":"product","2":"type-product","3":"status-publish","4":"has-post-thumbnail","6":"product_cat-black-red-white","7":"product_cat-wardrobes","9":"first","10":"instock","11":"purchasable","12":"product-type-simple"},"_links":{"self":[{"href":"https:\/\/baldumarket.lt\/lt\/wp-json\/wp\/v2\/product\/266946","targetHints":{"allow":["GET"]}}],"collection":[{"href":"https:\/\/baldumarket.lt\/lt\/wp-json\/wp\/v2\/product"}],"about":[{"href":"https:\/\/baldumarket.lt\/lt\/wp-json\/wp\/v2\/types\/product"}],"replies":[{"embeddable":true,"href":"https:\/\/baldumarket.lt\/lt\/wp-json\/wp\/v2\/comments?post=266946"}],"wp:featuredmedia":[{"embeddable":true,"href":"https:\/\/baldumarket.lt\/lt\/wp-json\/wp\/v2\/media\/266947"}],"wp:attachment":[{"href":"https:\/\/baldumarket.lt\/lt\/wp-json\/wp\/v2\/media?parent=266946"}],"wp:term":[{"taxonomy":"product_brand","embeddable":true,"href":"https:\/\/baldumarket.lt\/lt\/wp-json\/wp\/v2\/product_brand?post=266946"},{"taxonomy":"product_cat","embeddable":true,"href":"https:\/\/baldumarket.lt\/lt\/wp-json\/wp\/v2\/product_cat?post=266946"},{"taxonomy":"product_tag","embeddable":true,"href":"https:\/\/baldumarket.lt\/lt\/wp-json\/wp\/v2\/product_tag?post=266946"}],"curies":[{"name":"wp","href":"https:\/\/api.w.org\/{rel}","templated":true}]}}