{"id":266940,"date":"2026-01-14T00:31:06","date_gmt":"2026-01-13T21:31:06","guid":{"rendered":"https:\/\/baldumarket.lt\/product\/szafa-z-drzwiami-przesuwnymi-i-lustrami-flex-200-cm-dab-sonoma-szary\/"},"modified":"2026-02-11T18:18:15","modified_gmt":"2026-02-11T15:18:15","slug":"szafa-z-drzwiami-przesuwnymi-i-lustrami-flex-200-cm-dab-sonoma-szary","status":"publish","type":"product","link":"https:\/\/baldumarket.lt\/lt\/produktas\/szafa-z-drzwiami-przesuwnymi-i-lustrami-flex-200-cm-dab-sonoma-szary\/","title":{"rendered":"FLEX spinta su stumdomomis durimis ir veidrod\u017eiais, 200 cm, Sonoma \u0105\u017euolas\/pilka"},"content":{"rendered":"<p>\u201eFlex\u201c spinta \u2013 unikalus stiliaus ir funkcionalumo derinys. J\u016bs\u0173 miegamasis yra atsipalaidavimo ir atsigavimo vieta, o \u201eFlex\u201c spinta yra puikus sprendimas, u\u017etikrinantis harmonij\u0105 jame ir erdv\u0117s organizavim\u0105. Atraskite, kaip eleganti\u0161kas dizainas ir patogus daikt\u0173 laikymo b\u016bdas dera \u0161iame i\u0161skirtiniame balde. \u0160i stumdoma spinta, kurios matmenys yra 200,7 x 240 x 66 cm, ne tik taupo erdv\u0119, bet ir suteikia elegancijos bei funkcionalumo visam miegamajam. \u0160viesi sonoma \u0105\u017euolo medienos spalva suteikia kambariui jaukumo, sukurdama tobul\u0105 fon\u0105 poilsiui. Spintos fasadai yra tikri meno k\u016briniai, kuriuose derinami dideli veidrodiniai pavir\u0161iai su sonoma \u0105\u017euolo mediena. Didelis veidrodis suteikia erdv\u0117s ir \u012f kambar\u012f \u012fleid\u017eia nat\u016bralios \u0161viesos. Sonoma \u0105\u017euolo durys suteikia \u0161ilumos ir ramyb\u0117s, sukurdamos tobul\u0105 aplink\u0105 j\u016bs\u0173 drabu\u017eiams. Spintos vidus sukurtas atsi\u017evelgiant \u012f maksimal\u0173 funkcionalum\u0105. De\u0161imt lentyn\u0173 leid\u017eia tvarkingai susid\u0117ti palaidines, megztinius ir nam\u0173 tekstil\u0119. Du pakabos b\u0117geliai yra puiki vieta mar\u0161kiniams ir striuk\u0117ms. Be to, i\u0161traukiama kelni\u0173 pakaba leid\u017eia lengvai palaikyti tvark\u0105. Trys stal\u010diai si\u016blo prakti\u0161k\u0105 sprendim\u0105 smulkiems drabu\u017ei\u0173 spintos daiktams ir aksesuarams. Rutuliniai guoliai leid\u017eia visi\u0161kai i\u0161traukti stal\u010dius, o \u0161velnaus u\u017edarymo funkcija leid\u017eia naudotis spinta nepaprastai maloniai. Durys su stabd\u017eiais u\u017etikrina \u0161veln\u0173 u\u017edarym\u0105 ir atidarym\u0105, taip padidindamos baldo ilgaam\u017ei\u0161kum\u0105. Spinta \u201eFlex\u201c \u2013 tai ne tik daikt\u0173 laikymo sprendimas, bet ir dekoratyvinis elementas, kuris tiks \u012fvairiems interjerams. Universalus dizainas tinka tiek klasikiniam, tiek moderniam interjerui, sukurdamas stiling\u0105 ir funkcionali\u0105 erdv\u0119.<\/p>\n<p>Prek\u0117s kodas F57-SZAFA_ZESTAW_98-DSO\/SZ Simbolis ZM EAN Plotis 200,7 cm Gylis 66 cm Auk\u0161tis 240 cm Kolekcija \u201eFlex\u201c Spalva sonoma \u0105\u017euolas\/pilka Gaubtas \u0161viesi mediena Stilius modernus Med\u017eiaga laminatas Dureli\u0173 skai\u010dius 2 dur\u0173 Stal\u010di\u0173 skai\u010dius 4 stal\u010diai Rankena be ranken\u0117li\u0173 Ap\u0161vietimas pasirenkamas Gamintojas Juoda Raudona Balta Baldo tipas Spintos PVM mokestis 23% EAN 5906123848497<\/p>","protected":false},"excerpt":{"rendered":"<p>Flex Wardrobe \u2013 A Unique Combination of Style and Functionality. Your bedroom is a place of relaxation and regeneration, and the Flex wardrobe is the perfect solution for ensuring harmony within it extends to space organization. Discover how elegant design and convenient storage combine in this extraordinary piece of furniture. With dimensions of 200.7 x [&hellip;]<\/p>","protected":false},"featured_media":266941,"comment_status":"open","ping_status":"open","template":"","meta":[],"product_brand":[],"product_cat":[9200,1177],"product_tag":[],"class_list":{"0":"post-266940","1":"product","2":"type-product","3":"status-publish","4":"has-post-thumbnail","6":"product_cat-black-red-white","7":"product_cat-wardrobes","9":"first","10":"instock","11":"purchasable","12":"product-type-simple"},"_links":{"self":[{"href":"https:\/\/baldumarket.lt\/lt\/wp-json\/wp\/v2\/product\/266940","targetHints":{"allow":["GET"]}}],"collection":[{"href":"https:\/\/baldumarket.lt\/lt\/wp-json\/wp\/v2\/product"}],"about":[{"href":"https:\/\/baldumarket.lt\/lt\/wp-json\/wp\/v2\/types\/product"}],"replies":[{"embeddable":true,"href":"https:\/\/baldumarket.lt\/lt\/wp-json\/wp\/v2\/comments?post=266940"}],"wp:featuredmedia":[{"embeddable":true,"href":"https:\/\/baldumarket.lt\/lt\/wp-json\/wp\/v2\/media\/266941"}],"wp:attachment":[{"href":"https:\/\/baldumarket.lt\/lt\/wp-json\/wp\/v2\/media?parent=266940"}],"wp:term":[{"taxonomy":"product_brand","embeddable":true,"href":"https:\/\/baldumarket.lt\/lt\/wp-json\/wp\/v2\/product_brand?post=266940"},{"taxonomy":"product_cat","embeddable":true,"href":"https:\/\/baldumarket.lt\/lt\/wp-json\/wp\/v2\/product_cat?post=266940"},{"taxonomy":"product_tag","embeddable":true,"href":"https:\/\/baldumarket.lt\/lt\/wp-json\/wp\/v2\/product_tag?post=266940"}],"curies":[{"name":"wp","href":"https:\/\/api.w.org\/{rel}","templated":true}]}}