{"id":266937,"date":"2026-01-14T00:31:04","date_gmt":"2026-01-13T21:31:04","guid":{"rendered":"https:\/\/baldumarket.lt\/product\/szafa-z-drzwiami-przesuwnymi-i-lustrami-flex-200-cm-bialy-szary\/"},"modified":"2026-02-11T18:18:16","modified_gmt":"2026-02-11T15:18:16","slug":"szafa-z-drzwiami-przesuwnymi-i-lustrami-flex-200-cm-bialy-szary","status":"publish","type":"product","link":"https:\/\/baldumarket.lt\/lt\/produktas\/szafa-z-drzwiami-przesuwnymi-i-lustrami-flex-200-cm-bialy-szary\/","title":{"rendered":"Spinta su stumdomomis durimis ir veidrod\u017eiais FLEX 200 cm balta\/pilka"},"content":{"rendered":"<p>\u201eFlex\u201c spinta \u2013 tvarkinga su elegancija. Jei svajojate apie didel\u0119 spint\u0105, kuri kartu suteikt\u0173 j\u016bs\u0173 erdvei elegancijos, \u201eFlex\u201c spinta yra puikus pasirinkimas. Jos stumdomi veidrodiniai fasadai ne tik suteikia funkcionalumo, bet ir vizualiai padidina kambar\u012f, sukurdami ry\u0161k\u0173 \u0161viesos atspind\u012f. Baltas spintos korpusas, derantis su veidrodiniais fasadais, paver\u010dia j\u0105 kambario traukos centru. 200,7 x 240 x 66 cm matmenys garantuoja, kad rasite vietos visiems savo drabu\u017eiams ir aksesuarams, i\u0161laikant estetin\u0119 tvark\u0105. \u201eFlex\u201c spinta si\u016blo daugiau nei tik veidrod\u012f ir daiktad\u0117\u017e\u0119; ji taip pat gali pasigirti i\u0161maniai suprojektuotu interjeru. De\u0161imt lentyn\u0173 leid\u017eia tvarkingai susid\u0117ti sulankstytus drabu\u017eius ir kitus tekstil\u0117s gaminius. Du pakabos b\u0117geliai skirti suknel\u0117ms, mar\u0161kiniams ir paltams. Trys stal\u010diai ir apatin\u0117 lentyna su stovu dar labiau supaprastina erdv\u0117s organizavim\u0105. Stal\u010di\u0173 b\u0117geliai su rutuliniais guoliais ir \u0161velnaus u\u017edarymo funkcija \u2013 tai detal\u0117s, kurios padidina naudotojo komfort\u0105. Dekoratyvin\u0117s stiklinimo juostos, juodas r\u0117mas aplink veidrod\u012f ir stumdom\u0173 dur\u0173 stabd\u017eiai suteikia spintai unikal\u0173 charakter\u012f. \u0160i spinta puikiai tiks moderniame, lofto ar industriniame interjere. Ji ne tik prakti\u0161ka, bet ir stilinga. Ji puikiai dera prie miegamojo interjero ir gali b\u016bti ry\u0161kus elementas prie\u0161kambaryje ar persirengimo kambaryje. \u201eFlex\u201c spinta \u2013 tvarkos ir elegancijos karalien\u0117 viename.<\/p>\n<p>Prek\u0117s kodas F57-SZAFA_ZESTAW_90-BI\/SZ Simbolis ZM EAN Plotis 200,7 cm Gylis 66 cm Auk\u0161tis 240 cm Kolekcija \u201eFlex\u201c Spalva balta\/pilka Atspalvis baltas Stilius modernus Med\u017eiaga laminatas Dureli\u0173 skai\u010dius 2 dur\u0173 Stal\u010di\u0173 skai\u010dius 3 stal\u010diai Rankena be ranken\u0117li\u0173 Ap\u0161vietimas pasirenkamas Gamintojas Juoda Raudona Balta Baldo tipas Spintos PVM 23% EAN 5906123848350<\/p>","protected":false},"excerpt":{"rendered":"<p>Flex Wardrobe \u2013 Order with Elegance. If you dream of a large wardrobe that also adds elegance to your space, the Flex wardrobe is the perfect choice. Its sliding mirrored fronts not only add functionality but also visually enlarge the room, creating a striking reflection of light. The wardrobe&#8217;s white body, in harmony with the [&hellip;]<\/p>","protected":false},"featured_media":266938,"comment_status":"open","ping_status":"open","template":"","meta":[],"product_brand":[],"product_cat":[9200,1177],"product_tag":[],"class_list":{"0":"post-266937","1":"product","2":"type-product","3":"status-publish","4":"has-post-thumbnail","6":"product_cat-black-red-white","7":"product_cat-wardrobes","9":"first","10":"instock","11":"purchasable","12":"product-type-simple"},"_links":{"self":[{"href":"https:\/\/baldumarket.lt\/lt\/wp-json\/wp\/v2\/product\/266937","targetHints":{"allow":["GET"]}}],"collection":[{"href":"https:\/\/baldumarket.lt\/lt\/wp-json\/wp\/v2\/product"}],"about":[{"href":"https:\/\/baldumarket.lt\/lt\/wp-json\/wp\/v2\/types\/product"}],"replies":[{"embeddable":true,"href":"https:\/\/baldumarket.lt\/lt\/wp-json\/wp\/v2\/comments?post=266937"}],"wp:featuredmedia":[{"embeddable":true,"href":"https:\/\/baldumarket.lt\/lt\/wp-json\/wp\/v2\/media\/266938"}],"wp:attachment":[{"href":"https:\/\/baldumarket.lt\/lt\/wp-json\/wp\/v2\/media?parent=266937"}],"wp:term":[{"taxonomy":"product_brand","embeddable":true,"href":"https:\/\/baldumarket.lt\/lt\/wp-json\/wp\/v2\/product_brand?post=266937"},{"taxonomy":"product_cat","embeddable":true,"href":"https:\/\/baldumarket.lt\/lt\/wp-json\/wp\/v2\/product_cat?post=266937"},{"taxonomy":"product_tag","embeddable":true,"href":"https:\/\/baldumarket.lt\/lt\/wp-json\/wp\/v2\/product_tag?post=266937"}],"curies":[{"name":"wp","href":"https:\/\/api.w.org\/{rel}","templated":true}]}}