{"id":266934,"date":"2026-01-14T00:31:01","date_gmt":"2026-01-13T21:31:01","guid":{"rendered":"https:\/\/baldumarket.lt\/product\/szafa-z-drzwiami-przesuwnymi-i-lustrami-flex-180-cm-grafit\/"},"modified":"2026-02-11T18:18:16","modified_gmt":"2026-02-11T15:18:16","slug":"szafa-z-drzwiami-przesuwnymi-i-lustrami-flex-180-cm-grafit","status":"publish","type":"product","link":"https:\/\/baldumarket.lt\/lt\/product\/szafa-z-drzwiami-przesuwnymi-i-lustrami-flex-180-cm-grafit\/","title":{"rendered":"Spinta su stumdomomis durimis ir veidrod\u017eiais FLEX 180 cm grafito spalvos"},"content":{"rendered":"<p>\u201eFlex\u201c spinta \u2013 pritaikyta j\u016bs\u0173 poreikiams. Svarstote, kaip suprojektuoti nedidel\u0119 erdv\u0119? O galb\u016bt norite, kad j\u016bs\u0173 miegamasis ar jaunimo kambarys b\u016bt\u0173 jaukesnis? Stilinga spinta su veidrodiniais fasadais yra sprendimas jums. Grafito spalvos r\u0117mai puikiai \u012fr\u0117mina didelius veidrodinius fasadus. \u0160i stumdom\u0173 dur\u0173 spinta turi pilno i\u0161traukimo stal\u010dius su \u0161velnaus u\u017edarymo sistema. Tod\u0117l ji puikiai tinka miegamiesiems, kur interjero dizainas yra b\u016btinas ramiai atmosferai ir patogiam miegui. Stumdom\u0173 dur\u0173 stabd\u017eiai yra komplekte. Jei j\u016bs\u0173 spintoje yra daug eleganti\u0161k\u0173 drabu\u017ei\u0173, kurie geriausiai atrodo ant pakab\u0173, stilinga \u201eFlex\u201c spinta yra puikus sprendimas. Pilkas lininis spintos vidus pabr\u0117\u017eia jos charakter\u012f. Du b\u0117geliai u\u017etikrina, kad visi j\u016bs\u0173 spintos daiktai b\u016bt\u0173 tvarkingai sud\u0117ti, tod\u0117l gal\u0117site lengvai visk\u0105 sutvarkyti.<\/p>\n<p>Prek\u0117s kodas F57-SZAFA_ZESTAW_176-GF\/SZ Plotis 180,7 cm Gylis 45 cm Auk\u0161tis 218 cm Kolekcija \u201eFlex\u201c Spalva grafito\/pilka Atspalvis grafito Stilius modernus Med\u017eiaga laminatas Dureli\u0173 skai\u010dius 2 dur\u0173 Stal\u010di\u0173 skai\u010dius 3 stal\u010diai Rankena be ranken\u0117li\u0173 Ap\u0161vietimas pasirenkamas Gamintojas Juoda Raudona Balta Baldo tipas Spintos PVM 23% EAN 5906123031028<\/p>","protected":false},"excerpt":{"rendered":"<p>\u201eFlex\u201c spinta \u2013 pritaikyta j\u016bs\u0173 poreikiams. Svarstote, kaip suprojektuoti nedidel\u0119 erdv\u0119? O galb\u016bt norite, kad j\u016bs\u0173 miegamasis ar jaunimo kambarys b\u016bt\u0173 jaukesnis? Stilinga spinta su veidrodiniais fasadais yra sprendimas jums. Grafito spalvos r\u0117mai puikiai \u012fr\u0117mina didelius veidrodinius fasadus. \u0160i stumdom\u0173 dur\u0173 spinta pasi\u017eymi pilno i\u0161traukimo [\u2026]<\/p>","protected":false},"featured_media":266935,"comment_status":"open","ping_status":"open","template":"","meta":[],"product_brand":[],"product_cat":[9200,1177],"product_tag":[],"class_list":{"0":"post-266934","1":"product","2":"type-product","3":"status-publish","4":"has-post-thumbnail","6":"product_cat-black-red-white","7":"product_cat-wardrobes","9":"first","10":"instock","11":"purchasable","12":"product-type-simple"},"_links":{"self":[{"href":"https:\/\/baldumarket.lt\/lt\/wp-json\/wp\/v2\/product\/266934","targetHints":{"allow":["GET"]}}],"collection":[{"href":"https:\/\/baldumarket.lt\/lt\/wp-json\/wp\/v2\/product"}],"about":[{"href":"https:\/\/baldumarket.lt\/lt\/wp-json\/wp\/v2\/types\/product"}],"replies":[{"embeddable":true,"href":"https:\/\/baldumarket.lt\/lt\/wp-json\/wp\/v2\/comments?post=266934"}],"wp:featuredmedia":[{"embeddable":true,"href":"https:\/\/baldumarket.lt\/lt\/wp-json\/wp\/v2\/media\/266935"}],"wp:attachment":[{"href":"https:\/\/baldumarket.lt\/lt\/wp-json\/wp\/v2\/media?parent=266934"}],"wp:term":[{"taxonomy":"product_brand","embeddable":true,"href":"https:\/\/baldumarket.lt\/lt\/wp-json\/wp\/v2\/product_brand?post=266934"},{"taxonomy":"product_cat","embeddable":true,"href":"https:\/\/baldumarket.lt\/lt\/wp-json\/wp\/v2\/product_cat?post=266934"},{"taxonomy":"product_tag","embeddable":true,"href":"https:\/\/baldumarket.lt\/lt\/wp-json\/wp\/v2\/product_tag?post=266934"}],"curies":[{"name":"wp","href":"https:\/\/api.w.org\/{rel}","templated":true}]}}