{"id":266931,"date":"2026-01-14T00:30:58","date_gmt":"2026-01-13T21:30:58","guid":{"rendered":"https:\/\/baldumarket.lt\/product\/szafa-z-drzwiami-przesuwnymi-i-lustrami-flex-150-cm-dab-sonoma-szary\/"},"modified":"2026-02-11T18:18:16","modified_gmt":"2026-02-11T15:18:16","slug":"szafa-z-drzwiami-przesuwnymi-i-lustrami-flex-150-cm-dab-sonoma-szary","status":"publish","type":"product","link":"https:\/\/baldumarket.lt\/lt\/product\/szafa-z-drzwiami-przesuwnymi-i-lustrami-flex-150-cm-dab-sonoma-szary\/","title":{"rendered":"FLEX spinta su stumdomomis durimis ir veidrod\u017eiais 150 cm, Sonoma \u0105\u017euolas\/pilka"},"content":{"rendered":"<p>\u201eFlex\u201c spinta \u2013 elegancijos ir funkcionalumo derinys miegamajame. Svajon\u0117 apie eleganti\u0161k\u0105 veidrodin\u0119 spint\u0105 su maloniu med\u017eio ra\u0161tu gali tapti realybe su \u201eFlex\u201c spinta. Atraskite, kaip kompakti\u0161ki matmenys dera su funkcionaliu interjeru, sukurdami bald\u0105, kuris pateisins j\u016bs\u0173 l\u016bkes\u010dius tiek estetikos, tiek prakti\u0161kumo po\u017ei\u016briu. \u0160i 150,7 x 240 x 66 cm dyd\u017eio spinta yra puikus sprendimas tiems, kurie nori \u012fsp\u016bdingo baldo, neu\u017eimdami daug vietos. \u0160io baldo dizainas apjungia veidrod\u012f, medin\u0119 konstrukcij\u0105 ir funkcionalias detales. Viena fasado dalis yra didelis veidrodis, kuris ne tik leid\u017eia lengviau patikrinti savo stili\u0173, bet ir vizualiai padidina erdv\u0119. \u0160is prakti\u0161kas ir dekoratyvus sprendimas suteikia kambariui modernumo. Kita dalis, apdailinta Sonoma \u0105\u017euolo atspalviu, suteikia interjerui \u0161ilumos ir nat\u016bralaus \u017eavesio. Spintos vidus \u2013 tai vieta, kur funkcionalumas dera su tvarka. Su 7 lentynomis, pakaba, 3 stal\u010diais ir apatine lentyna su stovu tur\u0117site puiki\u0105 viet\u0105 \u012fvairiems spintos daiktams laikyti. Stal\u010di\u0173 b\u0117geliai su rutuliniais guoliais leid\u017eia visi\u0161kai i\u0161traukti spint\u0105, o \u0161velnaus u\u017edarymo funkcija suteikia jai ne\u012ftik\u0117tino patogumo. \u201eFlex\u201c taip pat yra pasirinkimas tiems, kurie vertina estetik\u0105 ir prakti\u0161kum\u0105 viename. Medin\u0117 konstrukcija ir veidrodis papildo vienas kit\u0105, sukurdami harmoning\u0105 visum\u0105. Sonoma \u0105\u017euolo atspalvis suteikia interjerui jaukumo, o veidrodiniai fasadai \u2013 modernumo ir stiliaus. \u0160is baldas puikiai dera tiek prie modernaus, tiek prie klasikinio interjero.<\/p>\n<p>Prek\u0117s kodas F57-SZAFA_ZESTAW_99-DSO\/SZ Simbolis ZM EAN Plotis 150,7 cm Gylis 66 cm Auk\u0161tis 240 cm Kolekcija \u201eFlex\u201c Spalva sonoma \u0105\u017euolas\/pilka Gaubtas \u0161viesi mediena Stilius modernus Med\u017eiaga laminatas Dureli\u0173 skai\u010dius 2 dur\u0173 Stal\u010di\u0173 skai\u010dius 3 stal\u010diai Rankena be ranken\u0117li\u0173 Ap\u0161vietimas pasirenkamas Gamintojas Juoda Raudona Balta Baldo tipas Spintos PVM mokestis 23% EAN 5906123848503<\/p>","protected":false},"excerpt":{"rendered":"<p>\u201eFlex\u201c spinta \u2013 elegancijos ir funkcionalumo derinys miegamajame. Svajon\u0117 apie eleganti\u0161k\u0105 veidrodin\u0119 spint\u0105 su maloniu med\u017eio ra\u0161tu gali tapti realybe su \u201eFlex\u201c spinta. Atraskite, kaip kompakti\u0161ki matmenys dera su funkcionaliu interjeru, sukurdami bald\u0105, kuris pateisins j\u016bs\u0173 l\u016bkes\u010dius [\u2026]<\/p>","protected":false},"featured_media":266932,"comment_status":"open","ping_status":"open","template":"","meta":[],"product_brand":[],"product_cat":[9200,1177],"product_tag":[],"class_list":{"0":"post-266931","1":"product","2":"type-product","3":"status-publish","4":"has-post-thumbnail","6":"product_cat-black-red-white","7":"product_cat-wardrobes","9":"first","10":"instock","11":"purchasable","12":"product-type-simple"},"_links":{"self":[{"href":"https:\/\/baldumarket.lt\/lt\/wp-json\/wp\/v2\/product\/266931","targetHints":{"allow":["GET"]}}],"collection":[{"href":"https:\/\/baldumarket.lt\/lt\/wp-json\/wp\/v2\/product"}],"about":[{"href":"https:\/\/baldumarket.lt\/lt\/wp-json\/wp\/v2\/types\/product"}],"replies":[{"embeddable":true,"href":"https:\/\/baldumarket.lt\/lt\/wp-json\/wp\/v2\/comments?post=266931"}],"wp:featuredmedia":[{"embeddable":true,"href":"https:\/\/baldumarket.lt\/lt\/wp-json\/wp\/v2\/media\/266932"}],"wp:attachment":[{"href":"https:\/\/baldumarket.lt\/lt\/wp-json\/wp\/v2\/media?parent=266931"}],"wp:term":[{"taxonomy":"product_brand","embeddable":true,"href":"https:\/\/baldumarket.lt\/lt\/wp-json\/wp\/v2\/product_brand?post=266931"},{"taxonomy":"product_cat","embeddable":true,"href":"https:\/\/baldumarket.lt\/lt\/wp-json\/wp\/v2\/product_cat?post=266931"},{"taxonomy":"product_tag","embeddable":true,"href":"https:\/\/baldumarket.lt\/lt\/wp-json\/wp\/v2\/product_tag?post=266931"}],"curies":[{"name":"wp","href":"https:\/\/api.w.org\/{rel}","templated":true}]}}