{"id":266928,"date":"2026-01-14T00:30:56","date_gmt":"2026-01-13T21:30:56","guid":{"rendered":"https:\/\/baldumarket.lt\/product\/szafa-z-drzwiami-przesuwnymi-i-lustrami-flex-150-cm-bialy-szary\/"},"modified":"2026-02-11T18:18:16","modified_gmt":"2026-02-11T15:18:16","slug":"szafa-z-drzwiami-przesuwnymi-i-lustrami-flex-150-cm-bialy-szary","status":"publish","type":"product","link":"https:\/\/baldumarket.lt\/lt\/product\/szafa-z-drzwiami-przesuwnymi-i-lustrami-flex-150-cm-bialy-szary\/","title":{"rendered":"Spinta su stumdomomis durimis ir veidrod\u017eiais FLEX 150 cm balta\/pilka"},"content":{"rendered":"<p>\u201eFlex\u201c spinta \u2013 tvarkymui per veidrod\u012f. \u017dvilgsnis \u012f savo spint\u0105 gali b\u016bti malonus, ypa\u010d kai \u201eFlex\u201c spinta stovi u\u017e \u0161io intriguojan\u010dio fono. Jos veidrodiniai fasadai juodame r\u0117me yra ne tik prakti\u0161kos durys, bet ir dizaino elementas, suteikiantis charakterio visai erdvei. Baltas spintos korpusas veikia kaip neutralus fonas, ant kurio klesti veidrodiniai fasadai. Juodi r\u0117mai ir dekoratyvin\u0117s stiklinimo juostos suteikia spintai charakterio. Du veidrodiniai fasadai suteiks kambariui erdv\u0117s poj\u016bt\u012f ir suteiks jums galimyb\u0119 visapusi\u0161kai ap\u017ei\u016br\u0117ti savo mados kolekcij\u0105. Stumdomos durys yra prakti\u0161kas sprendimas, ypa\u010d siaurose patalpose, kur svarbus kiekvienas erdv\u0117s centimetras. Be to, dur\u0173 stabd\u017eiai u\u017etikrina, kad spintos atidarymas ir u\u017edarymas b\u016bt\u0173 sklandus ir tylus. Spintos vidus yra i\u0161skirtinis. Septynios lentynos ir pakabos b\u0117gelis suteikia daugyb\u0119 organizavimo galimybi\u0173. Trys stal\u010diai yra puiki vieta smulkiems aksesuarams ar spintos daiktams, kuriuos norite visada tur\u0117ti po ranka. Apatin\u0117 lentyna su stovu suteikia papildomo \u017eavesio. \u201eFlex\u201c spinta, kurios matmenys 150,7 x 240 x 66 cm, yra ne tik daiktad\u0117\u017e\u0117; Tai dizaino elementas, suteikiantis elegancijos ir funkcionalumo bet kokiam interjerui. Puikiai tinka tiek minimalizmo m\u0117g\u0117jams, tiek tiems, kurie vertina dizaineri\u0173 akcentus. Veidrodis tvarkymuisi \u2013 \u201eFlex\u201c spinta kiekvien\u0105 \u017evilgsn\u012f pavers malonumu.<\/p>\n<p>Prek\u0117s kodas F57-SZAFA_ZESTAW_91-BI\/SZ Simbolis ZM EAN Plotis 150,7 cm Gylis 66 cm Auk\u0161tis 240 cm Kolekcija \u201eFlex\u201c Spalva balta\/pilka Atspalvis baltas Stilius modernus Med\u017eiaga laminatas Dureli\u0173 skai\u010dius 2 dur\u0173 Stal\u010di\u0173 skai\u010dius 3 stal\u010diai Rankena be ranken\u0117li\u0173 Ap\u0161vietimas pasirenkamas Gamintojas Juoda Raudona Balta Baldo tipas Spintos PVM mokestis 23% EAN 5906123848367<\/p>","protected":false},"excerpt":{"rendered":"<p>\u201eFlex\u201c spinta \u2013 tvarkymui pro veidrod\u012f. \u017dvilgsnis \u012f savo spint\u0105 gali b\u016bti malonus, ypa\u010d kai \u201eFlex\u201c spinta stovi u\u017e \u0161io intriguojan\u010dio fono. Jos veidrodiniai fasadai juodame r\u0117me yra ne tik prakti\u0161kos durys, bet ir dizaino elementas, suteikiantis visai erdvei charakterio. Baltas spintos korpusas veikia [\u2026]<\/p>","protected":false},"featured_media":266929,"comment_status":"open","ping_status":"open","template":"","meta":[],"product_brand":[],"product_cat":[9200,1177],"product_tag":[],"class_list":{"0":"post-266928","1":"product","2":"type-product","3":"status-publish","4":"has-post-thumbnail","6":"product_cat-black-red-white","7":"product_cat-wardrobes","9":"first","10":"instock","11":"purchasable","12":"product-type-simple"},"_links":{"self":[{"href":"https:\/\/baldumarket.lt\/lt\/wp-json\/wp\/v2\/product\/266928","targetHints":{"allow":["GET"]}}],"collection":[{"href":"https:\/\/baldumarket.lt\/lt\/wp-json\/wp\/v2\/product"}],"about":[{"href":"https:\/\/baldumarket.lt\/lt\/wp-json\/wp\/v2\/types\/product"}],"replies":[{"embeddable":true,"href":"https:\/\/baldumarket.lt\/lt\/wp-json\/wp\/v2\/comments?post=266928"}],"wp:featuredmedia":[{"embeddable":true,"href":"https:\/\/baldumarket.lt\/lt\/wp-json\/wp\/v2\/media\/266929"}],"wp:attachment":[{"href":"https:\/\/baldumarket.lt\/lt\/wp-json\/wp\/v2\/media?parent=266928"}],"wp:term":[{"taxonomy":"product_brand","embeddable":true,"href":"https:\/\/baldumarket.lt\/lt\/wp-json\/wp\/v2\/product_brand?post=266928"},{"taxonomy":"product_cat","embeddable":true,"href":"https:\/\/baldumarket.lt\/lt\/wp-json\/wp\/v2\/product_cat?post=266928"},{"taxonomy":"product_tag","embeddable":true,"href":"https:\/\/baldumarket.lt\/lt\/wp-json\/wp\/v2\/product_tag?post=266928"}],"curies":[{"name":"wp","href":"https:\/\/api.w.org\/{rel}","templated":true}]}}