{"id":266925,"date":"2026-01-14T00:30:53","date_gmt":"2026-01-13T21:30:53","guid":{"rendered":"https:\/\/baldumarket.lt\/product\/szafa-z-drzwiami-przesuwnymi-i-lustrami-flex-120-cm-bialy-szary-2\/"},"modified":"2026-02-11T18:18:16","modified_gmt":"2026-02-11T15:18:16","slug":"szafa-z-drzwiami-przesuwnymi-i-lustrami-flex-120-cm-bialy-szary-2","status":"publish","type":"product","link":"https:\/\/baldumarket.lt\/lt\/product\/szafa-z-drzwiami-przesuwnymi-i-lustrami-flex-120-cm-bialy-szary-2\/","title":{"rendered":"Spinta su stumdomomis durimis ir veidrod\u017eiais FLEX 120 cm balta\/pilka"},"content":{"rendered":"<p>\u201eFlex\u201c spinta \u2013 dizainas veidrodyje. Jei svajojate apie kompakti\u0161k\u0105, bet stiling\u0105 spint\u0105, \u201eFlex\u201c su veidrodiniu priekiu yra puikus pasirinkimas. Balto r\u0117mo ir \u012fsp\u016bding\u0173 veidrodini\u0173 prieki\u0173 derinys yra ne tik prakti\u0161kas, bet ir dizainerio akcentas, kuris pagyvins bet kok\u012f interjer\u0105. Veidrod\u017eiai vizualiai i\u0161pl\u0117s erdv\u0119, suteikdami j\u016bs\u0173 kambariui nauj\u0105 dimensij\u0105. Juodi r\u0117mai ir horizontalios stiklinimo juostos suteikia spintai charakterio, sukurdamos subtil\u0173 kontrast\u0173 \u017eaism\u0105. Tai puikus papildymas lofto, industriniu ar moderniu stiliumi. Stumdomos durys yra prakti\u0161kas sprendimas, ypa\u010d ma\u017eose erdv\u0117se, kur svarbus kiekvienas centimetras. Dur\u0173 stabd\u017eiai u\u017etikrina skland\u0173 spintos atidarym\u0105 ir u\u017edarym\u0105 be nereikalingo triuk\u0161mo. Spintos vidus yra harmoninga ir tvarkinga erdv\u0117. Septynios lentynos ir pakabos b\u0117gelis suteikia daug vietos daiktams susid\u0117ti. Stal\u010dius yra puiki vieta smulkiems aksesuarams ar spintos daiktams, kuriuos norite visada tur\u0117ti po ranka. Apatin\u0117 lentyna su stovu suteikia spintai papildomo \u017eavesio. \u201eFlex\u201c spinta, kurios matmenys 120 x 240 x 45 cm, yra ne tik prakti\u0161kas baldas, bet ir ry\u0161kus interjero dizaino elementas. Puikiai tinka tiems, kurie vertina elegancij\u0105 ir funkcionalum\u0105. Dizainas veidrodyje \u2013 \u201eFlex\u201c spinta kiekvien\u0105 \u017evilgsn\u012f pavers susitikimu su j\u016bs\u0173 stiliumi.<\/p>\n<p>Prek\u0117s kodas F57-SZAFA_ZESTAW_92-BI\/SZ Simbolis ZM EAN Plotis 120 cm Gylis 45 cm Auk\u0161tis 240 cm Kolekcija \u201eFlex\u201c Spalva balta\/pilka Gaubtas baltas Stilius modernus Med\u017eiaga laminatas Dureli\u0173 skai\u010dius 2 dur\u0173 Stal\u010di\u0173 skai\u010dius 1 stal\u010dius Rankena be ranken\u0117li\u0173 Ap\u0161vietimas pasirenkamas Gamintojas Juoda Raudona Balta Baldo tipas Spintos PVM mokestis 23% EAN 5906123848381<\/p>","protected":false},"excerpt":{"rendered":"<p>\u201eFlex\u201c spinta \u2013 dizainas veidrodyje. Jei svajojate apie kompakti\u0161k\u0105, bet stiling\u0105 spint\u0105, \u201eFlex\u201c su veidrodiniu priekiu yra kaip tik jums. Balto r\u0117mo ir \u012fsp\u016bding\u0173 veidrodini\u0173 prieki\u0173 derinys yra ne tik prakti\u0161kas, bet ir dizainerio akcentas, kuris pagyvins bet kok\u012f interjer\u0105. Veidrod\u017eiai vizualiai i\u0161pl\u0117s [\u2026]<\/p>","protected":false},"featured_media":266926,"comment_status":"open","ping_status":"open","template":"","meta":[],"product_brand":[],"product_cat":[9200,1177],"product_tag":[],"class_list":{"0":"post-266925","1":"product","2":"type-product","3":"status-publish","4":"has-post-thumbnail","6":"product_cat-black-red-white","7":"product_cat-wardrobes","9":"first","10":"instock","11":"purchasable","12":"product-type-simple"},"_links":{"self":[{"href":"https:\/\/baldumarket.lt\/lt\/wp-json\/wp\/v2\/product\/266925","targetHints":{"allow":["GET"]}}],"collection":[{"href":"https:\/\/baldumarket.lt\/lt\/wp-json\/wp\/v2\/product"}],"about":[{"href":"https:\/\/baldumarket.lt\/lt\/wp-json\/wp\/v2\/types\/product"}],"replies":[{"embeddable":true,"href":"https:\/\/baldumarket.lt\/lt\/wp-json\/wp\/v2\/comments?post=266925"}],"wp:featuredmedia":[{"embeddable":true,"href":"https:\/\/baldumarket.lt\/lt\/wp-json\/wp\/v2\/media\/266926"}],"wp:attachment":[{"href":"https:\/\/baldumarket.lt\/lt\/wp-json\/wp\/v2\/media?parent=266925"}],"wp:term":[{"taxonomy":"product_brand","embeddable":true,"href":"https:\/\/baldumarket.lt\/lt\/wp-json\/wp\/v2\/product_brand?post=266925"},{"taxonomy":"product_cat","embeddable":true,"href":"https:\/\/baldumarket.lt\/lt\/wp-json\/wp\/v2\/product_cat?post=266925"},{"taxonomy":"product_tag","embeddable":true,"href":"https:\/\/baldumarket.lt\/lt\/wp-json\/wp\/v2\/product_tag?post=266925"}],"curies":[{"name":"wp","href":"https:\/\/api.w.org\/{rel}","templated":true}]}}