{"id":266919,"date":"2026-01-14T00:30:47","date_gmt":"2026-01-13T21:30:47","guid":{"rendered":"https:\/\/baldumarket.lt\/product\/szafa-z-drzwiami-przesuwnymi-flex-220-cm-grafit-czarny-polysk\/"},"modified":"2026-02-11T18:18:16","modified_gmt":"2026-02-11T15:18:16","slug":"szafa-z-drzwiami-przesuwnymi-flex-220-cm-grafit-czarny-polysk","status":"publish","type":"product","link":"https:\/\/baldumarket.lt\/lt\/product\/szafa-z-drzwiami-przesuwnymi-flex-220-cm-grafit-czarny-polysk\/","title":{"rendered":"FLEX spinta su stumdomomis durimis, 220 cm, grafito spalvos\/blizgios juodos spalvos"},"content":{"rendered":"<p>Drabu\u017ein\u0117 \u201eFlex\u201c \u2013 tikras funkcionalumo sand\u0117lis. \u012esp\u016bdingi jos matmenys (220,7 x 240 x 66 cm) vilioja moderniu stiliumi ir paprastu naudojimu. Spintos juodos blizgios durel\u0117s eleganti\u0161kai stumdomos, suteikdamos prieig\u0105 prie 14 lentyn\u0173, 2 pakabinimo b\u0117geli\u0173 ir 3 stal\u010di\u0173. Stal\u010diai, pritvirtinti prie \u0161velniai u\u017esidaran\u010di\u0173 ir visi\u0161kai i\u0161traukiam\u0173 b\u0117geli\u0173, u\u017etikrina tyl\u0173 jud\u0117jim\u0105 spintoje. Tai ypa\u010d svarbu miegamajame, kur triuk\u0161mas gali b\u016bti nepageidaujamas. Spintos \u201eFlex\u201c vidus sukurtas atsi\u017evelgiant \u012f patogum\u0105. Vir\u0161uje esantys pakabinimo b\u0117geliai idealiai tinka mar\u0161kiniams ar striuk\u0117ms, tod\u0117l nereikia j\u0173 lyginti. Vir\u0161utin\u0117s lentynos yra oaz\u0117 patalynei, rank\u0161luos\u010diams ir re\u010diau naudojamiems drabu\u017eiams. De\u0161in\u0117je pus\u0117je yra vietos sulankstytiems apatiniams ir megztiniams, o apatiniai stal\u010diai \u2013 tai prieglobstis apatiniams ir kojin\u0117ms. Spintos \u201eFlex\u201c vidus ir aksesuarai aptraukti prakti\u0161ka pilka drobe, suteikian\u010dia elegancijos. Spinta \u201eFlex\u201c yra ne tik prakti\u0161ka drabu\u017ei\u0173 vieta, bet ir stilingas bet kurio miegamojo centrinis elementas. \u010cia funkcionalumas ir dizainas dera tarpusavyje.<\/p>\n<p>Prek\u0117s kodas F57-SZAFA_ZESTAW_126-GF\/CAP Simbolis ZM EAN Plotis 220,7 cm Gylis 66 cm Auk\u0161tis 240 cm Kolekcija \u201eFlex\u201c Spalva grafito\/blizgi juoda Juodas atspalvis Stilius modernus Med\u017eiaga laminatas Dureli\u0173 skai\u010dius 4 dur\u0173 Stal\u010di\u0173 skai\u010dius 3 stal\u010diai Rankena be ranken\u0117li\u0173 Ap\u0161vietimas pasirenkamas Gamintojas Juoda Raudona Balta Baldo tipas Spintos PVM 23% EAN 5906123847650<\/p>","protected":false},"excerpt":{"rendered":"<p>Drabu\u017ein\u0117 \u201eFlex\u201c \u2013 tikras funkcionalumo sand\u0117lis. \u012esp\u016bdingi jos matmenys (220,7 x 240 x 66 cm) vilioja moderniu stiliumi ir naudojimo paprastumu. Juodai blizgios spintos durys stumdomos eleganti\u0161kai, suteikdamos prieig\u0105 prie 14 lentyn\u0173, 2 pakabinimo b\u0117geli\u0173 ir 3 stal\u010di\u0173. Stal\u010diai, sumontuoti ant \u0161velniai u\u017esidaran\u010di\u0173 ir visi\u0161kai i\u0161traukiam\u0173 b\u0117geli\u0173, u\u017etikrina, kad judantys [\u2026]<\/p>","protected":false},"featured_media":266920,"comment_status":"open","ping_status":"open","template":"","meta":[],"product_brand":[],"product_cat":[9200,1177],"product_tag":[],"class_list":{"0":"post-266919","1":"product","2":"type-product","3":"status-publish","4":"has-post-thumbnail","6":"product_cat-black-red-white","7":"product_cat-wardrobes","9":"first","10":"instock","11":"purchasable","12":"product-type-simple"},"_links":{"self":[{"href":"https:\/\/baldumarket.lt\/lt\/wp-json\/wp\/v2\/product\/266919","targetHints":{"allow":["GET"]}}],"collection":[{"href":"https:\/\/baldumarket.lt\/lt\/wp-json\/wp\/v2\/product"}],"about":[{"href":"https:\/\/baldumarket.lt\/lt\/wp-json\/wp\/v2\/types\/product"}],"replies":[{"embeddable":true,"href":"https:\/\/baldumarket.lt\/lt\/wp-json\/wp\/v2\/comments?post=266919"}],"wp:featuredmedia":[{"embeddable":true,"href":"https:\/\/baldumarket.lt\/lt\/wp-json\/wp\/v2\/media\/266920"}],"wp:attachment":[{"href":"https:\/\/baldumarket.lt\/lt\/wp-json\/wp\/v2\/media?parent=266919"}],"wp:term":[{"taxonomy":"product_brand","embeddable":true,"href":"https:\/\/baldumarket.lt\/lt\/wp-json\/wp\/v2\/product_brand?post=266919"},{"taxonomy":"product_cat","embeddable":true,"href":"https:\/\/baldumarket.lt\/lt\/wp-json\/wp\/v2\/product_cat?post=266919"},{"taxonomy":"product_tag","embeddable":true,"href":"https:\/\/baldumarket.lt\/lt\/wp-json\/wp\/v2\/product_tag?post=266919"}],"curies":[{"name":"wp","href":"https:\/\/api.w.org\/{rel}","templated":true}]}}